{"id":77219,"date":"2017-01-22T13:29:59","date_gmt":"2026-01-16T16:02:58","guid":{"rendered":"https:\/\/casacolliregas.cat\/producte\/visitas-guiadas-sabados-y-domingos\/"},"modified":"2026-04-02T11:29:10","modified_gmt":"2026-04-02T09:29:10","slug":"visitas-guiadas-sabados-y-domingos","status":"publish","type":"product","link":"https:\/\/casacolliregas.cat\/es\/producte\/visitas-guiadas-sabados-y-domingos\/","title":{"rendered":"Visitas guiadas (s\u00e1bados y domingos)"},"content":{"rendered":"<ol>\n<li><em><strong>Con esta visita descubrir\u00e1 la importancia de la Casa Coll i Reg\u00e0s. La casa fue un encargo del industrial textil Joaquim Coll i Reg\u00e0s al arquitecto mataronense Josep Puig i Cadafalch. <\/strong><\/em><\/li>\n<\/ol>\n<p><!--more--><\/p>\n<p>Durante la revoluci\u00f3n industrial (1832-1935) las ciudades se transformaron. Las familias m\u00e1s ricas y acomodadas, la burgues\u00eda, impuls\u00f3 un nuevo estilo de arquitectura, el modernismo.<\/p>\n<p>La Casa Coll i Reg\u00e0s es un buen ejemplo del modernismo y de c\u00f3mo se transformaron las ciudades.<\/p>\n<p>Es una obra de arte que combina la innovaci\u00f3n con t\u00e9cnicas y artes m\u00e1s tradicionales. Tambi\u00e9n es un buen ejemplo de arquitectura higienista, un movimiento que aplicaba distintas soluciones para que los edificios fueran m\u00e1s saludables.<\/p>\n<p>La visita guiada incluye la planta principal y la terraza-jard\u00edn, donde terminaremos la visita con un caf\u00e9.<\/p>\n<p><strong>Visitas en catal\u00e1n<\/strong> s\u00e1bados y domingos<br \/>\n<strong>Visitas en castellano<\/strong> primer s\u00e1bado de mes<br \/>\n<strong>Fechas no disponibles: <\/strong>domingo 12 de abril y domingo 10 de mayo porque se programa la experiencia <a href=\"https:\/\/casacolliregas.cat\/producte\/la-casa-coll-i-regas-amb-vermut-modernista-diumenges-alterns\/\">Visita con vermut modernista<\/a><\/p>\n","protected":false},"excerpt":{"rendered":"<p>Con esta visita descubrir\u00e1 la importancia de la Casa Coll i Reg\u00e0s. La casa fue un encargo del industrial textil Joaquim Coll i Reg\u00e0s al arquitecto mataronense Josep Puig i Cadafalch.<\/p>\n","protected":false},"featured_media":60888,"template":"","meta":{"_acf_changed":false},"product_brand":[],"product_cat":[25],"product_tag":[63,64,65,66,67,43,42,68,40,69,41,255],"class_list":{"0":"post-77219","1":"product","2":"type-product","3":"status-publish","4":"has-post-thumbnail","6":"product_cat-visita-es","7":"product_tag-arquitectura-es","8":"product_tag-art-es","9":"product_tag-artnouveau-es","10":"product_tag-barcelona-es","11":"product_tag-catalunya-es","12":"product_tag-cultura-es","13":"product_tag-mataro-es","14":"product_tag-modernism-es","15":"product_tag-modernisme-es","16":"product_tag-modernismo-es","17":"product_tag-puig-i-cadafalch-es","18":"product_tag-visita-es","19":"entry","20":"has-media","22":"first","23":"instock","24":"virtual","25":"sold-individually","26":"purchasable","27":"product-type-booking"},"booking_location":"","booking_location_type":"","booking_duration":1,"booking_duration_unit":"hour","booking_buffer":0,"booking_cost":0,"booking_resources":[],"acf":[],"yoast_head":"<!-- This site is optimized with the Yoast SEO plugin v26.8 - https:\/\/yoast.com\/product\/yoast-seo-wordpress\/ -->\n<title>Visitas guiadas (s\u00e1bados y domingos) - Casa Coll i Reg\u00e0s<\/title>\n<meta name=\"description\" content=\"Ven a descubrir la joya del Modernismo de Matar\u00f3, proyecto del arquitecto Mataron\u00ed Josep Puig i Cadafalch por encargo del industrial textil Joaquim Coll i Reg\u00e0s\" \/>\n<meta name=\"robots\" content=\"index, follow, max-snippet:-1, max-image-preview:large, max-video-preview:-1\" \/>\n<link rel=\"canonical\" href=\"https:\/\/casacolliregas.cat\/es\/producte\/visitas-guiadas-sabados-y-domingos\/\" \/>\n<meta property=\"og:locale\" content=\"es_ES\" \/>\n<meta property=\"og:type\" content=\"article\" \/>\n<meta property=\"og:title\" content=\"Visitas guiadas (s\u00e1bados y domingos) - Casa Coll i Reg\u00e0s\" \/>\n<meta property=\"og:description\" content=\"Ven a descubrir la joya del Modernismo de Matar\u00f3, proyecto del arquitecto Mataron\u00ed Josep Puig i Cadafalch por encargo del industrial textil Joaquim Coll i Reg\u00e0s\" \/>\n<meta property=\"og:url\" content=\"https:\/\/casacolliregas.cat\/es\/producte\/visitas-guiadas-sabados-y-domingos\/\" \/>\n<meta property=\"og:site_name\" content=\"Casa Coll i Reg\u00e0s\" \/>\n<meta property=\"article:publisher\" content=\"https:\/\/www.facebook.com\/casacolliregas\/\" \/>\n<meta property=\"article:modified_time\" content=\"2026-04-02T09:29:10+00:00\" \/>\n<meta property=\"og:image\" content=\"https:\/\/casacolliregas.cat\/wp-content\/uploads\/2017\/01\/MG_9508-scaled.jpg\" \/>\n\t<meta property=\"og:image:width\" content=\"2560\" \/>\n\t<meta property=\"og:image:height\" content=\"1707\" \/>\n\t<meta property=\"og:image:type\" content=\"image\/jpeg\" \/>\n<meta name=\"twitter:card\" content=\"summary_large_image\" \/>\n<meta name=\"twitter:site\" content=\"@casacolliregas\" \/>\n<meta name=\"twitter:label1\" content=\"Tiempo de lectura\" \/>\n\t<meta name=\"twitter:data1\" content=\"2 minutos\" \/>\n<!-- \/ Yoast SEO plugin. -->","yoast_head_json":{"title":"Visitas guiadas (s\u00e1bados y domingos) - Casa Coll i Reg\u00e0s","description":"Ven a descubrir la joya del Modernismo de Matar\u00f3, proyecto del arquitecto Mataron\u00ed Josep Puig i Cadafalch por encargo del industrial textil Joaquim Coll i Reg\u00e0s","robots":{"index":"index","follow":"follow","max-snippet":"max-snippet:-1","max-image-preview":"max-image-preview:large","max-video-preview":"max-video-preview:-1"},"canonical":"https:\/\/casacolliregas.cat\/es\/producte\/visitas-guiadas-sabados-y-domingos\/","og_locale":"es_ES","og_type":"article","og_title":"Visitas guiadas (s\u00e1bados y domingos) - Casa Coll i Reg\u00e0s","og_description":"Ven a descubrir la joya del Modernismo de Matar\u00f3, proyecto del arquitecto Mataron\u00ed Josep Puig i Cadafalch por encargo del industrial textil Joaquim Coll i Reg\u00e0s","og_url":"https:\/\/casacolliregas.cat\/es\/producte\/visitas-guiadas-sabados-y-domingos\/","og_site_name":"Casa Coll i Reg\u00e0s","article_publisher":"https:\/\/www.facebook.com\/casacolliregas\/","article_modified_time":"2026-04-02T09:29:10+00:00","og_image":[{"width":2560,"height":1707,"url":"https:\/\/casacolliregas.cat\/wp-content\/uploads\/2017\/01\/MG_9508-scaled.jpg","type":"image\/jpeg"}],"twitter_card":"summary_large_image","twitter_site":"@casacolliregas","twitter_misc":{"Tiempo de lectura":"2 minutos"},"schema":{"@context":"https:\/\/schema.org","@graph":[{"@type":"WebPage","@id":"https:\/\/casacolliregas.cat\/es\/producte\/visitas-guiadas-sabados-y-domingos\/","url":"https:\/\/casacolliregas.cat\/es\/producte\/visitas-guiadas-sabados-y-domingos\/","name":"Visitas guiadas (s\u00e1bados y domingos) - Casa Coll i Reg\u00e0s","isPartOf":{"@id":"https:\/\/casacolliregas.cat\/#website"},"primaryImageOfPage":{"@id":"https:\/\/casacolliregas.cat\/es\/producte\/visitas-guiadas-sabados-y-domingos\/#primaryimage"},"image":{"@id":"https:\/\/casacolliregas.cat\/es\/producte\/visitas-guiadas-sabados-y-domingos\/#primaryimage"},"thumbnailUrl":"https:\/\/casacolliregas.cat\/wp-content\/uploads\/2017\/01\/MG_9508-scaled.jpg","datePublished":"2026-01-16T16:02:58+00:00","dateModified":"2026-04-02T09:29:10+00:00","description":"Ven a descubrir la joya del Modernismo de Matar\u00f3, proyecto del arquitecto Mataron\u00ed Josep Puig i Cadafalch por encargo del industrial textil Joaquim Coll i Reg\u00e0s","breadcrumb":{"@id":"https:\/\/casacolliregas.cat\/es\/producte\/visitas-guiadas-sabados-y-domingos\/#breadcrumb"},"inLanguage":"es","potentialAction":[{"@type":"ReadAction","target":["https:\/\/casacolliregas.cat\/es\/producte\/visitas-guiadas-sabados-y-domingos\/"]}]},{"@type":"ImageObject","inLanguage":"es","@id":"https:\/\/casacolliregas.cat\/es\/producte\/visitas-guiadas-sabados-y-domingos\/#primaryimage","url":"https:\/\/casacolliregas.cat\/wp-content\/uploads\/2017\/01\/MG_9508-scaled.jpg","contentUrl":"https:\/\/casacolliregas.cat\/wp-content\/uploads\/2017\/01\/MG_9508-scaled.jpg","width":2560,"height":1707},{"@type":"BreadcrumbList","@id":"https:\/\/casacolliregas.cat\/es\/producte\/visitas-guiadas-sabados-y-domingos\/#breadcrumb","itemListElement":[{"@type":"ListItem","position":1,"name":"Inici","item":"https:\/\/casacolliregas.cat\/es\/"},{"@type":"ListItem","position":2,"name":"VISITAS GUIADAS Y ACTIVIDADES","item":"https:\/\/casacolliregas.cat\/es\/entradas\/"},{"@type":"ListItem","position":3,"name":"Visitas guiadas (s\u00e1bados y domingos)"}]},{"@type":"WebSite","@id":"https:\/\/casacolliregas.cat\/#website","url":"https:\/\/casacolliregas.cat\/","name":"Casa Coll i Reg\u00e0s","description":"","publisher":{"@id":"https:\/\/casacolliregas.cat\/#organization"},"potentialAction":[{"@type":"SearchAction","target":{"@type":"EntryPoint","urlTemplate":"https:\/\/casacolliregas.cat\/?s={search_term_string}"},"query-input":{"@type":"PropertyValueSpecification","valueRequired":true,"valueName":"search_term_string"}}],"inLanguage":"es"},{"@type":"Organization","@id":"https:\/\/casacolliregas.cat\/#organization","name":"Casa Coll i Reg\u00e0s","url":"https:\/\/casacolliregas.cat\/","logo":{"@type":"ImageObject","inLanguage":"es","@id":"https:\/\/casacolliregas.cat\/#\/schema\/logo\/image\/","url":"https:\/\/casacolliregas.cat\/wp-content\/uploads\/2017\/09\/logo-casa-coll-i-regas.jpg","contentUrl":"https:\/\/casacolliregas.cat\/wp-content\/uploads\/2017\/09\/logo-casa-coll-i-regas.jpg","width":190,"height":125,"caption":"Casa Coll i Reg\u00e0s"},"image":{"@id":"https:\/\/casacolliregas.cat\/#\/schema\/logo\/image\/"},"sameAs":["https:\/\/www.facebook.com\/casacolliregas\/","https:\/\/x.com\/casacolliregas","https:\/\/instagram.com\/casacolliregas","https:\/\/ca.wikipedia.org\/wiki\/Casa_Coll_i_Reg\u00e0s"]}]}},"_links":{"self":[{"href":"https:\/\/casacolliregas.cat\/es\/wp-json\/wp\/v2\/product\/77219","targetHints":{"allow":["GET"]}}],"collection":[{"href":"https:\/\/casacolliregas.cat\/es\/wp-json\/wp\/v2\/product"}],"about":[{"href":"https:\/\/casacolliregas.cat\/es\/wp-json\/wp\/v2\/types\/product"}],"wp:featuredmedia":[{"embeddable":true,"href":"https:\/\/casacolliregas.cat\/es\/wp-json\/wp\/v2\/media\/60888"}],"wp:attachment":[{"href":"https:\/\/casacolliregas.cat\/es\/wp-json\/wp\/v2\/media?parent=77219"}],"wp:term":[{"taxonomy":"product_brand","embeddable":true,"href":"https:\/\/casacolliregas.cat\/es\/wp-json\/wp\/v2\/product_brand?post=77219"},{"taxonomy":"product_cat","embeddable":true,"href":"https:\/\/casacolliregas.cat\/es\/wp-json\/wp\/v2\/product_cat?post=77219"},{"taxonomy":"product_tag","embeddable":true,"href":"https:\/\/casacolliregas.cat\/es\/wp-json\/wp\/v2\/product_tag?post=77219"}],"curies":[{"name":"wp","href":"https:\/\/api.w.org\/{rel}","templated":true}]}}