{"id":77192,"date":"2026-01-16T08:56:40","date_gmt":"2026-01-16T07:56:40","guid":{"rendered":"https:\/\/casacolliregas.cat\/?post_type=product&#038;p=77192"},"modified":"2026-01-30T09:04:18","modified_gmt":"2026-01-30T08:04:18","slug":"catas-modernistas-primer-viernes-de-cada-mes-copia","status":"publish","type":"product","link":"https:\/\/casacolliregas.cat\/es\/producte\/catas-modernistas-primer-viernes-de-cada-mes-copia\/","title":{"rendered":"Experiencia Puig i Cadafalch en la Casa Coll i Reg\u00e0s"},"content":{"rendered":"<h2>Experiencia Puig i Cadafalch en la Casa Coll i Reg\u00e0s<\/h2>\n<p><strong>\u00a1Arquitectura, alta gastronom\u00eda, cultura y entretenimiento!<\/strong><\/p>\n<p>Visita nocturna guiada a la CASA COLL I REG\u00c0S para conocer la vida y obra de PUIG I CADAFALCH (arquitecto, pol\u00edtico, historiador de arte\u2026) disfrutando de las diversas t\u00e9cnicas y oficios que el arquitecto aplic\u00f3.<\/p>\n<p>Siguiendo con una experiencia visual y una cena de alta gastronom\u00eda (aperitivo, entrante, plato principal y postre), donde cada plato tiene una vinculaci\u00f3n con la vida de Puig i Cadafalch y el modernismo. Todo guiado por un maestro de ceremonia especializado, que explica y entretiene el acto.<\/p>\n<p>Acabando con un caf\u00e9 en uno de los espacios m\u00e1s emblem\u00e1ticos de la Casa.<\/p>\n<p>Duraci\u00f3n: 3 h aprox.<br \/>\nPrecio: 150 \u20ac por persona. IVA incluido.<br \/>\nGrupos m\u00ednimo 15 personas.<br \/>\nIdioma: catal\u00e1n. Existe la posibilidad de hacerlo en castellano, ingl\u00e9s y franc\u00e9s (es necesario pedirlo al hacer la reserva).<br \/>\nPara m\u00e1s informaci\u00f3n:<br \/>\n<a href=\"mailto:momentssingulars@casacolliregas.cat\">momentssingulars@casacolliregas.cat<\/a><\/p>\n","protected":false},"excerpt":{"rendered":"<p>Experiencia Puig i Cadafalch en la Casa Coll i Reg\u00e0s \u00a1Arquitectura, alta gastronom\u00eda, cultura y entretenimiento! Visita nocturna guiada a la CASA COLL I REG\u00c0S para conocer la vida y obra de PUIG I CADAFALCH (arquitecto, pol\u00edtico, historiador de arte\u2026)&hellip;<\/p>\n","protected":false},"featured_media":79008,"template":"","meta":{"_acf_changed":false},"product_brand":[],"product_cat":[32,30,25],"product_tag":[67,42,40,41,165],"class_list":{"0":"post-77192","1":"product","2":"type-product","3":"status-publish","4":"has-post-thumbnail","6":"product_cat-esdeveniments-es","7":"product_cat-novetats-es","8":"product_cat-visita-es","9":"product_tag-catalunya-es","10":"product_tag-mataro-es","11":"product_tag-modernisme-es","12":"product_tag-puig-i-cadafalch-es","13":"product_tag-tast-es","14":"entry","15":"has-media","17":"first","18":"instock","19":"virtual","20":"sold-individually","21":"purchasable","22":"product-type-booking"},"booking_location":"","booking_location_type":"","booking_duration":3,"booking_duration_unit":"hour","booking_buffer":0,"booking_cost":0,"booking_resources":[],"acf":[],"yoast_head":"<!-- This site is optimized with the Yoast SEO plugin v26.8 - https:\/\/yoast.com\/product\/yoast-seo-wordpress\/ -->\n<title>Experiencia Puig i Cadafalch en la Casa Coll i Reg\u00e0s - Casa Coll i Reg\u00e0s<\/title>\n<meta name=\"robots\" content=\"index, follow, max-snippet:-1, max-image-preview:large, max-video-preview:-1\" \/>\n<link rel=\"canonical\" href=\"https:\/\/casacolliregas.cat\/es\/producte\/catas-modernistas-primer-viernes-de-cada-mes-copia\/\" \/>\n<meta property=\"og:locale\" content=\"es_ES\" \/>\n<meta property=\"og:type\" content=\"article\" \/>\n<meta property=\"og:title\" content=\"Experiencia Puig i Cadafalch en la Casa Coll i Reg\u00e0s\" \/>\n<meta property=\"og:description\" content=\"Experiencia Puig i Cadafalch en la Casa Coll i Reg\u00e0s\" \/>\n<meta property=\"og:url\" content=\"https:\/\/casacolliregas.cat\/es\/producte\/catas-modernistas-primer-viernes-de-cada-mes-copia\/\" \/>\n<meta property=\"og:site_name\" content=\"Casa Coll i Reg\u00e0s\" \/>\n<meta property=\"article:publisher\" content=\"https:\/\/www.facebook.com\/casacolliregas\/\" \/>\n<meta property=\"article:modified_time\" content=\"2026-01-30T08:04:18+00:00\" \/>\n<meta property=\"og:image\" content=\"https:\/\/casacolliregas.cat\/wp-content\/uploads\/2018\/01\/escape-room-1.jpg\" \/>\n<meta name=\"twitter:card\" content=\"summary_large_image\" \/>\n<meta name=\"twitter:title\" content=\"Escape Room | El Misterio de la Casa Coll i Reg\u00e0s\" \/>\n<meta name=\"twitter:description\" content=\"Escape Room | El Misterio de la Casa Coll i Reg\u00e0s\" \/>\n<meta name=\"twitter:image\" content=\"https:\/\/casacolliregas.cat\/wp-content\/uploads\/2018\/01\/escape-room-1.jpg\" \/>\n<meta name=\"twitter:site\" content=\"@casacolliregas\" \/>\n<meta name=\"twitter:label1\" content=\"Tiempo de lectura\" \/>\n\t<meta name=\"twitter:data1\" content=\"1 minuto\" \/>\n<!-- \/ Yoast SEO plugin. -->","yoast_head_json":{"title":"Experiencia Puig i Cadafalch en la Casa Coll i Reg\u00e0s - Casa Coll i Reg\u00e0s","robots":{"index":"index","follow":"follow","max-snippet":"max-snippet:-1","max-image-preview":"max-image-preview:large","max-video-preview":"max-video-preview:-1"},"canonical":"https:\/\/casacolliregas.cat\/es\/producte\/catas-modernistas-primer-viernes-de-cada-mes-copia\/","og_locale":"es_ES","og_type":"article","og_title":"Experiencia Puig i Cadafalch en la Casa Coll i Reg\u00e0s","og_description":"Experiencia Puig i Cadafalch en la Casa Coll i Reg\u00e0s","og_url":"https:\/\/casacolliregas.cat\/es\/producte\/catas-modernistas-primer-viernes-de-cada-mes-copia\/","og_site_name":"Casa Coll i Reg\u00e0s","article_publisher":"https:\/\/www.facebook.com\/casacolliregas\/","article_modified_time":"2026-01-30T08:04:18+00:00","og_image":[{"url":"https:\/\/casacolliregas.cat\/wp-content\/uploads\/2018\/01\/escape-room-1.jpg","type":"","width":"","height":""}],"twitter_card":"summary_large_image","twitter_title":"Escape Room | El Misterio de la Casa Coll i Reg\u00e0s","twitter_description":"Escape Room | El Misterio de la Casa Coll i Reg\u00e0s","twitter_image":"https:\/\/casacolliregas.cat\/wp-content\/uploads\/2018\/01\/escape-room-1.jpg","twitter_site":"@casacolliregas","twitter_misc":{"Tiempo de lectura":"1 minuto"},"schema":{"@context":"https:\/\/schema.org","@graph":[{"@type":"WebPage","@id":"https:\/\/casacolliregas.cat\/es\/producte\/catas-modernistas-primer-viernes-de-cada-mes-copia\/","url":"https:\/\/casacolliregas.cat\/es\/producte\/catas-modernistas-primer-viernes-de-cada-mes-copia\/","name":"Experiencia Puig i Cadafalch en la Casa Coll i Reg\u00e0s - Casa Coll i Reg\u00e0s","isPartOf":{"@id":"https:\/\/casacolliregas.cat\/#website"},"primaryImageOfPage":{"@id":"https:\/\/casacolliregas.cat\/es\/producte\/catas-modernistas-primer-viernes-de-cada-mes-copia\/#primaryimage"},"image":{"@id":"https:\/\/casacolliregas.cat\/es\/producte\/catas-modernistas-primer-viernes-de-cada-mes-copia\/#primaryimage"},"thumbnailUrl":"https:\/\/casacolliregas.cat\/wp-content\/uploads\/2026\/01\/pr_experiencia.png","datePublished":"2026-01-16T07:56:40+00:00","dateModified":"2026-01-30T08:04:18+00:00","breadcrumb":{"@id":"https:\/\/casacolliregas.cat\/es\/producte\/catas-modernistas-primer-viernes-de-cada-mes-copia\/#breadcrumb"},"inLanguage":"es","potentialAction":[{"@type":"ReadAction","target":["https:\/\/casacolliregas.cat\/es\/producte\/catas-modernistas-primer-viernes-de-cada-mes-copia\/"]}]},{"@type":"ImageObject","inLanguage":"es","@id":"https:\/\/casacolliregas.cat\/es\/producte\/catas-modernistas-primer-viernes-de-cada-mes-copia\/#primaryimage","url":"https:\/\/casacolliregas.cat\/wp-content\/uploads\/2026\/01\/pr_experiencia.png","contentUrl":"https:\/\/casacolliregas.cat\/wp-content\/uploads\/2026\/01\/pr_experiencia.png","width":1080,"height":1920},{"@type":"BreadcrumbList","@id":"https:\/\/casacolliregas.cat\/es\/producte\/catas-modernistas-primer-viernes-de-cada-mes-copia\/#breadcrumb","itemListElement":[{"@type":"ListItem","position":1,"name":"Inici","item":"https:\/\/casacolliregas.cat\/es\/"},{"@type":"ListItem","position":2,"name":"VISITAS GUIADAS Y ACTIVIDADES","item":"https:\/\/casacolliregas.cat\/es\/entradas\/"},{"@type":"ListItem","position":3,"name":"Experiencia Puig i Cadafalch en la Casa Coll i Reg\u00e0s"}]},{"@type":"WebSite","@id":"https:\/\/casacolliregas.cat\/#website","url":"https:\/\/casacolliregas.cat\/","name":"Casa Coll i Reg\u00e0s","description":"","publisher":{"@id":"https:\/\/casacolliregas.cat\/#organization"},"potentialAction":[{"@type":"SearchAction","target":{"@type":"EntryPoint","urlTemplate":"https:\/\/casacolliregas.cat\/?s={search_term_string}"},"query-input":{"@type":"PropertyValueSpecification","valueRequired":true,"valueName":"search_term_string"}}],"inLanguage":"es"},{"@type":"Organization","@id":"https:\/\/casacolliregas.cat\/#organization","name":"Casa Coll i Reg\u00e0s","url":"https:\/\/casacolliregas.cat\/","logo":{"@type":"ImageObject","inLanguage":"es","@id":"https:\/\/casacolliregas.cat\/#\/schema\/logo\/image\/","url":"https:\/\/casacolliregas.cat\/wp-content\/uploads\/2017\/09\/logo-casa-coll-i-regas.jpg","contentUrl":"https:\/\/casacolliregas.cat\/wp-content\/uploads\/2017\/09\/logo-casa-coll-i-regas.jpg","width":190,"height":125,"caption":"Casa Coll i Reg\u00e0s"},"image":{"@id":"https:\/\/casacolliregas.cat\/#\/schema\/logo\/image\/"},"sameAs":["https:\/\/www.facebook.com\/casacolliregas\/","https:\/\/x.com\/casacolliregas","https:\/\/instagram.com\/casacolliregas","https:\/\/ca.wikipedia.org\/wiki\/Casa_Coll_i_Reg\u00e0s"]}]}},"_links":{"self":[{"href":"https:\/\/casacolliregas.cat\/es\/wp-json\/wp\/v2\/product\/77192","targetHints":{"allow":["GET"]}}],"collection":[{"href":"https:\/\/casacolliregas.cat\/es\/wp-json\/wp\/v2\/product"}],"about":[{"href":"https:\/\/casacolliregas.cat\/es\/wp-json\/wp\/v2\/types\/product"}],"wp:featuredmedia":[{"embeddable":true,"href":"https:\/\/casacolliregas.cat\/es\/wp-json\/wp\/v2\/media\/79008"}],"wp:attachment":[{"href":"https:\/\/casacolliregas.cat\/es\/wp-json\/wp\/v2\/media?parent=77192"}],"wp:term":[{"taxonomy":"product_brand","embeddable":true,"href":"https:\/\/casacolliregas.cat\/es\/wp-json\/wp\/v2\/product_brand?post=77192"},{"taxonomy":"product_cat","embeddable":true,"href":"https:\/\/casacolliregas.cat\/es\/wp-json\/wp\/v2\/product_cat?post=77192"},{"taxonomy":"product_tag","embeddable":true,"href":"https:\/\/casacolliregas.cat\/es\/wp-json\/wp\/v2\/product_tag?post=77192"}],"curies":[{"name":"wp","href":"https:\/\/api.w.org\/{rel}","templated":true}]}}