{"id":76960,"date":"2022-11-07T17:29:35","date_gmt":"2022-11-07T16:29:35","guid":{"rendered":"https:\/\/casacolliregas.cat\/producte\/2-visites-amb-vermut-modernista\/"},"modified":"2026-04-02T11:15:26","modified_gmt":"2026-04-02T09:15:26","slug":"visitas-con-vermut-modernista","status":"publish","type":"product","link":"https:\/\/casacolliregas.cat\/es\/producte\/visitas-con-vermut-modernista\/","title":{"rendered":"Visitas con verm\u00fa modernista"},"content":{"rendered":"<p><strong>Precio : 42\u20ac<\/strong><\/p>\n<ul>\n<li>La entrada tiene un 1 a\u00f1o de validez<\/li>\n<li>Es necesario reservar antes de realizar la visita<\/li>\n<li>Puedes recoger el pack cuando la casa est\u00e9 abierta al p\u00fablico<\/li>\n<li>El pack-regalo no se puede utilizar el mismo d\u00eda de la compra<\/li>\n<\/ul>\n","protected":false},"excerpt":{"rendered":"<p>Precio : 42\u20ac La entrada tiene un 1 a\u00f1o de validez Es necesario reservar antes de realizar la visita Puedes recoger el pack cuando la casa est\u00e9 abierta al p\u00fablico El pack-regalo no se puede utilizar el mismo d\u00eda de&hellip;<\/p>\n","protected":false},"featured_media":17915,"template":"","meta":{"_acf_changed":false},"product_brand":[],"product_cat":[30],"product_tag":[],"class_list":{"0":"post-76960","1":"product","2":"type-product","3":"status-publish","4":"has-post-thumbnail","6":"product_cat-novetats-es","7":"entry","8":"has-media","10":"first","11":"instock","12":"virtual","13":"purchasable","14":"product-type-simple"},"booking_location":null,"booking_location_type":null,"booking_duration":null,"booking_duration_unit":null,"booking_buffer":null,"booking_cost":null,"booking_resources":null,"acf":[],"yoast_head":"<!-- This site is optimized with the Yoast SEO plugin v26.8 - https:\/\/yoast.com\/product\/yoast-seo-wordpress\/ -->\n<title>Visitas con verm\u00fa modernista - Casa Coll i Reg\u00e0s<\/title>\n<meta name=\"description\" content=\"Regala Casa Coll i Reg\u00e0s, regala cultura.2 Visitas con vermut modernistaPrecio : 36\u20ac1 a\u00f1o de validez desde la fecha de compraLos obsequiados tendr\u00e1n que realizar reserva previa de la visitaLa recogida del pack se puede hacer en la misma casa en horario de aperturaEl pack-regalo no se puede utilizar el mismo d\u00eda de la fecha de compra\" \/>\n<meta name=\"robots\" content=\"index, follow, max-snippet:-1, max-image-preview:large, max-video-preview:-1\" \/>\n<link rel=\"canonical\" href=\"https:\/\/casacolliregas.cat\/es\/producte\/visitas-con-vermut-modernista\/\" \/>\n<meta property=\"og:locale\" content=\"es_ES\" \/>\n<meta property=\"og:type\" content=\"article\" \/>\n<meta property=\"og:title\" content=\"Visitas con verm\u00fa modernista - Casa Coll i Reg\u00e0s\" \/>\n<meta property=\"og:description\" content=\"Regala Casa Coll i Reg\u00e0s, regala cultura.2 Visitas con vermut modernistaPrecio : 36\u20ac1 a\u00f1o de validez desde la fecha de compraLos obsequiados tendr\u00e1n que realizar reserva previa de la visitaLa recogida del pack se puede hacer en la misma casa en horario de aperturaEl pack-regalo no se puede utilizar el mismo d\u00eda de la fecha de compra\" \/>\n<meta property=\"og:url\" content=\"https:\/\/casacolliregas.cat\/es\/producte\/visitas-con-vermut-modernista\/\" \/>\n<meta property=\"og:site_name\" content=\"Casa Coll i Reg\u00e0s\" \/>\n<meta property=\"article:publisher\" content=\"https:\/\/www.facebook.com\/casacolliregas\/\" \/>\n<meta property=\"article:modified_time\" content=\"2026-04-02T09:15:26+00:00\" \/>\n<meta property=\"og:image\" content=\"https:\/\/casacolliregas.cat\/wp-content\/uploads\/2020\/07\/vermut-1.jpg\" \/>\n\t<meta property=\"og:image:width\" content=\"1024\" \/>\n\t<meta property=\"og:image:height\" content=\"682\" \/>\n\t<meta property=\"og:image:type\" content=\"image\/jpeg\" \/>\n<meta name=\"twitter:card\" content=\"summary_large_image\" \/>\n<meta name=\"twitter:site\" content=\"@casacolliregas\" \/>\n<meta name=\"twitter:label1\" content=\"Tiempo de lectura\" \/>\n\t<meta name=\"twitter:data1\" content=\"1 minuto\" \/>\n<!-- \/ Yoast SEO plugin. -->","yoast_head_json":{"title":"Visitas con verm\u00fa modernista - Casa Coll i Reg\u00e0s","description":"Regala Casa Coll i Reg\u00e0s, regala cultura.2 Visitas con vermut modernistaPrecio : 36\u20ac1 a\u00f1o de validez desde la fecha de compraLos obsequiados tendr\u00e1n que realizar reserva previa de la visitaLa recogida del pack se puede hacer en la misma casa en horario de aperturaEl pack-regalo no se puede utilizar el mismo d\u00eda de la fecha de compra","robots":{"index":"index","follow":"follow","max-snippet":"max-snippet:-1","max-image-preview":"max-image-preview:large","max-video-preview":"max-video-preview:-1"},"canonical":"https:\/\/casacolliregas.cat\/es\/producte\/visitas-con-vermut-modernista\/","og_locale":"es_ES","og_type":"article","og_title":"Visitas con verm\u00fa modernista - Casa Coll i Reg\u00e0s","og_description":"Regala Casa Coll i Reg\u00e0s, regala cultura.2 Visitas con vermut modernistaPrecio : 36\u20ac1 a\u00f1o de validez desde la fecha de compraLos obsequiados tendr\u00e1n que realizar reserva previa de la visitaLa recogida del pack se puede hacer en la misma casa en horario de aperturaEl pack-regalo no se puede utilizar el mismo d\u00eda de la fecha de compra","og_url":"https:\/\/casacolliregas.cat\/es\/producte\/visitas-con-vermut-modernista\/","og_site_name":"Casa Coll i Reg\u00e0s","article_publisher":"https:\/\/www.facebook.com\/casacolliregas\/","article_modified_time":"2026-04-02T09:15:26+00:00","og_image":[{"width":1024,"height":682,"url":"https:\/\/casacolliregas.cat\/wp-content\/uploads\/2020\/07\/vermut-1.jpg","type":"image\/jpeg"}],"twitter_card":"summary_large_image","twitter_site":"@casacolliregas","twitter_misc":{"Tiempo de lectura":"1 minuto"},"schema":{"@context":"https:\/\/schema.org","@graph":[{"@type":"WebPage","@id":"https:\/\/casacolliregas.cat\/es\/producte\/visitas-con-vermut-modernista\/","url":"https:\/\/casacolliregas.cat\/es\/producte\/visitas-con-vermut-modernista\/","name":"Visitas con verm\u00fa modernista - Casa Coll i Reg\u00e0s","isPartOf":{"@id":"https:\/\/casacolliregas.cat\/#website"},"primaryImageOfPage":{"@id":"https:\/\/casacolliregas.cat\/es\/producte\/visitas-con-vermut-modernista\/#primaryimage"},"image":{"@id":"https:\/\/casacolliregas.cat\/es\/producte\/visitas-con-vermut-modernista\/#primaryimage"},"thumbnailUrl":"https:\/\/casacolliregas.cat\/wp-content\/uploads\/2020\/07\/vermut-1.jpg","datePublished":"2022-11-07T16:29:35+00:00","dateModified":"2026-04-02T09:15:26+00:00","description":"Regala Casa Coll i Reg\u00e0s, regala cultura.2 Visitas con vermut modernistaPrecio : 36\u20ac1 a\u00f1o de validez desde la fecha de compraLos obsequiados tendr\u00e1n que realizar reserva previa de la visitaLa recogida del pack se puede hacer en la misma casa en horario de aperturaEl pack-regalo no se puede utilizar el mismo d\u00eda de la fecha de compra","breadcrumb":{"@id":"https:\/\/casacolliregas.cat\/es\/producte\/visitas-con-vermut-modernista\/#breadcrumb"},"inLanguage":"es","potentialAction":[{"@type":"ReadAction","target":["https:\/\/casacolliregas.cat\/es\/producte\/visitas-con-vermut-modernista\/"]}]},{"@type":"ImageObject","inLanguage":"es","@id":"https:\/\/casacolliregas.cat\/es\/producte\/visitas-con-vermut-modernista\/#primaryimage","url":"https:\/\/casacolliregas.cat\/wp-content\/uploads\/2020\/07\/vermut-1.jpg","contentUrl":"https:\/\/casacolliregas.cat\/wp-content\/uploads\/2020\/07\/vermut-1.jpg","width":1024,"height":682,"caption":"La Casa Coll i Reg\u00e0s amb vermut modernista"},{"@type":"BreadcrumbList","@id":"https:\/\/casacolliregas.cat\/es\/producte\/visitas-con-vermut-modernista\/#breadcrumb","itemListElement":[{"@type":"ListItem","position":1,"name":"Inici","item":"https:\/\/casacolliregas.cat\/es\/"},{"@type":"ListItem","position":2,"name":"VISITAS GUIADAS Y ACTIVIDADES","item":"https:\/\/casacolliregas.cat\/es\/entradas\/"},{"@type":"ListItem","position":3,"name":"Visitas con verm\u00fa modernista"}]},{"@type":"WebSite","@id":"https:\/\/casacolliregas.cat\/#website","url":"https:\/\/casacolliregas.cat\/","name":"Casa Coll i Reg\u00e0s","description":"","publisher":{"@id":"https:\/\/casacolliregas.cat\/#organization"},"potentialAction":[{"@type":"SearchAction","target":{"@type":"EntryPoint","urlTemplate":"https:\/\/casacolliregas.cat\/?s={search_term_string}"},"query-input":{"@type":"PropertyValueSpecification","valueRequired":true,"valueName":"search_term_string"}}],"inLanguage":"es"},{"@type":"Organization","@id":"https:\/\/casacolliregas.cat\/#organization","name":"Casa Coll i Reg\u00e0s","url":"https:\/\/casacolliregas.cat\/","logo":{"@type":"ImageObject","inLanguage":"es","@id":"https:\/\/casacolliregas.cat\/#\/schema\/logo\/image\/","url":"https:\/\/casacolliregas.cat\/wp-content\/uploads\/2017\/09\/logo-casa-coll-i-regas.jpg","contentUrl":"https:\/\/casacolliregas.cat\/wp-content\/uploads\/2017\/09\/logo-casa-coll-i-regas.jpg","width":190,"height":125,"caption":"Casa Coll i Reg\u00e0s"},"image":{"@id":"https:\/\/casacolliregas.cat\/#\/schema\/logo\/image\/"},"sameAs":["https:\/\/www.facebook.com\/casacolliregas\/","https:\/\/x.com\/casacolliregas","https:\/\/instagram.com\/casacolliregas","https:\/\/ca.wikipedia.org\/wiki\/Casa_Coll_i_Reg\u00e0s"]}]}},"_links":{"self":[{"href":"https:\/\/casacolliregas.cat\/es\/wp-json\/wp\/v2\/product\/76960","targetHints":{"allow":["GET"]}}],"collection":[{"href":"https:\/\/casacolliregas.cat\/es\/wp-json\/wp\/v2\/product"}],"about":[{"href":"https:\/\/casacolliregas.cat\/es\/wp-json\/wp\/v2\/types\/product"}],"wp:featuredmedia":[{"embeddable":true,"href":"https:\/\/casacolliregas.cat\/es\/wp-json\/wp\/v2\/media\/17915"}],"wp:attachment":[{"href":"https:\/\/casacolliregas.cat\/es\/wp-json\/wp\/v2\/media?parent=76960"}],"wp:term":[{"taxonomy":"product_brand","embeddable":true,"href":"https:\/\/casacolliregas.cat\/es\/wp-json\/wp\/v2\/product_brand?post=76960"},{"taxonomy":"product_cat","embeddable":true,"href":"https:\/\/casacolliregas.cat\/es\/wp-json\/wp\/v2\/product_cat?post=76960"},{"taxonomy":"product_tag","embeddable":true,"href":"https:\/\/casacolliregas.cat\/es\/wp-json\/wp\/v2\/product_tag?post=76960"}],"curies":[{"name":"wp","href":"https:\/\/api.w.org\/{rel}","templated":true}]}}