{"id":6728,"date":"2018-12-05T19:09:40","date_gmt":"2018-12-05T18:09:41","guid":{"rendered":"https:\/\/casacolliregas.cat\/?post_type=product&#038;p=6728"},"modified":"2026-04-10T07:51:19","modified_gmt":"2026-04-10T05:51:19","slug":"escape-room-pack","status":"publish","type":"product","link":"https:\/\/casacolliregas.cat\/es\/producte\/escape-room-pack\/","title":{"rendered":"Pack Escape Room"},"content":{"rendered":"<p><strong>Precio : 140\u20ac<\/strong><\/p>\n<ul>\n<li><span class=\"\" data-bm=\"692\">La<\/span> <span class=\" tta_align\" data-bm=\"694\">entrada<\/span> <span class=\"\" data-bm=\"696\">tiene<\/span> <span class=\"\" data-bm=\"698\">un<\/span> <span class=\"\" data-bm=\"700\">1<\/span> <span class=\"\" data-bm=\"702\">a\u00f1o<\/span> <span class=\"\" data-bm=\"704\">de<\/span> <span class=\" \" data-bm=\"706\">validez<\/span><\/li>\n<li>Hay que reservar antes de hacer la visita<\/li>\n<li>Puedes recoger el pack cuando la casa est\u00e9 abierta al p\u00fablico<\/li>\n<li>El pack-regal no se puede utilizar el mismo d\u00eda de la compra<\/li>\n<\/ul>\n","protected":false},"excerpt":{"rendered":"<p>Precio : 140\u20ac La entrada tiene un 1 a\u00f1o de validez Hay que reservar antes de hacer la visita Puedes recoger el pack cuando la casa est\u00e9 abierta al p\u00fablico El pack-regal no se puede utilizar el mismo d\u00eda de&hellip;<\/p>\n","protected":false},"featured_media":14784,"template":"","meta":{"_acf_changed":false},"product_brand":[],"product_cat":[30],"product_tag":[43,39,42,40,41,134],"class_list":{"0":"post-6728","1":"product","2":"type-product","3":"status-publish","4":"has-post-thumbnail","6":"product_cat-novetats-es","7":"product_tag-cultura-es","8":"product_tag-escape-room-es","9":"product_tag-mataro-es","10":"product_tag-modernisme-es","11":"product_tag-puig-i-cadafalch-es","12":"product_tag-scape-room-es","13":"entry","14":"has-media","16":"first","17":"instock","18":"virtual","19":"purchasable","20":"product-type-simple"},"booking_location":null,"booking_location_type":null,"booking_duration":null,"booking_duration_unit":null,"booking_buffer":null,"booking_cost":null,"booking_resources":null,"acf":[],"yoast_head":"<!-- This site is optimized with the Yoast SEO plugin v26.8 - https:\/\/yoast.com\/product\/yoast-seo-wordpress\/ -->\n<title>Pack Escape Room - Casa Coll i Reg\u00e0s<\/title>\n<meta name=\"description\" content=\"Regala Casa Coll i Reg\u00e0s, regala cultura. Escape Room Pack. Precio : 110\u20ac. 1 a\u00f1o de validez desde la fecha de compra. Los obsequiados tendr\u00e1n que realizar reserva previa de la visita. La recogida del pack se puede hacer en la misma casa en horario de apertura. El pack-regalo no se puede utilizar el mismo d\u00eda de la fecha de compra.\" \/>\n<meta name=\"robots\" content=\"index, follow, max-snippet:-1, max-image-preview:large, max-video-preview:-1\" \/>\n<link rel=\"canonical\" href=\"https:\/\/casacolliregas.cat\/es\/producte\/escape-room-pack\/\" \/>\n<meta property=\"og:locale\" content=\"es_ES\" \/>\n<meta property=\"og:type\" content=\"article\" \/>\n<meta property=\"og:title\" content=\"Pack Escape Room - Casa Coll i Reg\u00e0s\" \/>\n<meta property=\"og:description\" content=\"Regala Casa Coll i Reg\u00e0s, regala cultura. Escape Room Pack. Precio : 110\u20ac. 1 a\u00f1o de validez desde la fecha de compra. Los obsequiados tendr\u00e1n que realizar reserva previa de la visita. La recogida del pack se puede hacer en la misma casa en horario de apertura. El pack-regalo no se puede utilizar el mismo d\u00eda de la fecha de compra.\" \/>\n<meta property=\"og:url\" content=\"https:\/\/casacolliregas.cat\/es\/producte\/escape-room-pack\/\" \/>\n<meta property=\"og:site_name\" content=\"Casa Coll i Reg\u00e0s\" \/>\n<meta property=\"article:publisher\" content=\"https:\/\/www.facebook.com\/casacolliregas\/\" \/>\n<meta property=\"article:modified_time\" content=\"2026-04-10T05:51:19+00:00\" \/>\n<meta property=\"og:image\" content=\"https:\/\/casacolliregas.cat\/wp-content\/uploads\/2018\/01\/escape-room-1.jpg\" \/>\n\t<meta property=\"og:image:width\" content=\"1024\" \/>\n\t<meta property=\"og:image:height\" content=\"682\" \/>\n\t<meta property=\"og:image:type\" content=\"image\/jpeg\" \/>\n<meta name=\"twitter:card\" content=\"summary_large_image\" \/>\n<meta name=\"twitter:site\" content=\"@casacolliregas\" \/>\n<meta name=\"twitter:label1\" content=\"Tiempo de lectura\" \/>\n\t<meta name=\"twitter:data1\" content=\"1 minuto\" \/>\n<!-- \/ Yoast SEO plugin. -->","yoast_head_json":{"title":"Pack Escape Room - Casa Coll i Reg\u00e0s","description":"Regala Casa Coll i Reg\u00e0s, regala cultura. Escape Room Pack. Precio : 110\u20ac. 1 a\u00f1o de validez desde la fecha de compra. Los obsequiados tendr\u00e1n que realizar reserva previa de la visita. La recogida del pack se puede hacer en la misma casa en horario de apertura. El pack-regalo no se puede utilizar el mismo d\u00eda de la fecha de compra.","robots":{"index":"index","follow":"follow","max-snippet":"max-snippet:-1","max-image-preview":"max-image-preview:large","max-video-preview":"max-video-preview:-1"},"canonical":"https:\/\/casacolliregas.cat\/es\/producte\/escape-room-pack\/","og_locale":"es_ES","og_type":"article","og_title":"Pack Escape Room - Casa Coll i Reg\u00e0s","og_description":"Regala Casa Coll i Reg\u00e0s, regala cultura. Escape Room Pack. Precio : 110\u20ac. 1 a\u00f1o de validez desde la fecha de compra. Los obsequiados tendr\u00e1n que realizar reserva previa de la visita. La recogida del pack se puede hacer en la misma casa en horario de apertura. El pack-regalo no se puede utilizar el mismo d\u00eda de la fecha de compra.","og_url":"https:\/\/casacolliregas.cat\/es\/producte\/escape-room-pack\/","og_site_name":"Casa Coll i Reg\u00e0s","article_publisher":"https:\/\/www.facebook.com\/casacolliregas\/","article_modified_time":"2026-04-10T05:51:19+00:00","og_image":[{"width":1024,"height":682,"url":"https:\/\/casacolliregas.cat\/wp-content\/uploads\/2018\/01\/escape-room-1.jpg","type":"image\/jpeg"}],"twitter_card":"summary_large_image","twitter_site":"@casacolliregas","twitter_misc":{"Tiempo de lectura":"1 minuto"},"schema":{"@context":"https:\/\/schema.org","@graph":[{"@type":"WebPage","@id":"https:\/\/casacolliregas.cat\/es\/producte\/escape-room-pack\/","url":"https:\/\/casacolliregas.cat\/es\/producte\/escape-room-pack\/","name":"Pack Escape Room - Casa Coll i Reg\u00e0s","isPartOf":{"@id":"https:\/\/casacolliregas.cat\/#website"},"primaryImageOfPage":{"@id":"https:\/\/casacolliregas.cat\/es\/producte\/escape-room-pack\/#primaryimage"},"image":{"@id":"https:\/\/casacolliregas.cat\/es\/producte\/escape-room-pack\/#primaryimage"},"thumbnailUrl":"https:\/\/casacolliregas.cat\/wp-content\/uploads\/2018\/01\/escape-room-1.jpg","datePublished":"2018-12-05T18:09:41+00:00","dateModified":"2026-04-10T05:51:19+00:00","description":"Regala Casa Coll i Reg\u00e0s, regala cultura. Escape Room Pack. Precio : 110\u20ac. 1 a\u00f1o de validez desde la fecha de compra. Los obsequiados tendr\u00e1n que realizar reserva previa de la visita. La recogida del pack se puede hacer en la misma casa en horario de apertura. El pack-regalo no se puede utilizar el mismo d\u00eda de la fecha de compra.","breadcrumb":{"@id":"https:\/\/casacolliregas.cat\/es\/producte\/escape-room-pack\/#breadcrumb"},"inLanguage":"es","potentialAction":[{"@type":"ReadAction","target":["https:\/\/casacolliregas.cat\/es\/producte\/escape-room-pack\/"]}]},{"@type":"ImageObject","inLanguage":"es","@id":"https:\/\/casacolliregas.cat\/es\/producte\/escape-room-pack\/#primaryimage","url":"https:\/\/casacolliregas.cat\/wp-content\/uploads\/2018\/01\/escape-room-1.jpg","contentUrl":"https:\/\/casacolliregas.cat\/wp-content\/uploads\/2018\/01\/escape-room-1.jpg","width":1024,"height":682,"caption":"El Misteri de la Casa Coll i Reg\u00e0s"},{"@type":"BreadcrumbList","@id":"https:\/\/casacolliregas.cat\/es\/producte\/escape-room-pack\/#breadcrumb","itemListElement":[{"@type":"ListItem","position":1,"name":"Inici","item":"https:\/\/casacolliregas.cat\/es\/"},{"@type":"ListItem","position":2,"name":"VISITAS GUIADAS Y ACTIVIDADES","item":"https:\/\/casacolliregas.cat\/es\/entradas\/"},{"@type":"ListItem","position":3,"name":"Pack Escape Room"}]},{"@type":"WebSite","@id":"https:\/\/casacolliregas.cat\/#website","url":"https:\/\/casacolliregas.cat\/","name":"Casa Coll i Reg\u00e0s","description":"","publisher":{"@id":"https:\/\/casacolliregas.cat\/#organization"},"potentialAction":[{"@type":"SearchAction","target":{"@type":"EntryPoint","urlTemplate":"https:\/\/casacolliregas.cat\/?s={search_term_string}"},"query-input":{"@type":"PropertyValueSpecification","valueRequired":true,"valueName":"search_term_string"}}],"inLanguage":"es"},{"@type":"Organization","@id":"https:\/\/casacolliregas.cat\/#organization","name":"Casa Coll i Reg\u00e0s","url":"https:\/\/casacolliregas.cat\/","logo":{"@type":"ImageObject","inLanguage":"es","@id":"https:\/\/casacolliregas.cat\/#\/schema\/logo\/image\/","url":"https:\/\/casacolliregas.cat\/wp-content\/uploads\/2017\/09\/logo-casa-coll-i-regas.jpg","contentUrl":"https:\/\/casacolliregas.cat\/wp-content\/uploads\/2017\/09\/logo-casa-coll-i-regas.jpg","width":190,"height":125,"caption":"Casa Coll i Reg\u00e0s"},"image":{"@id":"https:\/\/casacolliregas.cat\/#\/schema\/logo\/image\/"},"sameAs":["https:\/\/www.facebook.com\/casacolliregas\/","https:\/\/x.com\/casacolliregas","https:\/\/instagram.com\/casacolliregas","https:\/\/ca.wikipedia.org\/wiki\/Casa_Coll_i_Reg\u00e0s"]}]}},"_links":{"self":[{"href":"https:\/\/casacolliregas.cat\/es\/wp-json\/wp\/v2\/product\/6728","targetHints":{"allow":["GET"]}}],"collection":[{"href":"https:\/\/casacolliregas.cat\/es\/wp-json\/wp\/v2\/product"}],"about":[{"href":"https:\/\/casacolliregas.cat\/es\/wp-json\/wp\/v2\/types\/product"}],"wp:featuredmedia":[{"embeddable":true,"href":"https:\/\/casacolliregas.cat\/es\/wp-json\/wp\/v2\/media\/14784"}],"wp:attachment":[{"href":"https:\/\/casacolliregas.cat\/es\/wp-json\/wp\/v2\/media?parent=6728"}],"wp:term":[{"taxonomy":"product_brand","embeddable":true,"href":"https:\/\/casacolliregas.cat\/es\/wp-json\/wp\/v2\/product_brand?post=6728"},{"taxonomy":"product_cat","embeddable":true,"href":"https:\/\/casacolliregas.cat\/es\/wp-json\/wp\/v2\/product_cat?post=6728"},{"taxonomy":"product_tag","embeddable":true,"href":"https:\/\/casacolliregas.cat\/es\/wp-json\/wp\/v2\/product_tag?post=6728"}],"curies":[{"name":"wp","href":"https:\/\/api.w.org\/{rel}","templated":true}]}}