{"id":4368,"date":"2018-01-23T16:29:15","date_gmt":"2018-04-23T15:29:17","guid":{"rendered":"https:\/\/casacolliregas.cat\/?post_type=product&#038;p=4368"},"modified":"2026-01-02T07:57:54","modified_gmt":"2026-01-02T06:57:54","slug":"escape-room","status":"publish","type":"product","link":"https:\/\/casacolliregas.cat\/es\/producte\/escape-room\/","title":{"rendered":"Escape Room. El Misteri de la Casa Coll i Reg\u00e0s"},"content":{"rendered":"<p><strong>Haz un regalo original con el Escape Room: el misterio de la Casa Coll i Reg\u00e0s.<\/strong><\/p>\n<p><em>NOTA: para la versi\u00f3n en castellano, es necesario solicitarlo previamente.<\/em><\/p>\n<p>\u00bfQu\u00e9 secreto esconde la casa Coll i Reg\u00e0s? Seg\u00fan la leyenda, en los muros de la casa hay escondido un gran tesoro de la humanidad.<\/p>\n<p>\u00bfQui\u00e9n escondi\u00f3 este tesoro? \u00bfD\u00f3nde se encuentra? \u00bfPor qu\u00e9 est\u00e1 escondido? \u00bfPodr\u00e9is resolver este misterio en el m\u00ednimo tiempo posible?<\/p>\n<p>&#8220;El Misteri de la Casa Coll i Reg\u00e0s&#8221; es una actividad para todas las edades que combina la diversi\u00f3n de un Escape Room con la emoci\u00f3n de buscar un tesoro en un espacio hist\u00f3rico, la casa modernista Coll i Reg\u00e0s de Matar\u00f3 del arquitecto Josep Puig i Cadafalch.<\/p>\n<p>Durante la actividad, recorrer\u00e9is la planta principal de la casa para descubrir enigmas y superar retos y pruebas. Para conseguirlo, tendr\u00e9is que trabajar en equipo, utilizar todos los sentidos y superar grandes retos.<\/p>\n<p>RECOMENDACIONES:<\/p>\n<ul>\n<li><a href=\"https:\/\/www.escaperoomlover.com\/es\/juego\/casa-coll-i-regas-mataro-el-misteri-de-la-casa\" target=\"_blank\" rel=\"noopener\">Escape Room Lover<\/a><\/li>\n<li><a href=\"https:\/\/www.roomescapes.es\/barcelona\/mataro\/casa-coll-i-regas\/el-misteri-de-la-casa.html\" target=\"_blank\" rel=\"noopener\">RoomEscapes<\/a><\/li>\n<li><a href=\"https:\/\/www.todoescaperooms.com\/mataro\/casa-coll-i-regas\/el-misteri-de-la-casa\" target=\"_blank\" rel=\"noopener\">Todo Escape Rooms<\/a><\/li>\n<li><a href=\"https:\/\/escaperoos.es\/escape-room\/el-misterio-de-la-casa-coll-i-regas_e12739\" target=\"_blank\" rel=\"noopener\">Escaperoos<\/a><\/li>\n<\/ul>\n","protected":false},"excerpt":{"rendered":"<p>Haz un regalo original con el Escape Room: el misterio de la Casa Coll i Reg\u00e0s. NOTA: para la versi\u00f3n en castellano, es necesario solicitarlo previamente. \u00bfQu\u00e9 secreto esconde la casa Coll i Reg\u00e0s? Seg\u00fan la leyenda, en los muros&hellip;<\/p>\n","protected":false},"featured_media":14784,"template":"","meta":{"_acf_changed":false},"product_brand":[],"product_cat":[25],"product_tag":[39,40,41,134],"class_list":{"0":"post-4368","1":"product","2":"type-product","3":"status-publish","4":"has-post-thumbnail","6":"product_cat-visita-es","7":"product_tag-escape-room-es","8":"product_tag-modernisme-es","9":"product_tag-puig-i-cadafalch-es","10":"product_tag-scape-room-es","11":"entry","12":"has-media","14":"first","15":"instock","16":"virtual","17":"sold-individually","18":"purchasable","19":"product-type-booking"},"booking_location":"","booking_location_type":"","booking_duration":1,"booking_duration_unit":"hour","booking_buffer":0,"booking_cost":135,"booking_resources":[],"acf":[],"yoast_head":"<!-- This site is optimized with the Yoast SEO plugin v26.8 - https:\/\/yoast.com\/product\/yoast-seo-wordpress\/ -->\n<title>Escape Room. El Misteri de la Casa Coll i Reg\u00e0s - Casa Coll i Reg\u00e0s<\/title>\n<meta name=\"robots\" content=\"index, follow, max-snippet:-1, max-image-preview:large, max-video-preview:-1\" \/>\n<link rel=\"canonical\" href=\"https:\/\/casacolliregas.cat\/es\/producte\/escape-room\/\" \/>\n<meta property=\"og:locale\" content=\"es_ES\" \/>\n<meta property=\"og:type\" content=\"article\" \/>\n<meta property=\"og:title\" content=\"Escape Room. El Misteri de la Casa Coll i Reg\u00e0s - Casa Coll i Reg\u00e0s\" \/>\n<meta property=\"og:description\" content=\"Haz un regalo original con el Escape Room: el misterio de la Casa Coll i Reg\u00e0s. NOTA: para la versi\u00f3n en castellano, es necesario solicitarlo previamente. \u00bfQu\u00e9 secreto esconde la casa Coll i Reg\u00e0s? Seg\u00fan la leyenda, en los muros&hellip;\" \/>\n<meta property=\"og:url\" content=\"https:\/\/casacolliregas.cat\/es\/producte\/escape-room\/\" \/>\n<meta property=\"og:site_name\" content=\"Casa Coll i Reg\u00e0s\" \/>\n<meta property=\"article:publisher\" content=\"https:\/\/www.facebook.com\/casacolliregas\/\" \/>\n<meta property=\"article:modified_time\" content=\"2026-01-02T06:57:54+00:00\" \/>\n<meta property=\"og:image\" content=\"https:\/\/casacolliregas.cat\/wp-content\/uploads\/2018\/01\/escape-room-1.jpg\" \/>\n\t<meta property=\"og:image:width\" content=\"1024\" \/>\n\t<meta property=\"og:image:height\" content=\"682\" \/>\n\t<meta property=\"og:image:type\" content=\"image\/jpeg\" \/>\n<meta name=\"twitter:card\" content=\"summary_large_image\" \/>\n<meta name=\"twitter:site\" content=\"@casacolliregas\" \/>\n<meta name=\"twitter:label1\" content=\"Tiempo de lectura\" \/>\n\t<meta name=\"twitter:data1\" content=\"2 minutos\" \/>\n<!-- \/ Yoast SEO plugin. -->","yoast_head_json":{"title":"Escape Room. El Misteri de la Casa Coll i Reg\u00e0s - Casa Coll i Reg\u00e0s","robots":{"index":"index","follow":"follow","max-snippet":"max-snippet:-1","max-image-preview":"max-image-preview:large","max-video-preview":"max-video-preview:-1"},"canonical":"https:\/\/casacolliregas.cat\/es\/producte\/escape-room\/","og_locale":"es_ES","og_type":"article","og_title":"Escape Room. El Misteri de la Casa Coll i Reg\u00e0s - Casa Coll i Reg\u00e0s","og_description":"Haz un regalo original con el Escape Room: el misterio de la Casa Coll i Reg\u00e0s. NOTA: para la versi\u00f3n en castellano, es necesario solicitarlo previamente. \u00bfQu\u00e9 secreto esconde la casa Coll i Reg\u00e0s? Seg\u00fan la leyenda, en los muros&hellip;","og_url":"https:\/\/casacolliregas.cat\/es\/producte\/escape-room\/","og_site_name":"Casa Coll i Reg\u00e0s","article_publisher":"https:\/\/www.facebook.com\/casacolliregas\/","article_modified_time":"2026-01-02T06:57:54+00:00","og_image":[{"width":1024,"height":682,"url":"https:\/\/casacolliregas.cat\/wp-content\/uploads\/2018\/01\/escape-room-1.jpg","type":"image\/jpeg"}],"twitter_card":"summary_large_image","twitter_site":"@casacolliregas","twitter_misc":{"Tiempo de lectura":"2 minutos"},"schema":{"@context":"https:\/\/schema.org","@graph":[{"@type":"WebPage","@id":"https:\/\/casacolliregas.cat\/es\/producte\/escape-room\/","url":"https:\/\/casacolliregas.cat\/es\/producte\/escape-room\/","name":"Escape Room. El Misteri de la Casa Coll i Reg\u00e0s - Casa Coll i Reg\u00e0s","isPartOf":{"@id":"https:\/\/casacolliregas.cat\/#website"},"primaryImageOfPage":{"@id":"https:\/\/casacolliregas.cat\/es\/producte\/escape-room\/#primaryimage"},"image":{"@id":"https:\/\/casacolliregas.cat\/es\/producte\/escape-room\/#primaryimage"},"thumbnailUrl":"https:\/\/casacolliregas.cat\/wp-content\/uploads\/2018\/01\/escape-room-1.jpg","datePublished":"2018-04-23T15:29:17+00:00","dateModified":"2026-01-02T06:57:54+00:00","breadcrumb":{"@id":"https:\/\/casacolliregas.cat\/es\/producte\/escape-room\/#breadcrumb"},"inLanguage":"es","potentialAction":[{"@type":"ReadAction","target":["https:\/\/casacolliregas.cat\/es\/producte\/escape-room\/"]}]},{"@type":"ImageObject","inLanguage":"es","@id":"https:\/\/casacolliregas.cat\/es\/producte\/escape-room\/#primaryimage","url":"https:\/\/casacolliregas.cat\/wp-content\/uploads\/2018\/01\/escape-room-1.jpg","contentUrl":"https:\/\/casacolliregas.cat\/wp-content\/uploads\/2018\/01\/escape-room-1.jpg","width":1024,"height":682,"caption":"El Misteri de la Casa Coll i Reg\u00e0s"},{"@type":"BreadcrumbList","@id":"https:\/\/casacolliregas.cat\/es\/producte\/escape-room\/#breadcrumb","itemListElement":[{"@type":"ListItem","position":1,"name":"Inici","item":"https:\/\/casacolliregas.cat\/es\/"},{"@type":"ListItem","position":2,"name":"VISITAS GUIADAS Y ACTIVIDADES","item":"https:\/\/casacolliregas.cat\/es\/entradas\/"},{"@type":"ListItem","position":3,"name":"Escape Room. El Misteri de la Casa Coll i Reg\u00e0s"}]},{"@type":"WebSite","@id":"https:\/\/casacolliregas.cat\/#website","url":"https:\/\/casacolliregas.cat\/","name":"Casa Coll i Reg\u00e0s","description":"","publisher":{"@id":"https:\/\/casacolliregas.cat\/#organization"},"potentialAction":[{"@type":"SearchAction","target":{"@type":"EntryPoint","urlTemplate":"https:\/\/casacolliregas.cat\/?s={search_term_string}"},"query-input":{"@type":"PropertyValueSpecification","valueRequired":true,"valueName":"search_term_string"}}],"inLanguage":"es"},{"@type":"Organization","@id":"https:\/\/casacolliregas.cat\/#organization","name":"Casa Coll i Reg\u00e0s","url":"https:\/\/casacolliregas.cat\/","logo":{"@type":"ImageObject","inLanguage":"es","@id":"https:\/\/casacolliregas.cat\/#\/schema\/logo\/image\/","url":"https:\/\/casacolliregas.cat\/wp-content\/uploads\/2017\/09\/logo-casa-coll-i-regas.jpg","contentUrl":"https:\/\/casacolliregas.cat\/wp-content\/uploads\/2017\/09\/logo-casa-coll-i-regas.jpg","width":190,"height":125,"caption":"Casa Coll i Reg\u00e0s"},"image":{"@id":"https:\/\/casacolliregas.cat\/#\/schema\/logo\/image\/"},"sameAs":["https:\/\/www.facebook.com\/casacolliregas\/","https:\/\/x.com\/casacolliregas","https:\/\/instagram.com\/casacolliregas","https:\/\/ca.wikipedia.org\/wiki\/Casa_Coll_i_Reg\u00e0s"]}]}},"_links":{"self":[{"href":"https:\/\/casacolliregas.cat\/es\/wp-json\/wp\/v2\/product\/4368","targetHints":{"allow":["GET"]}}],"collection":[{"href":"https:\/\/casacolliregas.cat\/es\/wp-json\/wp\/v2\/product"}],"about":[{"href":"https:\/\/casacolliregas.cat\/es\/wp-json\/wp\/v2\/types\/product"}],"wp:featuredmedia":[{"embeddable":true,"href":"https:\/\/casacolliregas.cat\/es\/wp-json\/wp\/v2\/media\/14784"}],"wp:attachment":[{"href":"https:\/\/casacolliregas.cat\/es\/wp-json\/wp\/v2\/media?parent=4368"}],"wp:term":[{"taxonomy":"product_brand","embeddable":true,"href":"https:\/\/casacolliregas.cat\/es\/wp-json\/wp\/v2\/product_brand?post=4368"},{"taxonomy":"product_cat","embeddable":true,"href":"https:\/\/casacolliregas.cat\/es\/wp-json\/wp\/v2\/product_cat?post=4368"},{"taxonomy":"product_tag","embeddable":true,"href":"https:\/\/casacolliregas.cat\/es\/wp-json\/wp\/v2\/product_tag?post=4368"}],"curies":[{"name":"wp","href":"https:\/\/api.w.org\/{rel}","templated":true}]}}