{"id":7499,"date":"2019-01-23T13:14:53","date_gmt":"2019-01-23T12:14:53","guid":{"rendered":"https:\/\/casacolliregas.cat\/espais\/esdeveniments-privats\/"},"modified":"2025-02-20T17:58:54","modified_gmt":"2025-02-20T16:58:54","slug":"esdeveniments-privats","status":"publish","type":"page","link":"https:\/\/casacolliregas.cat\/es\/espais\/esdeveniments-privats\/","title":{"rendered":"Acontecimientos privados"},"content":{"rendered":"[vc_row][vc_column width=&#8221;1\/2&#8243;][vc_single_image image=&#8221;7479&#8243;][\/vc_column][vc_column width=&#8221;1\/2&#8243;][vc_column_text]<strong>Formaciones, presentaciones y reuniones de empresa<\/strong><\/p>\n<p>Si eres una instituci\u00f3n, una empresa o un profesional y buscas un espacio para presentar tu proyecto, hacer una formaci\u00f3n, organizar reuniones o cualquier otro acto corporativo, la Casa Coll i Reg\u00e0s es tu lugar.<\/p>\n<p>Es un espacio elegante, \u00fanico y vers\u00e1til que se adapta a tus necesidades para que tu evento sea un \u00e9xito.<br \/>\nDisponemos de conexi\u00f3n wifi.[\/vc_column_text][\/vc_column][\/vc_row][vc_row][vc_column][vc_custom_heading text=&#8221;M\u00e1s informaci\u00f3n&#8221; font_container=&#8221;tag:h2|text_align:left|color:%23000000&#8243; use_theme_fonts=&#8221;yes&#8221;][vc_empty_space height=&#8221;20px&#8221;][vc_column_text el_id=&#8221;form_reserva&#8221;]\n<div class=\"wpcf7 no-js\" id=\"wpcf7-f438-o1\" lang=\"ca\" dir=\"ltr\" data-wpcf7-id=\"438\">\n<div class=\"screen-reader-response\"><p role=\"status\" aria-live=\"polite\" aria-atomic=\"true\"><\/p> <ul><\/ul><\/div>\n<form action=\"\/es\/wp-json\/wp\/v2\/pages\/7499#wpcf7-f438-o1\" method=\"post\" class=\"wpcf7-form init\" aria-label=\"Formulari de contacte\" novalidate=\"novalidate\" data-status=\"init\">\n<fieldset class=\"hidden-fields-container\"><input type=\"hidden\" name=\"_wpcf7\" value=\"438\" \/><input type=\"hidden\" name=\"_wpcf7_version\" value=\"6.1.5\" \/><input type=\"hidden\" name=\"_wpcf7_locale\" value=\"ca\" \/><input type=\"hidden\" name=\"_wpcf7_unit_tag\" value=\"wpcf7-f438-o1\" \/><input type=\"hidden\" name=\"_wpcf7_container_post\" value=\"0\" \/><input type=\"hidden\" name=\"_wpcf7_posted_data_hash\" value=\"\" \/><input type=\"hidden\" name=\"_wpcf7_recaptcha_response\" value=\"\" \/>\n<\/fieldset>\n<p>Omple aquest formulari per rebre m\u00e9s informaci\u00f3 sobre el lloguer d\u2019espais\n<\/p>\n<p><span class=\"wpcf7-form-control-wrap\" data-name=\"your-recipient\"><select class=\"wpcf7-form-control wpcf7-select wpcf7-validates-as-required\" aria-required=\"true\" aria-invalid=\"false\" name=\"your-recipient\"><option value=\"Lloguer d&#039;espais\">Lloguer d&#039;espais<\/option><\/select><\/span>\n<\/p>\n<p><span class=\"wpcf7-form-control-wrap\" data-name=\"your-name\"><input size=\"40\" maxlength=\"400\" class=\"wpcf7-form-control wpcf7-text wpcf7-validates-as-required\" aria-required=\"true\" aria-invalid=\"false\" placeholder=\"Nom i cognoms\" value=\"\" type=\"text\" name=\"your-name\" \/><\/span>\n<\/p>\n<p><span class=\"wpcf7-form-control-wrap\" data-name=\"your-email\"><input size=\"40\" maxlength=\"400\" class=\"wpcf7-form-control wpcf7-email wpcf7-validates-as-required wpcf7-text wpcf7-validates-as-email\" aria-required=\"true\" aria-invalid=\"false\" placeholder=\"Correu electr\u00f2nic\" value=\"\" type=\"email\" name=\"your-email\" \/><\/span>\n<\/p>\n<p><span class=\"wpcf7-form-control-wrap\" data-name=\"your-telephone\"><input size=\"40\" maxlength=\"400\" class=\"wpcf7-form-control wpcf7-text wpcf7-validates-as-required\" aria-required=\"true\" aria-invalid=\"false\" placeholder=\"Tel\u00e8fon\" value=\"\" type=\"text\" name=\"your-telephone\" \/><\/span>\n<\/p>\n<p><span class=\"wpcf7-form-control-wrap\" data-name=\"your-message\"><textarea cols=\"40\" rows=\"10\" maxlength=\"2000\" class=\"wpcf7-form-control wpcf7-textarea wpcf7-validates-as-required\" aria-required=\"true\" aria-invalid=\"false\" placeholder=\"Missatge\" name=\"your-message\"><\/textarea><\/span>\n<\/p>\n<p><span class=\"wpcf7-form-control-wrap\" data-name=\"politica_de_privacitat\"><span class=\"wpcf7-form-control wpcf7-checkbox wpcf7-validates-as-required\"><span class=\"wpcf7-list-item first last\"><input type=\"checkbox\" name=\"politica_de_privacitat[]\" value=\"Accepto la pol\u00edtica de privacitat\" \/><span class=\"wpcf7-list-item-label\">Accepto la pol\u00edtica de privacitat<\/span><\/span><\/span><\/span>\n<\/p>\n<p>FUNDACI\u00d3 ILURO, FUNDACI\u00d3 PRIVADA ESPECIAL tractar\u00e0 les teves dades per respondre la consulta o petici\u00f3.<br \/>\nEn la nostra Pol\u00edtica de Privacitat, pots accedir, rectificar o eliminar les teves dades i exercir altres drets relacionats amb la protecci\u00f3 de dades. <a href=\"https:\/\/fundacioiluro.cat\/politica-de-privacitat\/\" target=\"_blank\"> Pol\u00edtica de Privacitat<\/a>.\n<\/p>\n<p><input class=\"wpcf7-form-control wpcf7-submit has-spinner\" type=\"submit\" value=\"Enviar\" \/>\n<\/p><div class=\"wpcf7-response-output\" aria-hidden=\"true\"><\/div>\n<\/form>\n<\/div>\n[\/vc_column_text][\/vc_column][\/vc_row]\n","protected":false},"excerpt":{"rendered":"<p>[vc_row][vc_column width=&#8221;1\/2&#8243;][vc_single_image image=&#8221;7479&#8243;][\/vc_column][vc_column width=&#8221;1\/2&#8243;][vc_column_text]Formaciones, presentaciones y reuniones de empresa Si eres una instituci\u00f3n, una empresa o un profesional y buscas un espacio para presentar tu proyecto, hacer una formaci\u00f3n, organizar reuniones o cualquier otro acto corporativo, la Casa Coll i&hellip;<\/p>\n","protected":false},"author":30,"featured_media":7481,"parent":1340,"menu_order":0,"comment_status":"closed","ping_status":"closed","template":"","meta":{"_acf_changed":false,"footnotes":""},"class_list":["post-7499","page","type-page","status-publish","has-post-thumbnail","hentry","entry","has-media"],"acf":[],"yoast_head":"<!-- This site is optimized with the Yoast SEO plugin v26.8 - https:\/\/yoast.com\/product\/yoast-seo-wordpress\/ -->\n<title>Acontecimientos privados - Casa Coll i Reg\u00e0s<\/title>\n<meta name=\"robots\" content=\"index, follow, max-snippet:-1, max-image-preview:large, max-video-preview:-1\" \/>\n<link rel=\"canonical\" href=\"https:\/\/casacolliregas.cat\/es\/espais\/esdeveniments-privats\/\" \/>\n<meta property=\"og:locale\" content=\"es_ES\" \/>\n<meta property=\"og:type\" content=\"article\" \/>\n<meta property=\"og:title\" content=\"Acontecimientos privados - Casa Coll i Reg\u00e0s\" \/>\n<meta property=\"og:description\" content=\"[vc_row][vc_column width=&#8221;1\/2&#8243;][vc_single_image image=&#8221;7479&#8243;][\/vc_column][vc_column width=&#8221;1\/2&#8243;][vc_column_text]Formaciones, presentaciones y reuniones de empresa Si eres una instituci\u00f3n, una empresa o un profesional y buscas un espacio para presentar tu proyecto, hacer una formaci\u00f3n, organizar reuniones o cualquier otro acto corporativo, la Casa Coll i&hellip;\" \/>\n<meta property=\"og:url\" content=\"https:\/\/casacolliregas.cat\/es\/espais\/esdeveniments-privats\/\" \/>\n<meta property=\"og:site_name\" content=\"Casa Coll i Reg\u00e0s\" \/>\n<meta property=\"article:publisher\" content=\"https:\/\/www.facebook.com\/casacolliregas\/\" \/>\n<meta property=\"article:modified_time\" content=\"2025-02-20T16:58:54+00:00\" \/>\n<meta property=\"og:image\" content=\"https:\/\/casacolliregas.cat\/wp-content\/uploads\/2019\/01\/Esdeveniments.jpg\" \/>\n\t<meta property=\"og:image:width\" content=\"502\" \/>\n\t<meta property=\"og:image:height\" content=\"503\" \/>\n\t<meta property=\"og:image:type\" content=\"image\/jpeg\" \/>\n<meta name=\"twitter:card\" content=\"summary_large_image\" \/>\n<meta name=\"twitter:site\" content=\"@casacolliregas\" \/>\n<meta name=\"twitter:label1\" content=\"Tiempo de lectura\" \/>\n\t<meta name=\"twitter:data1\" content=\"1 minuto\" \/>\n<!-- \/ Yoast SEO plugin. -->","yoast_head_json":{"title":"Acontecimientos privados - Casa Coll i Reg\u00e0s","robots":{"index":"index","follow":"follow","max-snippet":"max-snippet:-1","max-image-preview":"max-image-preview:large","max-video-preview":"max-video-preview:-1"},"canonical":"https:\/\/casacolliregas.cat\/es\/espais\/esdeveniments-privats\/","og_locale":"es_ES","og_type":"article","og_title":"Acontecimientos privados - Casa Coll i Reg\u00e0s","og_description":"[vc_row][vc_column width=&#8221;1\/2&#8243;][vc_single_image image=&#8221;7479&#8243;][\/vc_column][vc_column width=&#8221;1\/2&#8243;][vc_column_text]Formaciones, presentaciones y reuniones de empresa Si eres una instituci\u00f3n, una empresa o un profesional y buscas un espacio para presentar tu proyecto, hacer una formaci\u00f3n, organizar reuniones o cualquier otro acto corporativo, la Casa Coll i&hellip;","og_url":"https:\/\/casacolliregas.cat\/es\/espais\/esdeveniments-privats\/","og_site_name":"Casa Coll i Reg\u00e0s","article_publisher":"https:\/\/www.facebook.com\/casacolliregas\/","article_modified_time":"2025-02-20T16:58:54+00:00","og_image":[{"width":502,"height":503,"url":"https:\/\/casacolliregas.cat\/wp-content\/uploads\/2019\/01\/Esdeveniments.jpg","type":"image\/jpeg"}],"twitter_card":"summary_large_image","twitter_site":"@casacolliregas","twitter_misc":{"Tiempo de lectura":"1 minuto"},"schema":{"@context":"https:\/\/schema.org","@graph":[{"@type":"WebPage","@id":"https:\/\/casacolliregas.cat\/es\/espais\/esdeveniments-privats\/","url":"https:\/\/casacolliregas.cat\/es\/espais\/esdeveniments-privats\/","name":"Acontecimientos privados - Casa Coll i Reg\u00e0s","isPartOf":{"@id":"https:\/\/casacolliregas.cat\/#website"},"primaryImageOfPage":{"@id":"https:\/\/casacolliregas.cat\/es\/espais\/esdeveniments-privats\/#primaryimage"},"image":{"@id":"https:\/\/casacolliregas.cat\/es\/espais\/esdeveniments-privats\/#primaryimage"},"thumbnailUrl":"https:\/\/casacolliregas.cat\/wp-content\/uploads\/2019\/01\/Esdeveniments.jpg","datePublished":"2019-01-23T12:14:53+00:00","dateModified":"2025-02-20T16:58:54+00:00","breadcrumb":{"@id":"https:\/\/casacolliregas.cat\/es\/espais\/esdeveniments-privats\/#breadcrumb"},"inLanguage":"es","potentialAction":[{"@type":"ReadAction","target":["https:\/\/casacolliregas.cat\/es\/espais\/esdeveniments-privats\/"]}]},{"@type":"ImageObject","inLanguage":"es","@id":"https:\/\/casacolliregas.cat\/es\/espais\/esdeveniments-privats\/#primaryimage","url":"https:\/\/casacolliregas.cat\/wp-content\/uploads\/2019\/01\/Esdeveniments.jpg","contentUrl":"https:\/\/casacolliregas.cat\/wp-content\/uploads\/2019\/01\/Esdeveniments.jpg","width":502,"height":503,"caption":"ESPACIOS"},{"@type":"BreadcrumbList","@id":"https:\/\/casacolliregas.cat\/es\/espais\/esdeveniments-privats\/#breadcrumb","itemListElement":[{"@type":"ListItem","position":1,"name":"Inici","item":"https:\/\/casacolliregas.cat\/es\/"},{"@type":"ListItem","position":2,"name":"Espacios","item":"https:\/\/casacolliregas.cat\/es\/espais\/"},{"@type":"ListItem","position":3,"name":"Acontecimientos privados"}]},{"@type":"WebSite","@id":"https:\/\/casacolliregas.cat\/#website","url":"https:\/\/casacolliregas.cat\/","name":"Casa Coll i Reg\u00e0s","description":"","publisher":{"@id":"https:\/\/casacolliregas.cat\/#organization"},"potentialAction":[{"@type":"SearchAction","target":{"@type":"EntryPoint","urlTemplate":"https:\/\/casacolliregas.cat\/?s={search_term_string}"},"query-input":{"@type":"PropertyValueSpecification","valueRequired":true,"valueName":"search_term_string"}}],"inLanguage":"es"},{"@type":"Organization","@id":"https:\/\/casacolliregas.cat\/#organization","name":"Casa Coll i Reg\u00e0s","url":"https:\/\/casacolliregas.cat\/","logo":{"@type":"ImageObject","inLanguage":"es","@id":"https:\/\/casacolliregas.cat\/#\/schema\/logo\/image\/","url":"https:\/\/casacolliregas.cat\/wp-content\/uploads\/2017\/09\/logo-casa-coll-i-regas.jpg","contentUrl":"https:\/\/casacolliregas.cat\/wp-content\/uploads\/2017\/09\/logo-casa-coll-i-regas.jpg","width":190,"height":125,"caption":"Casa Coll i Reg\u00e0s"},"image":{"@id":"https:\/\/casacolliregas.cat\/#\/schema\/logo\/image\/"},"sameAs":["https:\/\/www.facebook.com\/casacolliregas\/","https:\/\/x.com\/casacolliregas","https:\/\/instagram.com\/casacolliregas","https:\/\/ca.wikipedia.org\/wiki\/Casa_Coll_i_Reg\u00e0s"]}]}},"_links":{"self":[{"href":"https:\/\/casacolliregas.cat\/es\/wp-json\/wp\/v2\/pages\/7499","targetHints":{"allow":["GET"]}}],"collection":[{"href":"https:\/\/casacolliregas.cat\/es\/wp-json\/wp\/v2\/pages"}],"about":[{"href":"https:\/\/casacolliregas.cat\/es\/wp-json\/wp\/v2\/types\/page"}],"author":[{"embeddable":true,"href":"https:\/\/casacolliregas.cat\/es\/wp-json\/wp\/v2\/users\/30"}],"replies":[{"embeddable":true,"href":"https:\/\/casacolliregas.cat\/es\/wp-json\/wp\/v2\/comments?post=7499"}],"version-history":[{"count":2,"href":"https:\/\/casacolliregas.cat\/es\/wp-json\/wp\/v2\/pages\/7499\/revisions"}],"predecessor-version":[{"id":72960,"href":"https:\/\/casacolliregas.cat\/es\/wp-json\/wp\/v2\/pages\/7499\/revisions\/72960"}],"up":[{"embeddable":true,"href":"https:\/\/casacolliregas.cat\/es\/wp-json\/wp\/v2\/pages\/1340"}],"wp:featuredmedia":[{"embeddable":true,"href":"https:\/\/casacolliregas.cat\/es\/wp-json\/wp\/v2\/media\/7481"}],"wp:attachment":[{"href":"https:\/\/casacolliregas.cat\/es\/wp-json\/wp\/v2\/media?parent=7499"}],"curies":[{"name":"wp","href":"https:\/\/api.w.org\/{rel}","templated":true}]}}