{"id":7494,"date":"2019-01-23T12:43:22","date_gmt":"2019-01-23T11:43:22","guid":{"rendered":"https:\/\/casacolliregas.cat\/espais\/casaments-i-celebracions\/"},"modified":"2025-02-20T17:47:14","modified_gmt":"2025-02-20T16:47:14","slug":"bodas","status":"publish","type":"page","link":"https:\/\/casacolliregas.cat\/es\/espais\/bodas\/","title":{"rendered":"Bodas"},"content":{"rendered":"[vc_row][vc_column width=&#8221;1\/2&#8243;][vc_single_image image=&#8221;7470&#8243;][\/vc_column][vc_column width=&#8221;1\/2&#8243;][vc_column_text]<strong>Celebraciones y aniversarios<\/strong><\/p>\n<p>La Casa Coll i Reg\u00e0s es un edificio muy especial, que incluye todas las caracter\u00edsticas del arte modernista.<\/p>\n<p>Los espacios de la Casa Coll y Reg\u00e0s son exclusivos, \u00fanicos y vers\u00e1tiles.<br \/>\nTiene una capacidad m\u00e1xima para 80 personas, y esto la convierte en un lugar perfecto para celebraciones \u00edntimas.<\/p>\n<p>Tambi\u00e9n ofrecemos el contacto con los mejores profesionales para que se encarguen de todos los detalles de vuestra celebraci\u00f3n: decoraci\u00f3n floral, m\u00fasica e iluminaci\u00f3n, fotograf\u00eda y v\u00eddeo.<\/p>\n<p>Trabajamos con diferentes empresas de catering de calidad que se adapten a todos los gustos.[\/vc_column_text][\/vc_column][\/vc_row][vc_row][vc_column][vc_custom_heading text=&#8221;M\u00e1s informaci\u00f3n&#8221; font_container=&#8221;tag:h2|text_align:left|color:%23000000&#8243; use_theme_fonts=&#8221;yes&#8221;][vc_empty_space height=&#8221;20px&#8221;][vc_column_text responsive_text=&#8221;&#8221; italic=&#8221;&#8221; el_id=&#8221;form_reserva&#8221;]\n<div class=\"wpcf7 no-js\" id=\"wpcf7-f1388-o1\" lang=\"ca\" dir=\"ltr\" data-wpcf7-id=\"1388\">\n<div class=\"screen-reader-response\"><p role=\"status\" aria-live=\"polite\" aria-atomic=\"true\"><\/p> <ul><\/ul><\/div>\n<form action=\"\/es\/wp-json\/wp\/v2\/pages\/7494#wpcf7-f1388-o1\" method=\"post\" class=\"wpcf7-form init\" aria-label=\"Formulari de contacte\" novalidate=\"novalidate\" data-status=\"init\">\n<fieldset class=\"hidden-fields-container\"><input type=\"hidden\" name=\"_wpcf7\" value=\"1388\" \/><input type=\"hidden\" name=\"_wpcf7_version\" value=\"6.1.5\" \/><input type=\"hidden\" name=\"_wpcf7_locale\" value=\"ca\" \/><input type=\"hidden\" name=\"_wpcf7_unit_tag\" value=\"wpcf7-f1388-o1\" \/><input type=\"hidden\" name=\"_wpcf7_container_post\" value=\"0\" \/><input type=\"hidden\" name=\"_wpcf7_posted_data_hash\" value=\"\" \/><input type=\"hidden\" name=\"_wpcf7_recaptcha_response\" value=\"\" \/>\n<\/fieldset>\n<p>Rellena este formulario para recibir m\u00e1s informaci\u00f3n sobre el alquiler de espacios\n<\/p>\n<p><span class=\"wpcf7-form-control-wrap\" data-name=\"your-recipient\"><select class=\"wpcf7-form-control wpcf7-select wpcf7-validates-as-required\" aria-required=\"true\" aria-invalid=\"false\" name=\"your-recipient\"><option value=\"Alquiler de espacios\">Alquiler de espacios<\/option><\/select><\/span>\n<\/p>\n<p><span class=\"wpcf7-form-control-wrap\" data-name=\"your-name\"><input size=\"40\" maxlength=\"400\" class=\"wpcf7-form-control wpcf7-text wpcf7-validates-as-required\" aria-required=\"true\" aria-invalid=\"false\" placeholder=\"Nombre y apellidos\" value=\"\" type=\"text\" name=\"your-name\" \/><\/span>\n<\/p>\n<p><span class=\"wpcf7-form-control-wrap\" data-name=\"your-email\"><input size=\"40\" maxlength=\"400\" class=\"wpcf7-form-control wpcf7-email wpcf7-validates-as-required wpcf7-text wpcf7-validates-as-email\" aria-required=\"true\" aria-invalid=\"false\" placeholder=\"Correo electr\u00f3nico\" value=\"\" type=\"email\" name=\"your-email\" \/><\/span>\n<\/p>\n<p><span class=\"wpcf7-form-control-wrap\" data-name=\"your-telephone\"><input size=\"40\" maxlength=\"400\" class=\"wpcf7-form-control wpcf7-text wpcf7-validates-as-required\" aria-required=\"true\" aria-invalid=\"false\" placeholder=\"Tel\u00e9fono\" value=\"\" type=\"text\" name=\"your-telephone\" \/><\/span>\n<\/p>\n<p><span class=\"wpcf7-form-control-wrap\" data-name=\"your-message\"><textarea cols=\"40\" rows=\"10\" maxlength=\"2000\" class=\"wpcf7-form-control wpcf7-textarea wpcf7-validates-as-required\" aria-required=\"true\" aria-invalid=\"false\" placeholder=\"Mensaje\" name=\"your-message\"><\/textarea><\/span>\n<\/p>\n<p><span class=\"wpcf7-form-control-wrap\" data-name=\"politica_de_privacitat\"><span class=\"wpcf7-form-control wpcf7-checkbox wpcf7-validates-as-required\"><span class=\"wpcf7-list-item first last\"><input type=\"checkbox\" name=\"politica_de_privacitat[]\" value=\"Acepto la pol\u00edtica de privacidad\" \/><span class=\"wpcf7-list-item-label\">Acepto la pol\u00edtica de privacidad<\/span><\/span><\/span><\/span>\n<\/p>\n<p>FUNDACI\u00d3 ILURO, FUNDACI\u00d3 PRIVADA ESPECIAL tratar\u00e1 tus datos para responder la consulta o petici\u00f3n.<br \/>\nEn nuestra Pol\u00edtica de Privacidad, puedes acceder, rectificar o eliminar tus datos y ejercer otros derechos relacionados con la protecci\u00f3n de datos. <a href=\"https:\/\/fundacioiluro.cat\/politica-de-privacitat\/\" target=\"_blank\">Pol\u00edtica de Privacidad<\/a>.\n<\/p>\n<p><input class=\"wpcf7-form-control wpcf7-submit has-spinner\" type=\"submit\" value=\"Enviar\" \/>\n<\/p><div class=\"wpcf7-response-output\" aria-hidden=\"true\"><\/div>\n<\/form>\n<\/div>\n[\/vc_column_text][\/vc_column][\/vc_row]\n","protected":false},"excerpt":{"rendered":"<p>[vc_row][vc_column width=&#8221;1\/2&#8243;][vc_single_image image=&#8221;7470&#8243;][\/vc_column][vc_column width=&#8221;1\/2&#8243;][vc_column_text]Celebraciones y aniversarios La Casa Coll i Reg\u00e0s es un edificio muy especial, que incluye todas las caracter\u00edsticas del arte modernista. Los espacios de la Casa Coll y Reg\u00e0s son exclusivos, \u00fanicos y vers\u00e1tiles. Tiene una capacidad&hellip;<\/p>\n","protected":false},"author":30,"featured_media":7472,"parent":1340,"menu_order":0,"comment_status":"closed","ping_status":"closed","template":"","meta":{"_acf_changed":false,"footnotes":""},"class_list":["post-7494","page","type-page","status-publish","has-post-thumbnail","hentry","entry","has-media"],"acf":[],"yoast_head":"<!-- This site is optimized with the Yoast SEO plugin v26.8 - https:\/\/yoast.com\/product\/yoast-seo-wordpress\/ -->\n<title>Bodas - Casa Coll i Reg\u00e0s<\/title>\n<meta name=\"robots\" content=\"index, follow, max-snippet:-1, max-image-preview:large, max-video-preview:-1\" \/>\n<link rel=\"canonical\" href=\"https:\/\/casacolliregas.cat\/es\/espais\/bodas\/\" \/>\n<meta property=\"og:locale\" content=\"es_ES\" \/>\n<meta property=\"og:type\" content=\"article\" \/>\n<meta property=\"og:title\" content=\"Bodas - Casa Coll i Reg\u00e0s\" \/>\n<meta property=\"og:description\" content=\"[vc_row][vc_column width=&#8221;1\/2&#8243;][vc_single_image image=&#8221;7470&#8243;][\/vc_column][vc_column width=&#8221;1\/2&#8243;][vc_column_text]Celebraciones y aniversarios La Casa Coll i Reg\u00e0s es un edificio muy especial, que incluye todas las caracter\u00edsticas del arte modernista. Los espacios de la Casa Coll y Reg\u00e0s son exclusivos, \u00fanicos y vers\u00e1tiles. Tiene una capacidad&hellip;\" \/>\n<meta property=\"og:url\" content=\"https:\/\/casacolliregas.cat\/es\/espais\/bodas\/\" \/>\n<meta property=\"og:site_name\" content=\"Casa Coll i Reg\u00e0s\" \/>\n<meta property=\"article:publisher\" content=\"https:\/\/www.facebook.com\/casacolliregas\/\" \/>\n<meta property=\"article:modified_time\" content=\"2025-02-20T16:47:14+00:00\" \/>\n<meta property=\"og:image\" content=\"https:\/\/casacolliregas.cat\/wp-content\/uploads\/2019\/01\/Casaments.jpg\" \/>\n\t<meta property=\"og:image:width\" content=\"501\" \/>\n\t<meta property=\"og:image:height\" content=\"500\" \/>\n\t<meta property=\"og:image:type\" content=\"image\/jpeg\" \/>\n<meta name=\"twitter:card\" content=\"summary_large_image\" \/>\n<meta name=\"twitter:site\" content=\"@casacolliregas\" \/>\n<meta name=\"twitter:label1\" content=\"Tiempo de lectura\" \/>\n\t<meta name=\"twitter:data1\" content=\"2 minutos\" \/>\n<!-- \/ Yoast SEO plugin. -->","yoast_head_json":{"title":"Bodas - Casa Coll i Reg\u00e0s","robots":{"index":"index","follow":"follow","max-snippet":"max-snippet:-1","max-image-preview":"max-image-preview:large","max-video-preview":"max-video-preview:-1"},"canonical":"https:\/\/casacolliregas.cat\/es\/espais\/bodas\/","og_locale":"es_ES","og_type":"article","og_title":"Bodas - Casa Coll i Reg\u00e0s","og_description":"[vc_row][vc_column width=&#8221;1\/2&#8243;][vc_single_image image=&#8221;7470&#8243;][\/vc_column][vc_column width=&#8221;1\/2&#8243;][vc_column_text]Celebraciones y aniversarios La Casa Coll i Reg\u00e0s es un edificio muy especial, que incluye todas las caracter\u00edsticas del arte modernista. Los espacios de la Casa Coll y Reg\u00e0s son exclusivos, \u00fanicos y vers\u00e1tiles. Tiene una capacidad&hellip;","og_url":"https:\/\/casacolliregas.cat\/es\/espais\/bodas\/","og_site_name":"Casa Coll i Reg\u00e0s","article_publisher":"https:\/\/www.facebook.com\/casacolliregas\/","article_modified_time":"2025-02-20T16:47:14+00:00","og_image":[{"width":501,"height":500,"url":"https:\/\/casacolliregas.cat\/wp-content\/uploads\/2019\/01\/Casaments.jpg","type":"image\/jpeg"}],"twitter_card":"summary_large_image","twitter_site":"@casacolliregas","twitter_misc":{"Tiempo de lectura":"2 minutos"},"schema":{"@context":"https:\/\/schema.org","@graph":[{"@type":"WebPage","@id":"https:\/\/casacolliregas.cat\/es\/espais\/bodas\/","url":"https:\/\/casacolliregas.cat\/es\/espais\/bodas\/","name":"Bodas - Casa Coll i Reg\u00e0s","isPartOf":{"@id":"https:\/\/casacolliregas.cat\/#website"},"primaryImageOfPage":{"@id":"https:\/\/casacolliregas.cat\/es\/espais\/bodas\/#primaryimage"},"image":{"@id":"https:\/\/casacolliregas.cat\/es\/espais\/bodas\/#primaryimage"},"thumbnailUrl":"https:\/\/casacolliregas.cat\/wp-content\/uploads\/2019\/01\/Casaments.jpg","datePublished":"2019-01-23T11:43:22+00:00","dateModified":"2025-02-20T16:47:14+00:00","breadcrumb":{"@id":"https:\/\/casacolliregas.cat\/es\/espais\/bodas\/#breadcrumb"},"inLanguage":"es","potentialAction":[{"@type":"ReadAction","target":["https:\/\/casacolliregas.cat\/es\/espais\/bodas\/"]}]},{"@type":"ImageObject","inLanguage":"es","@id":"https:\/\/casacolliregas.cat\/es\/espais\/bodas\/#primaryimage","url":"https:\/\/casacolliregas.cat\/wp-content\/uploads\/2019\/01\/Casaments.jpg","contentUrl":"https:\/\/casacolliregas.cat\/wp-content\/uploads\/2019\/01\/Casaments.jpg","width":501,"height":500},{"@type":"BreadcrumbList","@id":"https:\/\/casacolliregas.cat\/es\/espais\/bodas\/#breadcrumb","itemListElement":[{"@type":"ListItem","position":1,"name":"Inici","item":"https:\/\/casacolliregas.cat\/es\/"},{"@type":"ListItem","position":2,"name":"Espacios","item":"https:\/\/casacolliregas.cat\/es\/espais\/"},{"@type":"ListItem","position":3,"name":"Bodas"}]},{"@type":"WebSite","@id":"https:\/\/casacolliregas.cat\/#website","url":"https:\/\/casacolliregas.cat\/","name":"Casa Coll i Reg\u00e0s","description":"","publisher":{"@id":"https:\/\/casacolliregas.cat\/#organization"},"potentialAction":[{"@type":"SearchAction","target":{"@type":"EntryPoint","urlTemplate":"https:\/\/casacolliregas.cat\/?s={search_term_string}"},"query-input":{"@type":"PropertyValueSpecification","valueRequired":true,"valueName":"search_term_string"}}],"inLanguage":"es"},{"@type":"Organization","@id":"https:\/\/casacolliregas.cat\/#organization","name":"Casa Coll i Reg\u00e0s","url":"https:\/\/casacolliregas.cat\/","logo":{"@type":"ImageObject","inLanguage":"es","@id":"https:\/\/casacolliregas.cat\/#\/schema\/logo\/image\/","url":"https:\/\/casacolliregas.cat\/wp-content\/uploads\/2017\/09\/logo-casa-coll-i-regas.jpg","contentUrl":"https:\/\/casacolliregas.cat\/wp-content\/uploads\/2017\/09\/logo-casa-coll-i-regas.jpg","width":190,"height":125,"caption":"Casa Coll i Reg\u00e0s"},"image":{"@id":"https:\/\/casacolliregas.cat\/#\/schema\/logo\/image\/"},"sameAs":["https:\/\/www.facebook.com\/casacolliregas\/","https:\/\/x.com\/casacolliregas","https:\/\/instagram.com\/casacolliregas","https:\/\/ca.wikipedia.org\/wiki\/Casa_Coll_i_Reg\u00e0s"]}]}},"_links":{"self":[{"href":"https:\/\/casacolliregas.cat\/es\/wp-json\/wp\/v2\/pages\/7494","targetHints":{"allow":["GET"]}}],"collection":[{"href":"https:\/\/casacolliregas.cat\/es\/wp-json\/wp\/v2\/pages"}],"about":[{"href":"https:\/\/casacolliregas.cat\/es\/wp-json\/wp\/v2\/types\/page"}],"author":[{"embeddable":true,"href":"https:\/\/casacolliregas.cat\/es\/wp-json\/wp\/v2\/users\/30"}],"replies":[{"embeddable":true,"href":"https:\/\/casacolliregas.cat\/es\/wp-json\/wp\/v2\/comments?post=7494"}],"version-history":[{"count":1,"href":"https:\/\/casacolliregas.cat\/es\/wp-json\/wp\/v2\/pages\/7494\/revisions"}],"predecessor-version":[{"id":72957,"href":"https:\/\/casacolliregas.cat\/es\/wp-json\/wp\/v2\/pages\/7494\/revisions\/72957"}],"up":[{"embeddable":true,"href":"https:\/\/casacolliregas.cat\/es\/wp-json\/wp\/v2\/pages\/1340"}],"wp:featuredmedia":[{"embeddable":true,"href":"https:\/\/casacolliregas.cat\/es\/wp-json\/wp\/v2\/media\/7472"}],"wp:attachment":[{"href":"https:\/\/casacolliregas.cat\/es\/wp-json\/wp\/v2\/media?parent=7494"}],"curies":[{"name":"wp","href":"https:\/\/api.w.org\/{rel}","templated":true}]}}