{"id":5278,"date":"2018-06-27T17:36:10","date_gmt":"2018-06-27T16:36:10","guid":{"rendered":"https:\/\/casacolliregas.cat\/projecte-social\/"},"modified":"2025-08-29T12:05:00","modified_gmt":"2025-08-29T10:05:00","slug":"sostenibilidad","status":"publish","type":"page","link":"https:\/\/casacolliregas.cat\/es\/sostenibilidad\/","title":{"rendered":"Sostenibilidad"},"content":{"rendered":"[vc_row][vc_column][vc_row_inner][vc_column_inner width=&#8221;5\/12&#8243;][vc_empty_space][vc_single_image image=&#8221;5080&#8243; img_size=&#8221;70&#215;70&#8243; alignment=&#8221;center&#8221;][vc_empty_space][vc_single_image image=&#8221;5083&#8243; img_size=&#8221;70&#215;70&#8243; alignment=&#8221;center&#8221;][vc_empty_space][vc_single_image image=&#8221;5086&#8243; img_size=&#8221;70&#215;70&#8243; alignment=&#8221;center&#8221;][vc_empty_space][vc_single_image image=&#8221;5089&#8243; img_size=&#8221;70&#215;70&#8243; alignment=&#8221;center&#8221;][vc_empty_space][vc_single_image image=&#8221;5092&#8243; img_size=&#8221;70&#215;70&#8243; alignment=&#8221;center&#8221;][vc_empty_space][vc_single_image image=&#8221;5095&#8243; img_size=&#8221;70&#215;70&#8243; alignment=&#8221;center&#8221;][\/vc_column_inner][vc_column_inner width=&#8221;7\/12&#8243;][vc_column_text]La Casa Coll i Reg\u00e0s est\u00e1 acreditada desde el a\u00f1o 2021 con el compromiso de sostenibilidad tur\u00edstica <a href=\"https:\/\/www.biospheresustainable.com\/es\/\" target=\"_blank\" rel=\"noopener\">BIOSPHERE SUSTAINABLE<\/a>, creado en 1997 por el Instituto de Turismo Responsable (ITR) a partir de un grupo de acad\u00e9micos, profesionales y expertos en sostenibilidad, con un MOU con la UNESCO, para transmitir las directrices de Naciones Unidas de una forma f\u00e1cil y adaptada. para ense\u00f1ar a las sociedades qu\u00e9 hacer, como hacerlo y como medir-lo, con el fin de conseguir estilos y modelos de vida acuerdos con los principios y objetivos globales de sostenibilidad.[\/vc_column_text][vc_empty_space height=&#8221;20px&#8221;][vc_single_image image=&#8221;41217&#8243; img_size=&#8221;medium&#8221; alignment=&#8221;center&#8221;][vc_empty_space height=&#8221;20px&#8221;][vc_column_text]<strong>Misi\u00f3n<\/strong><\/p>\n<p>La imagen de la Casa Coll i Reg\u00e0s tiene que estar asociada con un servicio de calidad, la gesti\u00f3n eficiente de los recursos, la excelencia y las mejores pr\u00e1cticas, tanto en cuanto a la gesti\u00f3n interna como externas en las actuaciones en el medio ambiente.<\/p>\n<p><strong>Visi\u00f3n<\/strong><\/p>\n<p>La Casa Coll i Reg\u00e0s pretende ser un equipamiento patrimonial referente en la gesti\u00f3n de la sostenibilidad, y as\u00ed mismo, liderar el compromiso social mejorando la calidad de vida de los visitantes construyendo as\u00ed una sociedad m\u00e1s eficiente.<\/p>\n<p><strong>Pol\u00edtica<\/strong><\/p>\n<ul>\n<li>Cumplir la reglamentaci\u00f3n vigente manteniendo sus principios \u00e9ticos y profesionales.<\/li>\n<li>Desarrollar y aplicar pr\u00e1cticas de buen gobierno, basadas en la transparencia y la \u00e9tica en sus actuaciones que promuevan la confianza de nuestros usuarios.<\/li>\n<li>Respetar los derechos humanos de todos aquellos que participan en sus actuaciones, rechazando cualquier pr\u00e1ctica que comporte una vulneraci\u00f3n a la dignidad individual o colectiva.<\/li>\n<li>Impulsar cauces de comunicaci\u00f3n y di\u00e1logo con los grupos de inter\u00e9s para conocer sus expectativas y opiniones, pudiendo as\u00ed orientarse a satisfacerlas.<\/li>\n<li>Fomentar un buen clima laboral basado en la igualdad de oportunidades, la no-discriminaci\u00f3n y el respecto a la diversidad, promoviendo un entorno seguro y saludable y facilitando la comunicaci\u00f3n y el desarrollo personal, profesional y social.<\/li>\n<li>Proteger y mejorar el medio ambiente, fomentando la prevenci\u00f3n de la contaminaci\u00f3n, el uso racional de los recursos, la eficiencia energ\u00e9tica, la correcta gesti\u00f3n de los residuos, as\u00ed como la protecci\u00f3n del entorno natural con el objeto de conseguir un desarrollo sostenible.<\/li>\n<li>Apoyar al desarrollo de la sociedad mediante la participaci\u00f3n en proyectos socioambientales, educativos, culturales o cient\u00edficos.<\/li>\n<\/ul>\n[\/vc_column_text][vc_empty_space height=&#8221;20px&#8221;][vc_column_text]ADHESI\u00d3N AL COMPROMISO PARA LA SOSTENIBILIDAD TUR\u00cdSTICA<br \/>\nCOMARCAS DE BARCELONA BIOSPHERE<\/p>\n<p><a href=\"https:\/\/casacolliregas.cat\/wp-content\/uploads\/2025\/08\/ESP_PoIitica_de_Turismo_Responsable_ITR.pdf\" target=\"_blank\" rel=\"noopener\">DECLARACI\u00d3N RESPONSABLE<\/a>[\/vc_column_text][\/vc_column_inner][\/vc_row_inner][\/vc_column][\/vc_row]\n","protected":false},"excerpt":{"rendered":"<p>[vc_row][vc_column][vc_row_inner][vc_column_inner width=&#8221;5\/12&#8243;][vc_empty_space][vc_single_image image=&#8221;5080&#8243; img_size=&#8221;70&#215;70&#8243; alignment=&#8221;center&#8221;][vc_empty_space][vc_single_image image=&#8221;5083&#8243; img_size=&#8221;70&#215;70&#8243; alignment=&#8221;center&#8221;][vc_empty_space][vc_single_image image=&#8221;5086&#8243; img_size=&#8221;70&#215;70&#8243; alignment=&#8221;center&#8221;][vc_empty_space][vc_single_image image=&#8221;5089&#8243; img_size=&#8221;70&#215;70&#8243; alignment=&#8221;center&#8221;][vc_empty_space][vc_single_image image=&#8221;5092&#8243; img_size=&#8221;70&#215;70&#8243; alignment=&#8221;center&#8221;][vc_empty_space][vc_single_image image=&#8221;5095&#8243; img_size=&#8221;70&#215;70&#8243; alignment=&#8221;center&#8221;][\/vc_column_inner][vc_column_inner width=&#8221;7\/12&#8243;][vc_column_text]La Casa Coll i Reg\u00e0s est\u00e1 acreditada desde el a\u00f1o 2021 con el compromiso de sostenibilidad tur\u00edstica BIOSPHERE SUSTAINABLE, creado&hellip;<\/p>\n","protected":false},"author":30,"featured_media":4958,"parent":0,"menu_order":0,"comment_status":"closed","ping_status":"closed","template":"","meta":{"_acf_changed":false,"footnotes":""},"class_list":["post-5278","page","type-page","status-publish","has-post-thumbnail","hentry","entry","has-media"],"acf":[],"yoast_head":"<!-- This site is optimized with the Yoast SEO plugin v26.8 - https:\/\/yoast.com\/product\/yoast-seo-wordpress\/ -->\n<title>Sostenibilidad - Casa Coll i Reg\u00e0s<\/title>\n<meta name=\"robots\" content=\"index, follow, max-snippet:-1, max-image-preview:large, max-video-preview:-1\" \/>\n<link rel=\"canonical\" href=\"https:\/\/casacolliregas.cat\/es\/sostenibilidad\/\" \/>\n<meta property=\"og:locale\" content=\"es_ES\" \/>\n<meta property=\"og:type\" content=\"article\" \/>\n<meta property=\"og:title\" content=\"Sostenibilidad - Casa Coll i Reg\u00e0s\" \/>\n<meta property=\"og:description\" content=\"[vc_row][vc_column][vc_row_inner][vc_column_inner width=&#8221;5\/12&#8243;][vc_empty_space][vc_single_image image=&#8221;5080&#8243; img_size=&#8221;70&#215;70&#8243; alignment=&#8221;center&#8221;][vc_empty_space][vc_single_image image=&#8221;5083&#8243; img_size=&#8221;70&#215;70&#8243; alignment=&#8221;center&#8221;][vc_empty_space][vc_single_image image=&#8221;5086&#8243; img_size=&#8221;70&#215;70&#8243; alignment=&#8221;center&#8221;][vc_empty_space][vc_single_image image=&#8221;5089&#8243; img_size=&#8221;70&#215;70&#8243; alignment=&#8221;center&#8221;][vc_empty_space][vc_single_image image=&#8221;5092&#8243; img_size=&#8221;70&#215;70&#8243; alignment=&#8221;center&#8221;][vc_empty_space][vc_single_image image=&#8221;5095&#8243; img_size=&#8221;70&#215;70&#8243; alignment=&#8221;center&#8221;][\/vc_column_inner][vc_column_inner width=&#8221;7\/12&#8243;][vc_column_text]La Casa Coll i Reg\u00e0s est\u00e1 acreditada desde el a\u00f1o 2021 con el compromiso de sostenibilidad tur\u00edstica BIOSPHERE SUSTAINABLE, creado&hellip;\" \/>\n<meta property=\"og:url\" content=\"https:\/\/casacolliregas.cat\/es\/sostenibilidad\/\" \/>\n<meta property=\"og:site_name\" content=\"Casa Coll i Reg\u00e0s\" \/>\n<meta property=\"article:publisher\" content=\"https:\/\/www.facebook.com\/casacolliregas\/\" \/>\n<meta property=\"article:modified_time\" content=\"2025-08-29T10:05:00+00:00\" \/>\n<meta property=\"og:image\" content=\"https:\/\/casacolliregas.cat\/wp-content\/uploads\/2018\/06\/Social.jpg\" \/>\n\t<meta property=\"og:image:width\" content=\"902\" \/>\n\t<meta property=\"og:image:height\" content=\"602\" \/>\n\t<meta property=\"og:image:type\" content=\"image\/jpeg\" \/>\n<meta name=\"twitter:card\" content=\"summary_large_image\" \/>\n<meta name=\"twitter:site\" content=\"@casacolliregas\" \/>\n<meta name=\"twitter:label1\" content=\"Tiempo de lectura\" \/>\n\t<meta name=\"twitter:data1\" content=\"3 minutos\" \/>\n<!-- \/ Yoast SEO plugin. -->","yoast_head_json":{"title":"Sostenibilidad - Casa Coll i Reg\u00e0s","robots":{"index":"index","follow":"follow","max-snippet":"max-snippet:-1","max-image-preview":"max-image-preview:large","max-video-preview":"max-video-preview:-1"},"canonical":"https:\/\/casacolliregas.cat\/es\/sostenibilidad\/","og_locale":"es_ES","og_type":"article","og_title":"Sostenibilidad - Casa Coll i Reg\u00e0s","og_description":"[vc_row][vc_column][vc_row_inner][vc_column_inner width=&#8221;5\/12&#8243;][vc_empty_space][vc_single_image image=&#8221;5080&#8243; img_size=&#8221;70&#215;70&#8243; alignment=&#8221;center&#8221;][vc_empty_space][vc_single_image image=&#8221;5083&#8243; img_size=&#8221;70&#215;70&#8243; alignment=&#8221;center&#8221;][vc_empty_space][vc_single_image image=&#8221;5086&#8243; img_size=&#8221;70&#215;70&#8243; alignment=&#8221;center&#8221;][vc_empty_space][vc_single_image image=&#8221;5089&#8243; img_size=&#8221;70&#215;70&#8243; alignment=&#8221;center&#8221;][vc_empty_space][vc_single_image image=&#8221;5092&#8243; img_size=&#8221;70&#215;70&#8243; alignment=&#8221;center&#8221;][vc_empty_space][vc_single_image image=&#8221;5095&#8243; img_size=&#8221;70&#215;70&#8243; alignment=&#8221;center&#8221;][\/vc_column_inner][vc_column_inner width=&#8221;7\/12&#8243;][vc_column_text]La Casa Coll i Reg\u00e0s est\u00e1 acreditada desde el a\u00f1o 2021 con el compromiso de sostenibilidad tur\u00edstica BIOSPHERE SUSTAINABLE, creado&hellip;","og_url":"https:\/\/casacolliregas.cat\/es\/sostenibilidad\/","og_site_name":"Casa Coll i Reg\u00e0s","article_publisher":"https:\/\/www.facebook.com\/casacolliregas\/","article_modified_time":"2025-08-29T10:05:00+00:00","og_image":[{"width":902,"height":602,"url":"https:\/\/casacolliregas.cat\/wp-content\/uploads\/2018\/06\/Social.jpg","type":"image\/jpeg"}],"twitter_card":"summary_large_image","twitter_site":"@casacolliregas","twitter_misc":{"Tiempo de lectura":"3 minutos"},"schema":{"@context":"https:\/\/schema.org","@graph":[{"@type":"WebPage","@id":"https:\/\/casacolliregas.cat\/es\/sostenibilidad\/","url":"https:\/\/casacolliregas.cat\/es\/sostenibilidad\/","name":"Sostenibilidad - Casa Coll i Reg\u00e0s","isPartOf":{"@id":"https:\/\/casacolliregas.cat\/#website"},"primaryImageOfPage":{"@id":"https:\/\/casacolliregas.cat\/es\/sostenibilidad\/#primaryimage"},"image":{"@id":"https:\/\/casacolliregas.cat\/es\/sostenibilidad\/#primaryimage"},"thumbnailUrl":"https:\/\/casacolliregas.cat\/wp-content\/uploads\/2018\/06\/Social.jpg","datePublished":"2018-06-27T16:36:10+00:00","dateModified":"2025-08-29T10:05:00+00:00","breadcrumb":{"@id":"https:\/\/casacolliregas.cat\/es\/sostenibilidad\/#breadcrumb"},"inLanguage":"es","potentialAction":[{"@type":"ReadAction","target":["https:\/\/casacolliregas.cat\/es\/sostenibilidad\/"]}]},{"@type":"ImageObject","inLanguage":"es","@id":"https:\/\/casacolliregas.cat\/es\/sostenibilidad\/#primaryimage","url":"https:\/\/casacolliregas.cat\/wp-content\/uploads\/2018\/06\/Social.jpg","contentUrl":"https:\/\/casacolliregas.cat\/wp-content\/uploads\/2018\/06\/Social.jpg","width":902,"height":602},{"@type":"BreadcrumbList","@id":"https:\/\/casacolliregas.cat\/es\/sostenibilidad\/#breadcrumb","itemListElement":[{"@type":"ListItem","position":1,"name":"Inici","item":"https:\/\/casacolliregas.cat\/es\/"},{"@type":"ListItem","position":2,"name":"Sostenibilidad"}]},{"@type":"WebSite","@id":"https:\/\/casacolliregas.cat\/#website","url":"https:\/\/casacolliregas.cat\/","name":"Casa Coll i Reg\u00e0s","description":"","publisher":{"@id":"https:\/\/casacolliregas.cat\/#organization"},"potentialAction":[{"@type":"SearchAction","target":{"@type":"EntryPoint","urlTemplate":"https:\/\/casacolliregas.cat\/?s={search_term_string}"},"query-input":{"@type":"PropertyValueSpecification","valueRequired":true,"valueName":"search_term_string"}}],"inLanguage":"es"},{"@type":"Organization","@id":"https:\/\/casacolliregas.cat\/#organization","name":"Casa Coll i Reg\u00e0s","url":"https:\/\/casacolliregas.cat\/","logo":{"@type":"ImageObject","inLanguage":"es","@id":"https:\/\/casacolliregas.cat\/#\/schema\/logo\/image\/","url":"https:\/\/casacolliregas.cat\/wp-content\/uploads\/2017\/09\/logo-casa-coll-i-regas.jpg","contentUrl":"https:\/\/casacolliregas.cat\/wp-content\/uploads\/2017\/09\/logo-casa-coll-i-regas.jpg","width":190,"height":125,"caption":"Casa Coll i Reg\u00e0s"},"image":{"@id":"https:\/\/casacolliregas.cat\/#\/schema\/logo\/image\/"},"sameAs":["https:\/\/www.facebook.com\/casacolliregas\/","https:\/\/x.com\/casacolliregas","https:\/\/instagram.com\/casacolliregas","https:\/\/ca.wikipedia.org\/wiki\/Casa_Coll_i_Reg\u00e0s"]}]}},"_links":{"self":[{"href":"https:\/\/casacolliregas.cat\/es\/wp-json\/wp\/v2\/pages\/5278","targetHints":{"allow":["GET"]}}],"collection":[{"href":"https:\/\/casacolliregas.cat\/es\/wp-json\/wp\/v2\/pages"}],"about":[{"href":"https:\/\/casacolliregas.cat\/es\/wp-json\/wp\/v2\/types\/page"}],"author":[{"embeddable":true,"href":"https:\/\/casacolliregas.cat\/es\/wp-json\/wp\/v2\/users\/30"}],"replies":[{"embeddable":true,"href":"https:\/\/casacolliregas.cat\/es\/wp-json\/wp\/v2\/comments?post=5278"}],"version-history":[{"count":1,"href":"https:\/\/casacolliregas.cat\/es\/wp-json\/wp\/v2\/pages\/5278\/revisions"}],"predecessor-version":[{"id":75636,"href":"https:\/\/casacolliregas.cat\/es\/wp-json\/wp\/v2\/pages\/5278\/revisions\/75636"}],"wp:featuredmedia":[{"embeddable":true,"href":"https:\/\/casacolliregas.cat\/es\/wp-json\/wp\/v2\/media\/4958"}],"wp:attachment":[{"href":"https:\/\/casacolliregas.cat\/es\/wp-json\/wp\/v2\/media?parent=5278"}],"curies":[{"name":"wp","href":"https:\/\/api.w.org\/{rel}","templated":true}]}}