{"id":2996,"date":"2017-12-12T16:14:18","date_gmt":"2017-12-12T15:14:18","guid":{"rendered":"https:\/\/casacolliregas.cat\/novetats\/"},"modified":"2025-11-24T07:52:25","modified_gmt":"2025-11-24T06:52:25","slug":"compra","status":"publish","type":"page","link":"https:\/\/casacolliregas.cat\/es\/compra\/","title":{"rendered":"Compra"},"content":{"rendered":"[vc_row el_id=&#8221;cont_visites&#8221;][vc_column]<div class=\"woocommerce columns-3 \">\n\t<ul class=\"products columns-3\">\n\n<li class=\"entry has-media product type-product post-77192 status-publish first instock product_cat-esdeveniments-es product_cat-novetats-es product_cat-visita-es product_tag-catalunya-es product_tag-mataro-es product_tag-modernisme-es product_tag-puig-i-cadafalch-es product_tag-tast-es has-post-thumbnail virtual sold-individually purchasable product-type-booking\">\n\t<a href=\"https:\/\/casacolliregas.cat\/es\/producte\/catas-modernistas-primer-viernes-de-cada-mes-copia\/\" class=\"woocommerce-LoopProduct-link woocommerce-loop-product__link\"><img decoding=\"async\" width=\"300\" height=\"300\" src=\"https:\/\/casacolliregas.cat\/wp-content\/uploads\/2026\/01\/pr_experiencia-300x300.png\" class=\"attachment-woocommerce_thumbnail size-woocommerce_thumbnail\" alt=\"Experiencia Puig i Cadafalch en la Casa Coll i Reg\u00e0s\" srcset=\"https:\/\/casacolliregas.cat\/wp-content\/uploads\/2026\/01\/pr_experiencia-300x300.png 300w, https:\/\/casacolliregas.cat\/wp-content\/uploads\/2026\/01\/pr_experiencia-150x150.png 150w, https:\/\/casacolliregas.cat\/wp-content\/uploads\/2026\/01\/pr_experiencia-100x100.png 100w\" sizes=\"(max-width: 300px) 100vw, 300px\" \/><h2 class=\"woocommerce-loop-product__title\">Experiencia Puig i Cadafalch en la Casa Coll i Reg\u00e0s<\/h2>\n\t<span class=\"price\">Desde: <span class=\"woocommerce-Price-amount amount\"><bdi>150,00&nbsp;<span class=\"woocommerce-Price-currencySymbol\">&euro;<\/span><\/bdi><\/span><\/span>\n<\/a><a href=\"https:\/\/casacolliregas.cat\/es\/producte\/catas-modernistas-primer-viernes-de-cada-mes-copia\/\" aria-describedby=\"woocommerce_loop_add_to_cart_link_describedby_77192\" data-quantity=\"1\" class=\"button product_type_booking add_to_cart_button\" data-product_id=\"77192\" data-product_sku=\"\" aria-label=\"Lee m\u00e1s sobre &ldquo;Experiencia Puig i Cadafalch en la Casa Coll i Reg\u00e0s&rdquo;\" rel=\"nofollow\">RESERVA AHORA<\/a>\t<span id=\"woocommerce_loop_add_to_cart_link_describedby_77192\" class=\"screen-reader-text\">\n\t\t\t<\/span>\n<\/li>\n<li class=\"entry has-media product type-product post-76960 status-publish instock product_cat-novetats-es has-post-thumbnail virtual purchasable product-type-simple\">\n\t<a href=\"https:\/\/casacolliregas.cat\/es\/producte\/visitas-con-vermut-modernista\/\" class=\"woocommerce-LoopProduct-link woocommerce-loop-product__link\"><img decoding=\"async\" width=\"300\" height=\"300\" src=\"https:\/\/casacolliregas.cat\/wp-content\/uploads\/2020\/07\/vermut-1-300x300.jpg\" class=\"attachment-woocommerce_thumbnail size-woocommerce_thumbnail\" alt=\"La Casa Coll i Reg\u00e0s amb vermut modernista\" srcset=\"https:\/\/casacolliregas.cat\/wp-content\/uploads\/2020\/07\/vermut-1-300x300.jpg 300w, https:\/\/casacolliregas.cat\/wp-content\/uploads\/2020\/07\/vermut-1-150x150.jpg 150w, https:\/\/casacolliregas.cat\/wp-content\/uploads\/2020\/07\/vermut-1-100x100.jpg 100w\" sizes=\"(max-width: 300px) 100vw, 300px\" \/><h2 class=\"woocommerce-loop-product__title\">Visitas con verm\u00fa modernista<\/h2>\n\t<span class=\"price\"><span class=\"woocommerce-Price-amount amount\"><bdi>42,00&nbsp;<span class=\"woocommerce-Price-currencySymbol\">&euro;<\/span><\/bdi><\/span><\/span>\n<\/a><a href=\"\/es\/wp-json\/wp\/v2\/pages\/2996?add-to-cart=76960\" aria-describedby=\"woocommerce_loop_add_to_cart_link_describedby_76960\" data-quantity=\"1\" class=\"button product_type_simple add_to_cart_button ajax_add_to_cart\" data-product_id=\"76960\" data-product_sku=\"\" aria-label=\"A\u00f1adir al carrito: &ldquo;Visitas con verm\u00fa modernista&rdquo;\" rel=\"nofollow\" data-success_message=\"\u00abVisitas con verm\u00fa modernista\u00bb se ha a\u00f1adido a tu carrito\">A\u00f1adir al carrito<\/a>\t<span id=\"woocommerce_loop_add_to_cart_link_describedby_76960\" class=\"screen-reader-text\">\n\t\t\t<\/span>\n<\/li>\n<li class=\"entry has-media product type-product post-6728 status-publish last instock product_cat-novetats-es product_tag-cultura-es product_tag-escape-room-es product_tag-mataro-es product_tag-modernisme-es product_tag-puig-i-cadafalch-es product_tag-scape-room-es has-post-thumbnail virtual purchasable product-type-simple\">\n\t<a href=\"https:\/\/casacolliregas.cat\/es\/producte\/escape-room-pack\/\" class=\"woocommerce-LoopProduct-link woocommerce-loop-product__link\"><img decoding=\"async\" width=\"300\" height=\"300\" src=\"https:\/\/casacolliregas.cat\/wp-content\/uploads\/2018\/01\/escape-room-1-300x300.jpg\" class=\"attachment-woocommerce_thumbnail size-woocommerce_thumbnail\" alt=\"El Misteri de la Casa Coll i Reg\u00e0s\" srcset=\"https:\/\/casacolliregas.cat\/wp-content\/uploads\/2018\/01\/escape-room-1-300x300.jpg 300w, https:\/\/casacolliregas.cat\/wp-content\/uploads\/2018\/01\/escape-room-1-150x150.jpg 150w, https:\/\/casacolliregas.cat\/wp-content\/uploads\/2018\/01\/escape-room-1-100x100.jpg 100w\" sizes=\"(max-width: 300px) 100vw, 300px\" \/><h2 class=\"woocommerce-loop-product__title\">Pack Escape Room<\/h2>\n\t<span class=\"price\"><span class=\"woocommerce-Price-amount amount\"><bdi>140,00&nbsp;<span class=\"woocommerce-Price-currencySymbol\">&euro;<\/span><\/bdi><\/span><\/span>\n<\/a><a href=\"\/es\/wp-json\/wp\/v2\/pages\/2996?add-to-cart=6728\" aria-describedby=\"woocommerce_loop_add_to_cart_link_describedby_6728\" data-quantity=\"1\" class=\"button product_type_simple add_to_cart_button ajax_add_to_cart\" data-product_id=\"6728\" data-product_sku=\"\" aria-label=\"A\u00f1adir al carrito: &ldquo;Pack Escape Room&rdquo;\" rel=\"nofollow\" data-success_message=\"\u00abPack Escape Room\u00bb se ha a\u00f1adido a tu carrito\">A\u00f1adir al carrito<\/a>\t<span id=\"woocommerce_loop_add_to_cart_link_describedby_6728\" class=\"screen-reader-text\">\n\t\t\t<\/span>\n<\/li>\n<\/ul>\n<\/div>[\/vc_column][\/vc_row][vc_row][vc_column][vc_column_text]Las entradas reducidas deben justificarse con la acreditaci\u00f3n correspondiente.<br \/>\nServicio exento de IVA seg\u00fan el art\u00edculo 20.1.14 de la Ley del IVA.<\/p>\n<p>Le informamos que, a partir de ahora, <strong>dejaremos de aceptar pagos en efectivo para las entradas<\/strong> a la Casa Coll y Reg\u00e0s.<br \/>\nLas entradas se cobrar\u00e1n exclusivamente mediante<strong> tarjeta bancaria<\/strong> u otros sistemas electr\u00f3nicos disponibles. Este cambio tiene por objetivo mejorar la seguridad y agilizar la gesti\u00f3n.[\/vc_column_text][\/vc_column][\/vc_row]\n","protected":false},"excerpt":{"rendered":"<p>[vc_row el_id=&#8221;cont_visites&#8221;][vc_column][\/vc_column][\/vc_row][vc_row][vc_column][vc_column_text]Las entradas reducidas deben justificarse con la acreditaci\u00f3n correspondiente. Servicio exento de IVA seg\u00fan el art\u00edculo 20.1.14 de la Ley del IVA. Le informamos que, a partir de ahora, dejaremos de aceptar pagos en efectivo para las entradas a&hellip;<\/p>\n","protected":false},"author":31,"featured_media":850,"parent":0,"menu_order":0,"comment_status":"closed","ping_status":"closed","template":"","meta":{"_acf_changed":false,"footnotes":""},"class_list":["post-2996","page","type-page","status-publish","has-post-thumbnail","hentry","entry","has-media"],"acf":[],"yoast_head":"<!-- This site is optimized with the Yoast SEO plugin v26.8 - https:\/\/yoast.com\/product\/yoast-seo-wordpress\/ -->\n<title>Compra - Casa Coll i Reg\u00e0s<\/title>\n<meta name=\"robots\" content=\"index, follow, max-snippet:-1, max-image-preview:large, max-video-preview:-1\" \/>\n<link rel=\"canonical\" href=\"https:\/\/casacolliregas.cat\/compra\/\" \/>\n<meta property=\"og:locale\" content=\"es_ES\" \/>\n<meta property=\"og:type\" content=\"article\" \/>\n<meta property=\"og:title\" content=\"Compra - Casa Coll i Reg\u00e0s\" \/>\n<meta property=\"og:description\" content=\"[vc_row el_id=&#8221;cont_visites&#8221;][vc_column][\/vc_column][\/vc_row][vc_row][vc_column][vc_column_text]Las entradas reducidas deben justificarse con la acreditaci\u00f3n correspondiente. Servicio exento de IVA seg\u00fan el art\u00edculo 20.1.14 de la Ley del IVA. Le informamos que, a partir de ahora, dejaremos de aceptar pagos en efectivo para las entradas a&hellip;\" \/>\n<meta property=\"og:url\" content=\"https:\/\/casacolliregas.cat\/compra\/\" \/>\n<meta property=\"og:site_name\" content=\"Casa Coll i Reg\u00e0s\" \/>\n<meta property=\"article:publisher\" content=\"https:\/\/www.facebook.com\/casacolliregas\/\" \/>\n<meta property=\"article:modified_time\" content=\"2025-11-24T06:52:25+00:00\" \/>\n<meta property=\"og:image\" content=\"https:\/\/casacolliregas.cat\/wp-content\/uploads\/2017\/10\/casacolliregas_3.jpg\" \/>\n\t<meta property=\"og:image:width\" content=\"814\" \/>\n\t<meta property=\"og:image:height\" content=\"960\" \/>\n\t<meta property=\"og:image:type\" content=\"image\/jpeg\" \/>\n<meta name=\"twitter:card\" content=\"summary_large_image\" \/>\n<meta name=\"twitter:site\" content=\"@casacolliregas\" \/>\n<meta name=\"twitter:label1\" content=\"Tiempo de lectura\" \/>\n\t<meta name=\"twitter:data1\" content=\"1 minuto\" \/>\n<!-- \/ Yoast SEO plugin. -->","yoast_head_json":{"title":"Compra - Casa Coll i Reg\u00e0s","robots":{"index":"index","follow":"follow","max-snippet":"max-snippet:-1","max-image-preview":"max-image-preview:large","max-video-preview":"max-video-preview:-1"},"canonical":"https:\/\/casacolliregas.cat\/compra\/","og_locale":"es_ES","og_type":"article","og_title":"Compra - Casa Coll i Reg\u00e0s","og_description":"[vc_row el_id=&#8221;cont_visites&#8221;][vc_column][\/vc_column][\/vc_row][vc_row][vc_column][vc_column_text]Las entradas reducidas deben justificarse con la acreditaci\u00f3n correspondiente. Servicio exento de IVA seg\u00fan el art\u00edculo 20.1.14 de la Ley del IVA. Le informamos que, a partir de ahora, dejaremos de aceptar pagos en efectivo para las entradas a&hellip;","og_url":"https:\/\/casacolliregas.cat\/compra\/","og_site_name":"Casa Coll i Reg\u00e0s","article_publisher":"https:\/\/www.facebook.com\/casacolliregas\/","article_modified_time":"2025-11-24T06:52:25+00:00","og_image":[{"width":814,"height":960,"url":"https:\/\/casacolliregas.cat\/wp-content\/uploads\/2017\/10\/casacolliregas_3.jpg","type":"image\/jpeg"}],"twitter_card":"summary_large_image","twitter_site":"@casacolliregas","twitter_misc":{"Tiempo de lectura":"1 minuto"},"schema":{"@context":"https:\/\/schema.org","@graph":[{"@type":"WebPage","@id":"https:\/\/casacolliregas.cat\/compra\/","url":"https:\/\/casacolliregas.cat\/compra\/","name":"Compra - Casa Coll i Reg\u00e0s","isPartOf":{"@id":"https:\/\/casacolliregas.cat\/#website"},"primaryImageOfPage":{"@id":"https:\/\/casacolliregas.cat\/compra\/#primaryimage"},"image":{"@id":"https:\/\/casacolliregas.cat\/compra\/#primaryimage"},"thumbnailUrl":"https:\/\/casacolliregas.cat\/wp-content\/uploads\/2017\/10\/casacolliregas_3.jpg","datePublished":"2017-12-12T15:14:18+00:00","dateModified":"2025-11-24T06:52:25+00:00","breadcrumb":{"@id":"https:\/\/casacolliregas.cat\/compra\/#breadcrumb"},"inLanguage":"es","potentialAction":[{"@type":"ReadAction","target":["https:\/\/casacolliregas.cat\/compra\/"]}]},{"@type":"ImageObject","inLanguage":"es","@id":"https:\/\/casacolliregas.cat\/compra\/#primaryimage","url":"https:\/\/casacolliregas.cat\/wp-content\/uploads\/2017\/10\/casacolliregas_3.jpg","contentUrl":"https:\/\/casacolliregas.cat\/wp-content\/uploads\/2017\/10\/casacolliregas_3.jpg","width":814,"height":960},{"@type":"BreadcrumbList","@id":"https:\/\/casacolliregas.cat\/compra\/#breadcrumb","itemListElement":[{"@type":"ListItem","position":1,"name":"Inici","item":"https:\/\/casacolliregas.cat\/es\/"},{"@type":"ListItem","position":2,"name":"Compra"}]},{"@type":"WebSite","@id":"https:\/\/casacolliregas.cat\/#website","url":"https:\/\/casacolliregas.cat\/","name":"Casa Coll i Reg\u00e0s","description":"","publisher":{"@id":"https:\/\/casacolliregas.cat\/#organization"},"potentialAction":[{"@type":"SearchAction","target":{"@type":"EntryPoint","urlTemplate":"https:\/\/casacolliregas.cat\/?s={search_term_string}"},"query-input":{"@type":"PropertyValueSpecification","valueRequired":true,"valueName":"search_term_string"}}],"inLanguage":"es"},{"@type":"Organization","@id":"https:\/\/casacolliregas.cat\/#organization","name":"Casa Coll i Reg\u00e0s","url":"https:\/\/casacolliregas.cat\/","logo":{"@type":"ImageObject","inLanguage":"es","@id":"https:\/\/casacolliregas.cat\/#\/schema\/logo\/image\/","url":"https:\/\/casacolliregas.cat\/wp-content\/uploads\/2017\/09\/logo-casa-coll-i-regas.jpg","contentUrl":"https:\/\/casacolliregas.cat\/wp-content\/uploads\/2017\/09\/logo-casa-coll-i-regas.jpg","width":190,"height":125,"caption":"Casa Coll i Reg\u00e0s"},"image":{"@id":"https:\/\/casacolliregas.cat\/#\/schema\/logo\/image\/"},"sameAs":["https:\/\/www.facebook.com\/casacolliregas\/","https:\/\/x.com\/casacolliregas","https:\/\/instagram.com\/casacolliregas","https:\/\/ca.wikipedia.org\/wiki\/Casa_Coll_i_Reg\u00e0s"]}]}},"_links":{"self":[{"href":"https:\/\/casacolliregas.cat\/es\/wp-json\/wp\/v2\/pages\/2996","targetHints":{"allow":["GET"]}}],"collection":[{"href":"https:\/\/casacolliregas.cat\/es\/wp-json\/wp\/v2\/pages"}],"about":[{"href":"https:\/\/casacolliregas.cat\/es\/wp-json\/wp\/v2\/types\/page"}],"author":[{"embeddable":true,"href":"https:\/\/casacolliregas.cat\/es\/wp-json\/wp\/v2\/users\/31"}],"replies":[{"embeddable":true,"href":"https:\/\/casacolliregas.cat\/es\/wp-json\/wp\/v2\/comments?post=2996"}],"version-history":[{"count":4,"href":"https:\/\/casacolliregas.cat\/es\/wp-json\/wp\/v2\/pages\/2996\/revisions"}],"predecessor-version":[{"id":76539,"href":"https:\/\/casacolliregas.cat\/es\/wp-json\/wp\/v2\/pages\/2996\/revisions\/76539"}],"wp:featuredmedia":[{"embeddable":true,"href":"https:\/\/casacolliregas.cat\/es\/wp-json\/wp\/v2\/media\/850"}],"wp:attachment":[{"href":"https:\/\/casacolliregas.cat\/es\/wp-json\/wp\/v2\/media?parent=2996"}],"curies":[{"name":"wp","href":"https:\/\/api.w.org\/{rel}","templated":true}]}}