{"id":1344,"date":"2017-09-06T15:55:12","date_gmt":"2017-09-06T14:55:12","guid":{"rendered":"https:\/\/casacolliregas.cat\/termes-i-condicions\/"},"modified":"2017-12-19T13:14:52","modified_gmt":"2017-12-19T12:14:52","slug":"termes-i-condicions","status":"publish","type":"page","link":"https:\/\/casacolliregas.cat\/es\/termes-i-condicions\/","title":{"rendered":"T\u00e9rminos y condiciones"},"content":{"rendered":"<p><strong>CONDICIONES GENERALES DE COMPRA <\/strong><\/p>\n<ul>\n<li>El importe de la compra no se devolver\u00e1 en ning\u00fan caso.<\/li>\n<li>La entrada es v\u00e1lida s\u00f3lo para el d\u00eda y hora seleccionados.<\/li>\n<li>En el caso de productos sin fecha, se tendr\u00e1 que realizar la reserva previa.<\/li>\n<li>En el caso de las entradas reducidas, en el momento del acceso habr\u00e1 que acreditarlas con la documentaci\u00f3n justificativa pertinente.<\/li>\n<li>Servicio exento de IVA en conformidad con el art\u00edculo 20.1.14 Ley del IVA<\/li>\n<\/ul>\n<p><strong>AVISO LEGAL<\/strong><\/p>\n<ul>\n<li>Para acceder a los servicios que se ofrecen a trav\u00e9s del web, se tendr\u00e1 que proporcionar algunos datos de car\u00e1cter personal. Para m\u00e1s informaci\u00f3n puede consultar el AVISO LEGAL (<a href=\"https:\/\/casacolliregas.cat\/es\/avis-legal\/\">https:\/\/casacolliregas.cat\/es\/avis-legal\/<\/a>)<\/li>\n<\/ul>\n","protected":false},"excerpt":{"rendered":"<p>CONDICIONES GENERALES DE COMPRA El importe de la compra no se devolver\u00e1 en ning\u00fan caso. La entrada es v\u00e1lida s\u00f3lo para el d\u00eda y hora seleccionados. En el caso de productos sin fecha, se tendr\u00e1 que realizar la reserva previa.&hellip;<\/p>\n","protected":false},"author":2,"featured_media":0,"parent":0,"menu_order":0,"comment_status":"closed","ping_status":"closed","template":"","meta":{"_acf_changed":false,"footnotes":""},"class_list":["post-1344","page","type-page","status-publish","hentry","entry","no-media"],"acf":[],"yoast_head":"<!-- This site is optimized with the Yoast SEO plugin v26.8 - https:\/\/yoast.com\/product\/yoast-seo-wordpress\/ -->\n<title>T\u00e9rminos y condiciones - Casa Coll i Reg\u00e0s<\/title>\n<meta name=\"robots\" content=\"index, follow, max-snippet:-1, max-image-preview:large, max-video-preview:-1\" \/>\n<link rel=\"canonical\" href=\"https:\/\/casacolliregas.cat\/es\/termes-i-condicions\/\" \/>\n<meta property=\"og:locale\" content=\"es_ES\" \/>\n<meta property=\"og:type\" content=\"article\" \/>\n<meta property=\"og:title\" content=\"T\u00e9rminos y condiciones - Casa Coll i Reg\u00e0s\" \/>\n<meta property=\"og:description\" content=\"CONDICIONES GENERALES DE COMPRA El importe de la compra no se devolver\u00e1 en ning\u00fan caso. La entrada es v\u00e1lida s\u00f3lo para el d\u00eda y hora seleccionados. En el caso de productos sin fecha, se tendr\u00e1 que realizar la reserva previa.&hellip;\" \/>\n<meta property=\"og:url\" content=\"https:\/\/casacolliregas.cat\/es\/termes-i-condicions\/\" \/>\n<meta property=\"og:site_name\" content=\"Casa Coll i Reg\u00e0s\" \/>\n<meta property=\"article:publisher\" content=\"https:\/\/www.facebook.com\/casacolliregas\/\" \/>\n<meta property=\"article:modified_time\" content=\"2017-12-19T12:14:52+00:00\" \/>\n<meta name=\"twitter:card\" content=\"summary_large_image\" \/>\n<meta name=\"twitter:site\" content=\"@casacolliregas\" \/>\n<meta name=\"twitter:label1\" content=\"Tiempo de lectura\" \/>\n\t<meta name=\"twitter:data1\" content=\"1 minuto\" \/>\n<!-- \/ Yoast SEO plugin. -->","yoast_head_json":{"title":"T\u00e9rminos y condiciones - Casa Coll i Reg\u00e0s","robots":{"index":"index","follow":"follow","max-snippet":"max-snippet:-1","max-image-preview":"max-image-preview:large","max-video-preview":"max-video-preview:-1"},"canonical":"https:\/\/casacolliregas.cat\/es\/termes-i-condicions\/","og_locale":"es_ES","og_type":"article","og_title":"T\u00e9rminos y condiciones - Casa Coll i Reg\u00e0s","og_description":"CONDICIONES GENERALES DE COMPRA El importe de la compra no se devolver\u00e1 en ning\u00fan caso. La entrada es v\u00e1lida s\u00f3lo para el d\u00eda y hora seleccionados. En el caso de productos sin fecha, se tendr\u00e1 que realizar la reserva previa.&hellip;","og_url":"https:\/\/casacolliregas.cat\/es\/termes-i-condicions\/","og_site_name":"Casa Coll i Reg\u00e0s","article_publisher":"https:\/\/www.facebook.com\/casacolliregas\/","article_modified_time":"2017-12-19T12:14:52+00:00","twitter_card":"summary_large_image","twitter_site":"@casacolliregas","twitter_misc":{"Tiempo de lectura":"1 minuto"},"schema":{"@context":"https:\/\/schema.org","@graph":[{"@type":"WebPage","@id":"https:\/\/casacolliregas.cat\/es\/termes-i-condicions\/","url":"https:\/\/casacolliregas.cat\/es\/termes-i-condicions\/","name":"T\u00e9rminos y condiciones - Casa Coll i Reg\u00e0s","isPartOf":{"@id":"https:\/\/casacolliregas.cat\/#website"},"datePublished":"2017-09-06T14:55:12+00:00","dateModified":"2017-12-19T12:14:52+00:00","breadcrumb":{"@id":"https:\/\/casacolliregas.cat\/es\/termes-i-condicions\/#breadcrumb"},"inLanguage":"es","potentialAction":[{"@type":"ReadAction","target":["https:\/\/casacolliregas.cat\/es\/termes-i-condicions\/"]}]},{"@type":"BreadcrumbList","@id":"https:\/\/casacolliregas.cat\/es\/termes-i-condicions\/#breadcrumb","itemListElement":[{"@type":"ListItem","position":1,"name":"Inici","item":"https:\/\/casacolliregas.cat\/es\/"},{"@type":"ListItem","position":2,"name":"T\u00e9rminos y condiciones"}]},{"@type":"WebSite","@id":"https:\/\/casacolliregas.cat\/#website","url":"https:\/\/casacolliregas.cat\/","name":"Casa Coll i Reg\u00e0s","description":"","publisher":{"@id":"https:\/\/casacolliregas.cat\/#organization"},"potentialAction":[{"@type":"SearchAction","target":{"@type":"EntryPoint","urlTemplate":"https:\/\/casacolliregas.cat\/?s={search_term_string}"},"query-input":{"@type":"PropertyValueSpecification","valueRequired":true,"valueName":"search_term_string"}}],"inLanguage":"es"},{"@type":"Organization","@id":"https:\/\/casacolliregas.cat\/#organization","name":"Casa Coll i Reg\u00e0s","url":"https:\/\/casacolliregas.cat\/","logo":{"@type":"ImageObject","inLanguage":"es","@id":"https:\/\/casacolliregas.cat\/#\/schema\/logo\/image\/","url":"https:\/\/casacolliregas.cat\/wp-content\/uploads\/2017\/09\/logo-casa-coll-i-regas.jpg","contentUrl":"https:\/\/casacolliregas.cat\/wp-content\/uploads\/2017\/09\/logo-casa-coll-i-regas.jpg","width":190,"height":125,"caption":"Casa Coll i Reg\u00e0s"},"image":{"@id":"https:\/\/casacolliregas.cat\/#\/schema\/logo\/image\/"},"sameAs":["https:\/\/www.facebook.com\/casacolliregas\/","https:\/\/x.com\/casacolliregas","https:\/\/instagram.com\/casacolliregas","https:\/\/ca.wikipedia.org\/wiki\/Casa_Coll_i_Reg\u00e0s"]}]}},"_links":{"self":[{"href":"https:\/\/casacolliregas.cat\/es\/wp-json\/wp\/v2\/pages\/1344","targetHints":{"allow":["GET"]}}],"collection":[{"href":"https:\/\/casacolliregas.cat\/es\/wp-json\/wp\/v2\/pages"}],"about":[{"href":"https:\/\/casacolliregas.cat\/es\/wp-json\/wp\/v2\/types\/page"}],"author":[{"embeddable":true,"href":"https:\/\/casacolliregas.cat\/es\/wp-json\/wp\/v2\/users\/2"}],"replies":[{"embeddable":true,"href":"https:\/\/casacolliregas.cat\/es\/wp-json\/wp\/v2\/comments?post=1344"}],"version-history":[{"count":0,"href":"https:\/\/casacolliregas.cat\/es\/wp-json\/wp\/v2\/pages\/1344\/revisions"}],"wp:attachment":[{"href":"https:\/\/casacolliregas.cat\/es\/wp-json\/wp\/v2\/media?parent=1344"}],"curies":[{"name":"wp","href":"https:\/\/api.w.org\/{rel}","templated":true}]}}