{"id":1340,"date":"2017-08-31T10:59:03","date_gmt":"2017-08-31T09:59:03","guid":{"rendered":"https:\/\/casacolliregas.cat\/lloguer-despais\/"},"modified":"2025-02-20T17:34:51","modified_gmt":"2025-02-20T16:34:51","slug":"espais","status":"publish","type":"page","link":"https:\/\/casacolliregas.cat\/es\/espais\/","title":{"rendered":"Espacios"},"content":{"rendered":"[vc_row][vc_column][vc_custom_heading text=&#8221;Un espacio \u00fanico para bodas, eventos privados y proyectos audiovisuales&#8221; font_container=&#8221;tag:h2|text_align:center|color:%23000000&#8243; use_theme_fonts=&#8221;yes&#8221;][vc_empty_space height=&#8221;20px&#8221;][vc_column_text font_family=&#8221;Bookman Old Style, serif&#8221; font_size=&#8221;14&#8243;]\n<p style=\"text-align: center;\">\u00bfQuieres celebrar un evento \u00fanico y diferente en un espacio especial en el centro de Matar\u00f3?<br \/>\nVine a la Casa Coll i Reg\u00e0s!<\/p>\n<p style=\"text-align: center;\">Contacta con nosotros si quieres organizar tu evento y disfrutar de esta joya modernista!<\/p>\n[\/vc_column_text][\/vc_column][\/vc_row][vc_row el_id=&#8221;cont_visites&#8221;][vc_column][vc_row_inner][vc_column_inner width=&#8221;1\/3&#8243;][vc_single_image image=&#8221;7470&#8243; alignment=&#8221;center&#8221; onclick=&#8221;custom_link&#8221; link=&#8221;https:\/\/casacolliregas.cat\/es\/espais\/casaments\/&#8221;][vc_empty_space height=&#8221;10px&#8221;][vc_custom_heading text=&#8221;Bodas&#8221; font_container=&#8221;tag:h3|font_size:20px|text_align:center|color:%23000000&#8243; use_theme_fonts=&#8221;yes&#8221; link=&#8221;url:https%3A%2F%2Fcasacolliregas.cat%2Fes%2Fespais%2Fcasaments%2F|||&#8221;][vc_custom_heading text=&#8221;Celebraciones y aniversarios&#8221; font_container=&#8221;tag:div|font_size:20px|text_align:center|color:%235e5e5e&#8221; use_theme_fonts=&#8221;yes&#8221; link=&#8221;url:https%3A%2F%2Fcasacolliregas.cat%2Fes%2Fespais%2Fcasaments%2F|||&#8221;][vc_empty_space height=&#8221;20px&#8221;][vc_raw_html]JTNDZGl2JTIwY2xhc3MlM0QlMjJjYWJhdV9iMDIlMjBjZW50ZXItYmxvY2slMjIlM0UlM0NhJTIwaHJlZiUzRCUyMmh0dHBzJTNBJTJGJTJGY2FzYWNvbGxpcmVnYXMuY2F0JTJGZXMlMkZlc3BhaXMlMkZjYXNhbWVudHMlMkYlMjIlM0VNJUMzJUExcyUyMGluZm9ybWFjaSVDMyVCM24lM0MlMkZhJTNFJTNDJTJGZGl2JTNF[\/vc_raw_html][\/vc_column_inner][vc_column_inner width=&#8221;1\/3&#8243;][vc_single_image image=&#8221;7479&#8243; alignment=&#8221;center&#8221; onclick=&#8221;custom_link&#8221; link=&#8221;https:\/\/casacolliregas.cat\/es\/espais\/esdeveniments-privats\/&#8221;][vc_empty_space height=&#8221;10px&#8221;][vc_custom_heading text=&#8221;Acontecimientos privados&#8221; font_container=&#8221;tag:h3|font_size:20px|text_align:center|color:%23000000&#8243; use_theme_fonts=&#8221;yes&#8221; link=&#8221;url:https%3A%2F%2Fcasacolliregas.cat%2Fes%2Fespais%2Fesdeveniments-privats%2F|||&#8221;][vc_custom_heading text=&#8221;Formaciones, presentaciones y reuniones de empresa&#8221; font_container=&#8221;tag:div|font_size:20px|text_align:center|color:%235e5e5e&#8221; use_theme_fonts=&#8221;yes&#8221; link=&#8221;url:https%3A%2F%2Fcasacolliregas.cat%2Fes%2Fespais%2Fesdeveniments-privats%2F|||&#8221;][vc_empty_space height=&#8221;20px&#8221;][vc_raw_html]JTNDZGl2JTIwY2xhc3MlM0QlMjJjYWJhdV9iMDIlMjBjZW50ZXItYmxvY2slMjIlM0UlM0NhJTIwaHJlZiUzRCUyMmh0dHBzJTNBJTJGJTJGY2FzYWNvbGxpcmVnYXMuY2F0JTJGZXMlMkZlc3BhaXMlMkZlc2RldmVuaW1lbnRzLXByaXZhdHMlMkYlMjIlM0VNJUMzJUExcyUyMGluZm9ybWFjaSVDMyVCM24lM0MlMkZhJTNFJTNDJTJGZGl2JTNF[\/vc_raw_html][\/vc_column_inner][vc_column_inner width=&#8221;1\/3&#8243;][vc_single_image image=&#8221;7484&#8243; alignment=&#8221;center&#8221; onclick=&#8221;custom_link&#8221; link=&#8221;https:\/\/casacolliregas.cat\/es\/espais\/projectes-audiovisuals\/&#8221;][vc_empty_space height=&#8221;10px&#8221;][vc_custom_heading text=&#8221;Proyectos audiovisuales&#8221; font_container=&#8221;tag:h3|font_size:20px|text_align:center|color:%23000000&#8243; use_theme_fonts=&#8221;yes&#8221; link=&#8221;url:https%3A%2F%2Fcasacolliregas.cat%2Fes%2Fespais%2Fprojectes-audiovisuals%2F|||&#8221;][vc_custom_heading text=&#8221;Pel\u00edculas y reportajes fotogr\u00e1ficos&#8221; font_container=&#8221;tag:div|font_size:20px|text_align:center|color:%235e5e5e&#8221; use_theme_fonts=&#8221;yes&#8221; link=&#8221;url:https%3A%2F%2Fcasacolliregas.cat%2Fes%2Fespais%2Fprojectes-audiovisuals%2F|||&#8221;][vc_empty_space height=&#8221;20px&#8221;][vc_raw_html]JTNDZGl2JTIwY2xhc3MlM0QlMjJjYWJhdV9iMDIlMjBjZW50ZXItYmxvY2slMjIlM0UlM0NhJTIwaHJlZiUzRCUyMmh0dHBzJTNBJTJGJTJGY2FzYWNvbGxpcmVnYXMuY2F0JTJGZXMlMkZlc3BhaXMlMkZwcm9qZWN0ZXMtYXVkaW92aXN1YWxzJTJGJTIyJTNFTSVDMyVBMXMlMjBpbmZvcm1hY2klQzMlQjNuJTNDJTJGYSUzRSUzQyUyRmRpdiUzRQ==[\/vc_raw_html][\/vc_column_inner][\/vc_row_inner][\/vc_column][\/vc_row][vc_row][vc_column][vc_column_text]\n[\/vc_column_text][vc_empty_space height=&#8221;20px&#8221;][rev_slider_vc alias=&#8221;lloguer-despais-slider-1&#8243;][\/vc_column][\/vc_row]\n","protected":false},"excerpt":{"rendered":"<p>[vc_row][vc_column][vc_custom_heading text=&#8221;Un espacio \u00fanico para bodas, eventos privados y proyectos audiovisuales&#8221; font_container=&#8221;tag:h2|text_align:center|color:%23000000&#8243; use_theme_fonts=&#8221;yes&#8221;][vc_empty_space height=&#8221;20px&#8221;][vc_column_text font_family=&#8221;Bookman Old Style, serif&#8221; font_size=&#8221;14&#8243;] \u00bfQuieres celebrar un evento \u00fanico y diferente en un espacio especial en el centro de Matar\u00f3? Vine a la Casa Coll&hellip;<\/p>\n","protected":false},"author":2,"featured_media":0,"parent":0,"menu_order":0,"comment_status":"closed","ping_status":"closed","template":"","meta":{"_acf_changed":false,"footnotes":""},"class_list":["post-1340","page","type-page","status-publish","hentry","entry","no-media"],"acf":[],"yoast_head":"<!-- This site is optimized with the Yoast SEO plugin v26.8 - https:\/\/yoast.com\/product\/yoast-seo-wordpress\/ -->\n<title>Espacios - Casa Coll i Reg\u00e0s<\/title>\n<meta name=\"description\" content=\"Vols celebrar un esdeveniment \u00fanic i diferent?Busques un espai \u00fanic i especial per a una celebraci\u00f3?Si el que necessites \u00e9s una vetllada \u00fanica, en un espai modernista i en ple centre de Matar\u00f3, la Casa Coll i Reg\u00e0s \u00e9s per a tu!Un marc ideal per a actes, celebracions, aniversaris, casaments, reunions, presentacions, esdeveniments, ...Contacta&#039;ns i gaudeix d&#039;una joia modernista!\" \/>\n<meta name=\"robots\" content=\"index, follow, max-snippet:-1, max-image-preview:large, max-video-preview:-1\" \/>\n<link rel=\"canonical\" href=\"https:\/\/casacolliregas.cat\/es\/espais\/\" \/>\n<meta property=\"og:locale\" content=\"es_ES\" \/>\n<meta property=\"og:type\" content=\"article\" \/>\n<meta property=\"og:title\" content=\"Espacios - Casa Coll i Reg\u00e0s\" \/>\n<meta property=\"og:description\" content=\"Vols celebrar un esdeveniment \u00fanic i diferent?Busques un espai \u00fanic i especial per a una celebraci\u00f3?Si el que necessites \u00e9s una vetllada \u00fanica, en un espai modernista i en ple centre de Matar\u00f3, la Casa Coll i Reg\u00e0s \u00e9s per a tu!Un marc ideal per a actes, celebracions, aniversaris, casaments, reunions, presentacions, esdeveniments, ...Contacta&#039;ns i gaudeix d&#039;una joia modernista!\" \/>\n<meta property=\"og:url\" content=\"https:\/\/casacolliregas.cat\/es\/espais\/\" \/>\n<meta property=\"og:site_name\" content=\"Casa Coll i Reg\u00e0s\" \/>\n<meta property=\"article:publisher\" content=\"https:\/\/www.facebook.com\/casacolliregas\/\" \/>\n<meta property=\"article:modified_time\" content=\"2025-02-20T16:34:51+00:00\" \/>\n<meta name=\"twitter:card\" content=\"summary_large_image\" \/>\n<meta name=\"twitter:site\" content=\"@casacolliregas\" \/>\n<meta name=\"twitter:label1\" content=\"Tiempo de lectura\" \/>\n\t<meta name=\"twitter:data1\" content=\"2 minutos\" \/>\n<!-- \/ Yoast SEO plugin. -->","yoast_head_json":{"title":"Espacios - Casa Coll i Reg\u00e0s","description":"Vols celebrar un esdeveniment \u00fanic i diferent?Busques un espai \u00fanic i especial per a una celebraci\u00f3?Si el que necessites \u00e9s una vetllada \u00fanica, en un espai modernista i en ple centre de Matar\u00f3, la Casa Coll i Reg\u00e0s \u00e9s per a tu!Un marc ideal per a actes, celebracions, aniversaris, casaments, reunions, presentacions, esdeveniments, ...Contacta'ns i gaudeix d'una joia modernista!","robots":{"index":"index","follow":"follow","max-snippet":"max-snippet:-1","max-image-preview":"max-image-preview:large","max-video-preview":"max-video-preview:-1"},"canonical":"https:\/\/casacolliregas.cat\/es\/espais\/","og_locale":"es_ES","og_type":"article","og_title":"Espacios - Casa Coll i Reg\u00e0s","og_description":"Vols celebrar un esdeveniment \u00fanic i diferent?Busques un espai \u00fanic i especial per a una celebraci\u00f3?Si el que necessites \u00e9s una vetllada \u00fanica, en un espai modernista i en ple centre de Matar\u00f3, la Casa Coll i Reg\u00e0s \u00e9s per a tu!Un marc ideal per a actes, celebracions, aniversaris, casaments, reunions, presentacions, esdeveniments, ...Contacta'ns i gaudeix d'una joia modernista!","og_url":"https:\/\/casacolliregas.cat\/es\/espais\/","og_site_name":"Casa Coll i Reg\u00e0s","article_publisher":"https:\/\/www.facebook.com\/casacolliregas\/","article_modified_time":"2025-02-20T16:34:51+00:00","twitter_card":"summary_large_image","twitter_site":"@casacolliregas","twitter_misc":{"Tiempo de lectura":"2 minutos"},"schema":{"@context":"https:\/\/schema.org","@graph":[{"@type":"WebPage","@id":"https:\/\/casacolliregas.cat\/es\/espais\/","url":"https:\/\/casacolliregas.cat\/es\/espais\/","name":"Espacios - Casa Coll i Reg\u00e0s","isPartOf":{"@id":"https:\/\/casacolliregas.cat\/#website"},"datePublished":"2017-08-31T09:59:03+00:00","dateModified":"2025-02-20T16:34:51+00:00","description":"Vols celebrar un esdeveniment \u00fanic i diferent?Busques un espai \u00fanic i especial per a una celebraci\u00f3?Si el que necessites \u00e9s una vetllada \u00fanica, en un espai modernista i en ple centre de Matar\u00f3, la Casa Coll i Reg\u00e0s \u00e9s per a tu!Un marc ideal per a actes, celebracions, aniversaris, casaments, reunions, presentacions, esdeveniments, ...Contacta'ns i gaudeix d'una joia modernista!","breadcrumb":{"@id":"https:\/\/casacolliregas.cat\/es\/espais\/#breadcrumb"},"inLanguage":"es","potentialAction":[{"@type":"ReadAction","target":["https:\/\/casacolliregas.cat\/es\/espais\/"]}]},{"@type":"BreadcrumbList","@id":"https:\/\/casacolliregas.cat\/es\/espais\/#breadcrumb","itemListElement":[{"@type":"ListItem","position":1,"name":"Inici","item":"https:\/\/casacolliregas.cat\/es\/"},{"@type":"ListItem","position":2,"name":"Espacios"}]},{"@type":"WebSite","@id":"https:\/\/casacolliregas.cat\/#website","url":"https:\/\/casacolliregas.cat\/","name":"Casa Coll i Reg\u00e0s","description":"","publisher":{"@id":"https:\/\/casacolliregas.cat\/#organization"},"potentialAction":[{"@type":"SearchAction","target":{"@type":"EntryPoint","urlTemplate":"https:\/\/casacolliregas.cat\/?s={search_term_string}"},"query-input":{"@type":"PropertyValueSpecification","valueRequired":true,"valueName":"search_term_string"}}],"inLanguage":"es"},{"@type":"Organization","@id":"https:\/\/casacolliregas.cat\/#organization","name":"Casa Coll i Reg\u00e0s","url":"https:\/\/casacolliregas.cat\/","logo":{"@type":"ImageObject","inLanguage":"es","@id":"https:\/\/casacolliregas.cat\/#\/schema\/logo\/image\/","url":"https:\/\/casacolliregas.cat\/wp-content\/uploads\/2017\/09\/logo-casa-coll-i-regas.jpg","contentUrl":"https:\/\/casacolliregas.cat\/wp-content\/uploads\/2017\/09\/logo-casa-coll-i-regas.jpg","width":190,"height":125,"caption":"Casa Coll i Reg\u00e0s"},"image":{"@id":"https:\/\/casacolliregas.cat\/#\/schema\/logo\/image\/"},"sameAs":["https:\/\/www.facebook.com\/casacolliregas\/","https:\/\/x.com\/casacolliregas","https:\/\/instagram.com\/casacolliregas","https:\/\/ca.wikipedia.org\/wiki\/Casa_Coll_i_Reg\u00e0s"]}]}},"_links":{"self":[{"href":"https:\/\/casacolliregas.cat\/es\/wp-json\/wp\/v2\/pages\/1340","targetHints":{"allow":["GET"]}}],"collection":[{"href":"https:\/\/casacolliregas.cat\/es\/wp-json\/wp\/v2\/pages"}],"about":[{"href":"https:\/\/casacolliregas.cat\/es\/wp-json\/wp\/v2\/types\/page"}],"author":[{"embeddable":true,"href":"https:\/\/casacolliregas.cat\/es\/wp-json\/wp\/v2\/users\/2"}],"replies":[{"embeddable":true,"href":"https:\/\/casacolliregas.cat\/es\/wp-json\/wp\/v2\/comments?post=1340"}],"version-history":[{"count":3,"href":"https:\/\/casacolliregas.cat\/es\/wp-json\/wp\/v2\/pages\/1340\/revisions"}],"predecessor-version":[{"id":72953,"href":"https:\/\/casacolliregas.cat\/es\/wp-json\/wp\/v2\/pages\/1340\/revisions\/72953"}],"wp:attachment":[{"href":"https:\/\/casacolliregas.cat\/es\/wp-json\/wp\/v2\/media?parent=1340"}],"curies":[{"name":"wp","href":"https:\/\/api.w.org\/{rel}","templated":true}]}}