{"id":1337,"date":"2017-08-31T10:51:36","date_gmt":"2017-08-31T09:51:36","guid":{"rendered":"https:\/\/casacolliregas.cat\/casa-coll-regas-josep-puig-cadafalch-mataro\/"},"modified":"2026-02-09T08:34:26","modified_gmt":"2026-02-09T07:34:26","slug":"casa-coll-regas-josep-puig-cadafalch-mataro","status":"publish","type":"page","link":"https:\/\/casacolliregas.cat\/es\/","title":{"rendered":"La Casa Coll i Reg\u00e0s de Josep Puig i Cadafalch a Matar\u00f3"},"content":{"rendered":"[vc_row][vc_column][vc_separator color=&#8221;custom&#8221; accent_color=&#8221;#d09e56&#8243;][vc_empty_space height=&#8221;25px&#8221;][vc_column_text]\n<h1 style=\"text-align: left;\">LA CASA COLL I REG\u00c0S<\/h1>\n<p style=\"text-align: left;\"><span style=\"font-size: 17px; color: #707070;\">La <strong>Casa Coll i Reg\u00e0s<\/strong> es un edificio <strong>modernista <\/strong>del arquitecto <strong>Josep Puig i Cadafalch<\/strong>. El <\/span><span style=\"font-size: 17px; color: #707070;\">a\u00f1o 1898 la encarg\u00f3 construir el empresario <strong>Joaquim Coll i Reg\u00e0s<\/strong>, un importante fabricante t\u00e9xtil de <strong>Matar\u00f3<\/strong>. <\/span><\/p>\n<p style=\"text-align: left;\"><span style=\"font-size: 17px; color: #707070;\">El edificio es un gran ejemplo del <strong>Modernismo catal\u00e1n<\/strong>, y el a\u00f1o 2000 la Generalitat de Catalunya lo declar\u00f3 <strong>Bien Cultural de Inter\u00e9s Nacional<\/strong>. Es, sin lugar a dudas, la joya <\/span><span style=\"color: #707070; font-size: 17px;\">modernista de la Fundaci\u00f3 Iluro.<\/span><\/p>\n[\/vc_column_text][vc_empty_space height=&#8221;25px&#8221;][vc_row_inner][vc_column_inner][vc_separator color=&#8221;custom&#8221; border_width=&#8221;2&#8243; accent_color=&#8221;#d09e56&#8243;][vc_empty_space height=&#8221;25px&#8221;][\/vc_column_inner][\/vc_row_inner][vc_row_inner][vc_column_inner width=&#8221;1\/3&#8243;][vc_single_image image=&#8221;79027&#8243; img_size=&#8221;1024&#215;682&#8243; alignment=&#8221;center&#8221; onclick=&#8221;custom_link&#8221; link=&#8221;https:\/\/casacolliregas.cat\/en\/producte\/modernist-wine-tastings-first-friday-of-every-month-copia\/&#8221;][vc_column_text]\n<h4 class=\"woocommerce-loop-product__title\">Experiencia Puig i Cadafalch a la Casa<\/h4>\n[\/vc_column_text][vc_empty_space height=&#8221;25px&#8221;][vc_separator color=&#8221;custom&#8221; border_width=&#8221;2&#8243; accent_color=&#8221;#d09e56&#8243;][\/vc_column_inner][vc_column_inner width=&#8221;1\/3&#8243;][vc_single_image image=&#8221;14782&#8243; img_size=&#8221;1024&#215;682&#8243; alignment=&#8221;center&#8221; onclick=&#8221;custom_link&#8221; link=&#8221;https:\/\/casacolliregas.cat\/activitats\/escape-room\/&#8221;][vc_column_text]\n<h4 class=\"woocommerce-loop-product__title\">Escape Room<\/h4>\n[\/vc_column_text][vc_empty_space height=&#8221;25px&#8221;][vc_separator color=&#8221;custom&#8221; border_width=&#8221;2&#8243; accent_color=&#8221;#d09e56&#8243;][\/vc_column_inner][vc_column_inner width=&#8221;1\/3&#8243;][vc_single_image image=&#8221;12454&#8243; alignment=&#8221;center&#8221; onclick=&#8221;custom_link&#8221; link=&#8221;https:\/\/casacolliregas.cat\/activitats\/visites-taller-en-familia\/&#8221;][vc_column_text]\n<h4 class=\"woocommerce-loop-product__title\">Vis\u00edtas y talleres en fam\u00edlia<\/h4>\n[\/vc_column_text][vc_empty_space height=&#8221;25px&#8221;][vc_separator color=&#8221;custom&#8221; border_width=&#8221;2&#8243; accent_color=&#8221;#d09e56&#8243;][\/vc_column_inner][\/vc_row_inner][vc_row_inner][vc_column_inner width=&#8221;1\/3&#8243;][vc_single_image image=&#8221;12262&#8243; alignment=&#8221;center&#8221; onclick=&#8221;custom_link&#8221; link=&#8221;https:\/\/casacolliregas.cat\/es\/producte\/visitas-guiadas\/ &#8220;][vc_column_text]\n<h4 class=\"woocommerce-loop-product__title\">Visitas guiadas en Castellano (Primer s\u00e1bado de mes)<\/h4>\n[\/vc_column_text][vc_empty_space height=&#8221;25px&#8221;][vc_separator color=&#8221;custom&#8221; border_width=&#8221;2&#8243; accent_color=&#8221;#d09e56&#8243;][\/vc_column_inner][vc_column_inner width=&#8221;1\/3&#8243;][vc_single_image image=&#8221;50093&#8243; img_size=&#8221;1024&#215;682&#8243; alignment=&#8221;center&#8221; onclick=&#8221;custom_link&#8221; link=&#8221;https:\/\/casacolliregas.cat\/es\/escoles\/&#8221;][vc_column_text]\n<h4 class=\"woocommerce-loop-product__title\">Visitas escolares<\/h4>\n[\/vc_column_text][vc_empty_space height=&#8221;25px&#8221;][\/vc_column_inner][\/vc_row_inner][\/vc_column][\/vc_row][vc_row full_width=&#8221;stretch_row_content_no_spaces&#8221; parallax=&#8221;content-moving&#8221; parallax_image=&#8221;404&#8243; remove_bottom_col_margin=&#8221;&#8221; columns_right=&#8221;&#8221; tablet_fullwidth_cols=&#8221;&#8221; offset_overlay_header=&#8221;&#8221; wpex_bg_overlay=&#8221;custom&#8221; wpex_post_thumbnail_bg=&#8221;&#8221; css=&#8221;.vc_custom_1595593699620{padding-top: 50px !important;padding-bottom: 50px !important;}&#8221;][vc_column css=&#8221;.vc_custom_1592997912487{margin-bottom: 0px !important;}&#8221;][vc_column_text css=&#8221;.vc_custom_1727947372401{margin-top: 50px !important;margin-bottom: 50px !important;border-bottom-width: 20px !important;padding-top: 20px !important;}&#8221; line_height=&#8221;1em&#8221; el_class=&#8221;home-slider&#8221;]\n<h2 style=\"text-align: center;\">\u201cLa casa en qs&#8217;h treballa<br \/>\nmay hi falta pa ni palla\u201d<\/h2>\n[\/vc_column_text][\/vc_column][\/vc_row][vc_row][vc_column][vc_column_text]\n<h3 style=\"text-align: center;\"><strong>&#8220;En la casa donde se trabaja, no falta pan ni paja&#8221;<\/strong><\/h3>\n[\/vc_column_text][vc_empty_space height=&#8221;40px&#8221;][vc_custom_heading text=&#8221;ACTUALIDAD&#8221; font_container=&#8221;tag:h2|font_size:24px|text_align:center&#8221; google_fonts=&#8221;font_family:Overlock%3Aregular%2Citalic%2C700%2C700italic%2C900%2C900italic|font_style:900%20bold%20regular%3A900%3Anormal&#8221;][vc_empty_space height=&#8221;40px&#8221;][vc_basic_grid post_type=&#8221;post&#8221; max_items=&#8221;2&#8243; element_width=&#8221;12&#8243; item=&#8221;15600&#8243; grid_id=&#8221;vc_gid:1770622460266-7e9d29aa-2889-7&#8243;][vc_empty_space height=&#8221;100px&#8221;][vc_row_inner][vc_column_inner width=&#8221;1\/2&#8243;][vc_separator color=&#8221;black&#8221; border_width=&#8221;2&#8243;][vc_empty_space height=&#8221;25px&#8221;][vc_empty_space height=&#8221;25px&#8221;][vc_separator color=&#8221;custom&#8221; border_width=&#8221;2&#8243; accent_color=&#8221;#d09e56&#8243;][\/vc_column_inner][vc_column_inner width=&#8221;1\/2&#8243;][vc_separator color=&#8221;black&#8221; border_width=&#8221;2&#8243;][vc_empty_space height=&#8221;25px&#8221;][vc_empty_space height=&#8221;25px&#8221;][vc_separator color=&#8221;custom&#8221; border_width=&#8221;2&#8243; accent_color=&#8221;#d09e56&#8243;][\/vc_column_inner][\/vc_row_inner][\/vc_column][\/vc_row]\n","protected":false},"excerpt":{"rendered":"<p>[vc_row][vc_column][vc_separator color=&#8221;custom&#8221; accent_color=&#8221;#d09e56&#8243;][vc_empty_space height=&#8221;25px&#8221;][vc_column_text] LA CASA COLL I REG\u00c0S La Casa Coll i Reg\u00e0s es un edificio modernista del arquitecto Josep Puig i Cadafalch. El a\u00f1o 1898 la encarg\u00f3 construir el empresario Joaquim Coll i Reg\u00e0s, un importante fabricante t\u00e9xtil&hellip;<\/p>\n","protected":false},"author":31,"featured_media":12267,"parent":0,"menu_order":0,"comment_status":"closed","ping_status":"closed","template":"","meta":{"_acf_changed":false,"footnotes":""},"class_list":["post-1337","page","type-page","status-publish","has-post-thumbnail","hentry","entry","has-media"],"acf":[],"yoast_head":"<!-- This site is optimized with the Yoast SEO plugin v26.8 - https:\/\/yoast.com\/product\/yoast-seo-wordpress\/ -->\n<title>La Casa Coll i Reg\u00e0s de Josep Puig i Cadafalch a Matar\u00f3<\/title>\n<meta name=\"description\" content=\"La Casa Coll i Reg\u00e0s es un edificio modernista de Matar\u00f3, proyectado por el arquitecto catal\u00e1n Josep Puig i Cadafalch en 1898.\" \/>\n<meta name=\"robots\" content=\"index, follow, max-snippet:-1, max-image-preview:large, max-video-preview:-1\" \/>\n<link rel=\"canonical\" href=\"https:\/\/casacolliregas.cat\/es\/\" \/>\n<meta property=\"og:locale\" content=\"es_ES\" \/>\n<meta property=\"og:type\" content=\"article\" \/>\n<meta property=\"og:title\" content=\"La Casa Coll i Reg\u00e0s de Josep Puig i Cadafalch a Matar\u00f3\" \/>\n<meta property=\"og:description\" content=\"La Casa Coll i Reg\u00e0s es un edificio modernista de Matar\u00f3, proyectado por el arquitecto catal\u00e1n Josep Puig i Cadafalch en 1898.\" \/>\n<meta property=\"og:url\" content=\"https:\/\/casacolliregas.cat\/es\/\" \/>\n<meta property=\"og:site_name\" content=\"Casa Coll i Reg\u00e0s\" \/>\n<meta property=\"article:publisher\" content=\"https:\/\/www.facebook.com\/casacolliregas\/\" \/>\n<meta property=\"article:modified_time\" content=\"2026-02-09T07:34:26+00:00\" \/>\n<meta property=\"og:image\" content=\"https:\/\/casacolliregas.cat\/wp-content\/uploads\/2019\/11\/ilu_161209_BR_placa-scaled.jpg\" \/>\n\t<meta property=\"og:image:width\" content=\"2169\" \/>\n\t<meta property=\"og:image:height\" content=\"2560\" \/>\n\t<meta property=\"og:image:type\" content=\"image\/jpeg\" \/>\n<meta name=\"twitter:card\" content=\"summary_large_image\" \/>\n<meta name=\"twitter:site\" content=\"@casacolliregas\" \/>\n<meta name=\"twitter:label1\" content=\"Tiempo de lectura\" \/>\n\t<meta name=\"twitter:data1\" content=\"3 minutos\" \/>\n<!-- \/ Yoast SEO plugin. -->","yoast_head_json":{"title":"La Casa Coll i Reg\u00e0s de Josep Puig i Cadafalch a Matar\u00f3","description":"La Casa Coll i Reg\u00e0s es un edificio modernista de Matar\u00f3, proyectado por el arquitecto catal\u00e1n Josep Puig i Cadafalch en 1898.","robots":{"index":"index","follow":"follow","max-snippet":"max-snippet:-1","max-image-preview":"max-image-preview:large","max-video-preview":"max-video-preview:-1"},"canonical":"https:\/\/casacolliregas.cat\/es\/","og_locale":"es_ES","og_type":"article","og_title":"La Casa Coll i Reg\u00e0s de Josep Puig i Cadafalch a Matar\u00f3","og_description":"La Casa Coll i Reg\u00e0s es un edificio modernista de Matar\u00f3, proyectado por el arquitecto catal\u00e1n Josep Puig i Cadafalch en 1898.","og_url":"https:\/\/casacolliregas.cat\/es\/","og_site_name":"Casa Coll i Reg\u00e0s","article_publisher":"https:\/\/www.facebook.com\/casacolliregas\/","article_modified_time":"2026-02-09T07:34:26+00:00","og_image":[{"width":2169,"height":2560,"url":"https:\/\/casacolliregas.cat\/wp-content\/uploads\/2019\/11\/ilu_161209_BR_placa-scaled.jpg","type":"image\/jpeg"}],"twitter_card":"summary_large_image","twitter_site":"@casacolliregas","twitter_misc":{"Tiempo de lectura":"3 minutos"},"schema":{"@context":"https:\/\/schema.org","@graph":[{"@type":"WebPage","@id":"https:\/\/casacolliregas.cat\/es\/","url":"https:\/\/casacolliregas.cat\/es\/","name":"La Casa Coll i Reg\u00e0s de Josep Puig i Cadafalch a Matar\u00f3","isPartOf":{"@id":"https:\/\/casacolliregas.cat\/#website"},"primaryImageOfPage":{"@id":"https:\/\/casacolliregas.cat\/es\/#primaryimage"},"image":{"@id":"https:\/\/casacolliregas.cat\/es\/#primaryimage"},"thumbnailUrl":"https:\/\/casacolliregas.cat\/wp-content\/uploads\/2019\/11\/ilu_161209_BR_placa-scaled.jpg","datePublished":"2017-08-31T09:51:36+00:00","dateModified":"2026-02-09T07:34:26+00:00","description":"La Casa Coll i Reg\u00e0s es un edificio modernista de Matar\u00f3, proyectado por el arquitecto catal\u00e1n Josep Puig i Cadafalch en 1898.","breadcrumb":{"@id":"https:\/\/casacolliregas.cat\/es\/#breadcrumb"},"inLanguage":"es","potentialAction":[{"@type":"ReadAction","target":["https:\/\/casacolliregas.cat\/es\/"]}]},{"@type":"ImageObject","inLanguage":"es","@id":"https:\/\/casacolliregas.cat\/es\/#primaryimage","url":"https:\/\/casacolliregas.cat\/wp-content\/uploads\/2019\/11\/ilu_161209_BR_placa-scaled.jpg","contentUrl":"https:\/\/casacolliregas.cat\/wp-content\/uploads\/2019\/11\/ilu_161209_BR_placa-scaled.jpg","width":2169,"height":2560},{"@type":"BreadcrumbList","@id":"https:\/\/casacolliregas.cat\/es\/#breadcrumb","itemListElement":[{"@type":"ListItem","position":1,"name":"Inici","item":"https:\/\/casacolliregas.cat\/es\/"},{"@type":"ListItem","position":2,"name":"La Casa Coll i Reg\u00e0s de Josep Puig i Cadafalch a Matar\u00f3"}]},{"@type":"WebSite","@id":"https:\/\/casacolliregas.cat\/#website","url":"https:\/\/casacolliregas.cat\/","name":"Casa Coll i Reg\u00e0s","description":"","publisher":{"@id":"https:\/\/casacolliregas.cat\/#organization"},"potentialAction":[{"@type":"SearchAction","target":{"@type":"EntryPoint","urlTemplate":"https:\/\/casacolliregas.cat\/?s={search_term_string}"},"query-input":{"@type":"PropertyValueSpecification","valueRequired":true,"valueName":"search_term_string"}}],"inLanguage":"es"},{"@type":"Organization","@id":"https:\/\/casacolliregas.cat\/#organization","name":"Casa Coll i Reg\u00e0s","url":"https:\/\/casacolliregas.cat\/","logo":{"@type":"ImageObject","inLanguage":"es","@id":"https:\/\/casacolliregas.cat\/#\/schema\/logo\/image\/","url":"https:\/\/casacolliregas.cat\/wp-content\/uploads\/2017\/09\/logo-casa-coll-i-regas.jpg","contentUrl":"https:\/\/casacolliregas.cat\/wp-content\/uploads\/2017\/09\/logo-casa-coll-i-regas.jpg","width":190,"height":125,"caption":"Casa Coll i Reg\u00e0s"},"image":{"@id":"https:\/\/casacolliregas.cat\/#\/schema\/logo\/image\/"},"sameAs":["https:\/\/www.facebook.com\/casacolliregas\/","https:\/\/x.com\/casacolliregas","https:\/\/instagram.com\/casacolliregas","https:\/\/ca.wikipedia.org\/wiki\/Casa_Coll_i_Reg\u00e0s"]}]}},"_links":{"self":[{"href":"https:\/\/casacolliregas.cat\/es\/wp-json\/wp\/v2\/pages\/1337","targetHints":{"allow":["GET"]}}],"collection":[{"href":"https:\/\/casacolliregas.cat\/es\/wp-json\/wp\/v2\/pages"}],"about":[{"href":"https:\/\/casacolliregas.cat\/es\/wp-json\/wp\/v2\/types\/page"}],"author":[{"embeddable":true,"href":"https:\/\/casacolliregas.cat\/es\/wp-json\/wp\/v2\/users\/31"}],"replies":[{"embeddable":true,"href":"https:\/\/casacolliregas.cat\/es\/wp-json\/wp\/v2\/comments?post=1337"}],"version-history":[{"count":7,"href":"https:\/\/casacolliregas.cat\/es\/wp-json\/wp\/v2\/pages\/1337\/revisions"}],"predecessor-version":[{"id":81370,"href":"https:\/\/casacolliregas.cat\/es\/wp-json\/wp\/v2\/pages\/1337\/revisions\/81370"}],"wp:featuredmedia":[{"embeddable":true,"href":"https:\/\/casacolliregas.cat\/es\/wp-json\/wp\/v2\/media\/12267"}],"wp:attachment":[{"href":"https:\/\/casacolliregas.cat\/es\/wp-json\/wp\/v2\/media?parent=1337"}],"curies":[{"name":"wp","href":"https:\/\/api.w.org\/{rel}","templated":true}]}}