{"id":1333,"date":"2017-08-31T10:57:49","date_gmt":"2017-08-31T09:57:49","guid":{"rendered":"https:\/\/casacolliregas.cat\/la-casa\/"},"modified":"2025-02-27T17:43:34","modified_gmt":"2025-02-27T16:43:34","slug":"la-casa","status":"publish","type":"page","link":"https:\/\/casacolliregas.cat\/es\/la-casa\/","title":{"rendered":"La casa"},"content":{"rendered":"[vc_row][vc_column][vc_column_text]El 12 de mayo de 1897 Pere Comas, mataron\u00ed y alba\u00f1il de profesi\u00f3n, pidi\u00f3 permiso al Ayuntamiento de Matar\u00f3 para reformar las casas de los n\u00fameros 55 y 57 de la calle Argentona que hab\u00eda comprado un a\u00f1o antes.<\/p>\n<p>Tal como muestran los planos del proyecto incluidos en la solicitud de licencia de obra, la intervenci\u00f3n consist\u00eda en derribar las dos casas y construir un nuevo edificio.<\/p>\n<p>Curiosamente, estos planos est\u00e1n firmados por el arquitecto Antoni Galliss\u00e0 (Barcelona, 1861-1903), aunque el autor es tambi\u00e9n el arquitecto Josep Puig i Cadafalch. Uno de los motivos de esto podr\u00eda ser porque Puig i Cadafalch fue el arquitecto municipal de Matar\u00f3 hasta un a\u00f1o antes, entre 1892 y 1896.<\/p>\n<p>El libro <em>L&#8217;oeuvre de Puig y Cadafalch<\/em> (1904), dedicado a la obra del arquitecto, confirma que es el autor de la Casa Coll i Reg\u00e0s.<\/p>\n<p>Este nuevo edificio tiene 4 plantas: s\u00f3tano, planta baja, primer piso y buhardillas.<br \/>\nLos planos del proyecto incluyen elementos como la fachada, un esquema de la secci\u00f3n con las alturas y proporciones, la planta baja y el primer piso.<br \/>\nNi el s\u00f3tano ni las buhardillas aparecen en los planos.<\/p>\n<p>El estilo sigue la tradici\u00f3n de las casas solariegas de la burgues\u00eda de Matar\u00f3 y es la \u00fanica casa solariega de la \u00e9poca modernista construida en la ciudad.[\/vc_column_text][vc_empty_space height=&#8221;50px&#8221;]\n\t\t\t<!-- START La casa slider 1 REVOLUTION SLIDER 6.7.25 --><p class=\"rs-p-wp-fix\"><\/p>\n\t\t\t<rs-module-wrap id=\"rev_slider_4_1_wrapper\" data-source=\"gallery\" style=\"visibility:hidden;background:transparent;padding:0;margin:0px auto;margin-top:0;margin-bottom:0;max-width:715px;\">\n\t\t\t\t<rs-module id=\"rev_slider_4_1\" style=\"\" data-version=\"6.7.25\">\n\t\t\t\t\t<rs-slides style=\"overflow: hidden; position: absolute;\">\n\t\t\t\t\t\t<rs-slide style=\"position: absolute;\" data-key=\"rs-10\" data-title=\"Slide\" data-thumb=\"\/\/casacolliregas.cat\/wp-content\/uploads\/2017\/09\/ilu_170517_823-100x50.jpg\" data-anim=\"adpr:false;\">\n\t\t\t\t\t\t\t<img decoding=\"async\" src=\"\/\/casacolliregas.cat\/wp-content\/plugins\/revslider\/sr6\/assets\/assets\/dummy.png\" alt=\"\" title=\"La casa\" class=\"rev-slidebg tp-rs-img rs-lazyload\" data-lazyload=\"\/\/casacolliregas.cat\/wp-content\/uploads\/2017\/09\/ilu_170517_823.jpg\" data-no-retina>\n<!---->\t\t\t\t\t<\/rs-slide>\n\t\t\t\t\t\t<rs-slide style=\"position: absolute;\" data-key=\"rs-6\" data-title=\"Slide\" data-thumb=\"\/\/casacolliregas.cat\/wp-content\/uploads\/2017\/09\/ilu_170517_304-100x50.jpg\" data-anim=\"adpr:false;\">\n\t\t\t\t\t\t\t<img decoding=\"async\" src=\"\/\/casacolliregas.cat\/wp-content\/plugins\/revslider\/sr6\/assets\/assets\/dummy.png\" alt=\"\" title=\"La casa\" class=\"rev-slidebg tp-rs-img rs-lazyload\" data-lazyload=\"\/\/casacolliregas.cat\/wp-content\/uploads\/2017\/09\/ilu_170517_304.jpg\" data-no-retina>\n<!---->\t\t\t\t\t<\/rs-slide>\n\t\t\t\t\t\t<rs-slide style=\"position: absolute;\" data-key=\"rs-5\" data-title=\"Slide\" data-thumb=\"\/\/casacolliregas.cat\/wp-content\/uploads\/2017\/09\/ilu_170517_409-100x50.jpg\" data-anim=\"adpr:false;\">\n\t\t\t\t\t\t\t<img decoding=\"async\" src=\"\/\/casacolliregas.cat\/wp-content\/plugins\/revslider\/sr6\/assets\/assets\/dummy.png\" alt=\"\" title=\"La casa\" class=\"rev-slidebg tp-rs-img rs-lazyload\" data-lazyload=\"\/\/casacolliregas.cat\/wp-content\/uploads\/2017\/09\/ilu_170517_409.jpg\" data-no-retina>\n<!---->\t\t\t\t\t<\/rs-slide>\n\t\t\t\t\t\t<rs-slide style=\"position: absolute;\" data-key=\"rs-4\" data-title=\"Slide\" data-thumb=\"\/\/casacolliregas.cat\/wp-content\/uploads\/2017\/09\/ilu_170517_770-100x50.jpg\" data-anim=\"adpr:false;\">\n\t\t\t\t\t\t\t<img decoding=\"async\" src=\"\/\/casacolliregas.cat\/wp-content\/plugins\/revslider\/sr6\/assets\/assets\/dummy.png\" alt=\"\" title=\"La casa\" class=\"rev-slidebg tp-rs-img rs-lazyload\" data-lazyload=\"\/\/casacolliregas.cat\/wp-content\/uploads\/2017\/09\/ilu_170517_770.jpg\" data-no-retina>\n<!---->\t\t\t\t\t<\/rs-slide>\n\t\t\t\t\t\t<rs-slide style=\"position: absolute;\" data-key=\"rs-11\" data-title=\"Slide\" data-thumb=\"\/\/casacolliregas.cat\/wp-content\/uploads\/2017\/09\/ilu_170517_614-100x50.jpg\" data-anim=\"adpr:false;\">\n\t\t\t\t\t\t\t<img decoding=\"async\" src=\"\/\/casacolliregas.cat\/wp-content\/plugins\/revslider\/sr6\/assets\/assets\/dummy.png\" alt=\"\" title=\"La casa\" class=\"rev-slidebg tp-rs-img rs-lazyload\" data-lazyload=\"\/\/casacolliregas.cat\/wp-content\/uploads\/2017\/09\/ilu_170517_614.jpg\" data-no-retina>\n<!---->\t\t\t\t\t<\/rs-slide>\n\t\t\t\t\t\t<rs-slide style=\"position: absolute;\" data-key=\"rs-13\" data-title=\"Slide\" data-thumb=\"\/\/casacolliregas.cat\/wp-content\/uploads\/2017\/09\/ilu_170517_750-100x50.jpg\" data-anim=\"adpr:false;\">\n\t\t\t\t\t\t\t<img decoding=\"async\" src=\"\/\/casacolliregas.cat\/wp-content\/plugins\/revslider\/sr6\/assets\/assets\/dummy.png\" alt=\"\" title=\"La casa\" class=\"rev-slidebg tp-rs-img rs-lazyload\" data-lazyload=\"\/\/casacolliregas.cat\/wp-content\/uploads\/2017\/09\/ilu_170517_750.jpg\" data-no-retina>\n<!---->\t\t\t\t\t<\/rs-slide>\n\t\t\t\t\t\t<rs-slide style=\"position: absolute;\" data-key=\"rs-14\" data-title=\"Slide\" data-thumb=\"\/\/casacolliregas.cat\/wp-content\/uploads\/2017\/09\/ilu_170517_532-100x50.jpg\" data-anim=\"adpr:false;\">\n\t\t\t\t\t\t\t<img decoding=\"async\" src=\"\/\/casacolliregas.cat\/wp-content\/plugins\/revslider\/sr6\/assets\/assets\/dummy.png\" alt=\"\" title=\"La casa\" class=\"rev-slidebg tp-rs-img rs-lazyload\" data-lazyload=\"\/\/casacolliregas.cat\/wp-content\/uploads\/2017\/09\/ilu_170517_532.jpg\" data-no-retina>\n<!---->\t\t\t\t\t<\/rs-slide>\n\t\t\t\t\t<\/rs-slides>\n\t\t\t\t<\/rs-module>\n\t\t\t\t<script>\n\t\t\t\t\tsetREVStartSize({c: 'rev_slider_4_1',rl:[1240,1024,778,480],el:[],gw:[715],gh:[476],type:'carousel',justify:'',layout:'fullwidth',mh:\"0\"});if (window.RS_MODULES!==undefined && window.RS_MODULES.modules!==undefined && window.RS_MODULES.modules[\"revslider41\"]!==undefined) {window.RS_MODULES.modules[\"revslider41\"].once = false;window.revapi4 = undefined;if (window.RS_MODULES.checkMinimal!==undefined) window.RS_MODULES.checkMinimal()}\n\t\t\t\t<\/script>\n\t\t\t<\/rs-module-wrap>\n\t\t\t<!-- END REVOLUTION SLIDER -->\n[vc_empty_space height=&#8221;80px&#8221;][vc_separator color=&#8221;custom&#8221; border_width=&#8221;2&#8243; accent_color=&#8221;#d09e56&#8243;][vc_empty_space height=&#8221;40px&#8221;][vc_row_inner][vc_column_inner width=&#8221;5\/12&#8243;][vc_single_image image=&#8221;497&#8243;][\/vc_column_inner][vc_column_inner width=&#8221;7\/12&#8243;][vc_custom_heading text=&#8221;JOAQUIM COLL I REG\u00c0S&#8221; font_container=&#8221;tag:h3|font_size:24|text_align:left|color:%23333333&#8243; google_fonts=&#8221;font_family:Overlock%3Aregular%2Citalic%2C700%2C700italic%2C900%2C900italic|font_style:900%20bold%20regular%3A900%3Anormal&#8221;][vc_empty_space height=&#8221;20px&#8221;][vc_column_text]Naci\u00f3 en Matar\u00f3 en 1855.<br \/>\nSu padre y su abuelo paterno eran sastres, y el abuelo materno, Feliciano Reg\u00e0s, ten\u00eda una f\u00e1brica donde Joaquim Coll i Reg\u00e0s comenz\u00f3 a trabajar.<\/p>\n<p>Esta f\u00e1brica era la continuaci\u00f3n de la que fund\u00f3 el ingeniero Antoni Reg\u00e0s i Borrell (Matar\u00f3, 1752-1837), inventor de una m\u00e1quina de hilar, a principios del siglo XIX (19).<\/p>\n<p>Se encontraba en la calle d&#8217;en Moles, 9 y luego se mud\u00f3 a la plaza de Cuba, esquina con la calle de la Uni\u00f3.<br \/>\nM\u00e1s adelante, se traslad\u00f3 a unos edificios nuevos de la calle de la Merc\u00e8, actualmente llamado Cam\u00ed Ral, en el lugar de la avenida Recoder.<br \/>\nLa empresa tambi\u00e9n ten\u00eda edificios en la calle Churruca.<br \/>\nEl nombre comercial de la f\u00e1brica Coll i Reg\u00e0s era &#8216;Sobrino de Antonio Reg\u00e0s&#8217;.<\/p>\n<p>En 1880, Joaquim Coll i Reg\u00e0s se cas\u00f3 con Magdalena Suri\u00e0 i Prats en la iglesia de Sant Josep.<\/p>\n<p>Entre los a\u00f1os 1882 y 1889, nacieron sus 6 hijos y compraron dos casas en la calle Argentona para construir la casa familiar, dise\u00f1ada por Josep Puig i Cadafalch y terminada en 1898.<\/p>\n<p>La familia, sin embargo, no fue muy feliz en la casa.<br \/>\nMagdalena Suri\u00e0 i Prats muri\u00f3 y Joaquim Coll i Reg\u00e0s se volvi\u00f3 a casar con Dolors Jaumandreu i Frigola.<\/p>\n<p>En 1903, una enfermedad mental lo incapacit\u00f3 y muri\u00f3 en Barcelona en 1904.[\/vc_column_text][\/vc_column_inner][\/vc_row_inner][vc_empty_space height=&#8221;40px&#8221;][vc_separator color=&#8221;custom&#8221; border_width=&#8221;2&#8243; accent_color=&#8221;#d09e56&#8243;][vc_empty_space height=&#8221;40px&#8221;][vc_row_inner][vc_column_inner width=&#8221;5\/12&#8243;][vc_single_image image=&#8221;353&#8243;][\/vc_column_inner][vc_column_inner width=&#8221;7\/12&#8243;][vc_custom_heading text=&#8221;JOSEP PUIG I CADAFALCH&#8221; font_container=&#8221;tag:h3|font_size:24|text_align:left|color:%23333333&#8243; google_fonts=&#8221;font_family:Overlock%3Aregular%2Citalic%2C700%2C700italic%2C900%2C900italic|font_style:900%20bold%20regular%3A900%3Anormal&#8221;][vc_empty_space height=&#8221;20px&#8221;][vc_column_text]Comenz\u00f3 a trabajar como arquitecto en Barcelona y en Matar\u00f3, donde fue el arquitecto municipal entre 1892 y 1896.<\/p>\n<p>En la ciudad, se encarg\u00f3 de urbanizar muchas calles y de modificar, modernizar y ampliar la red de alcantarillado, muchas de las cuales a\u00fan se encuentran en perfecto estado.<br \/>\nCon el m\u00e9dico Llu\u00eds Viladevall, redact\u00f3 el trabajo \u201cMemoria sobre el estado sanitario de la ciudad de Matar\u00f3\u201d, donde demuestra que la falta de alcantarillado o su mal estado provocaba muchos problemas sanitarios.<\/p>\n<p>Entre las obras de Puig i Cadafalch en la ciudad destaca la reforma del Sal\u00f3n de Sesiones de la Casa de la Ciudad y su artesonado, una estructura del techo decorada con madera.<br \/>\nOtros trabajos son el edificio del Mercado del Rengle, en la plaza Gran, dise\u00f1ado por el anterior arquitecto municipal, Emili Cabanyes, para el cual ide\u00f3 una nueva cubierta.<\/p>\n<p>Tambi\u00e9n es autor del edificio de la Beneficencia en la calle Sant Josep y de varias obras privadas como la Casa Sisternes (1891), en la calle Sant Sim\u00f3, esquina con Espenyes, la tienda Can Palomer o La Confianza (1894), en la plaza Xica, y la Casa Parera (1894), en la calle Nou.<br \/>\nUna vez dej\u00f3 de ser el arquitecto municipal, dise\u00f1\u00f3 la Casa Coll i Reg\u00e0s (1898).<\/p>\n<p>En Argentona dise\u00f1\u00f3 su propia casa (1897-1905), Can Gar\u00ed del Cros (1897) y la capilla del Sacramento de la iglesia parroquial de Sant Juli\u00e0.<\/p>\n<p>Durante el tiempo que trabaj\u00f3 en Matar\u00f3 particip\u00f3 en todas las iniciativas culturales y art\u00edsticas de la ciudad:<br \/>\nla fundaci\u00f3n de la Biblioteca p\u00fablica municipal y de la Asociaci\u00f3n Art\u00edstico Arqueol\u00f3gica, para la cual dise\u00f1\u00f3 el estandarte que ofreci\u00f3 al monasterio de Ripoll durante su restauraci\u00f3n.<br \/>\nFinalmente, instal\u00f3 el primer Museo de Matar\u00f3 en la planta baja del desaparecido edificio de la Escuela de Artes y Oficios.<\/p>\n<p>En Barcelona, su primera obra fue la tienda de Joyer\u00eda Maci\u00e0 (1892), en la calle Ferran, que ya no existe.<\/p>\n<p>Tambi\u00e9n construy\u00f3 muchas casas emblem\u00e1ticas del Eixample:<\/p>\n<ul>\n<li>La Casa Amatller (1900), en el paseo de Gracia.<\/li>\n<li>La Casa Macaya (1904), en el paseo Sant Joan, y sede del centro cultural La Caixa.<\/li>\n<li>La Casa Trinxet (1904), en la calle C\u00f3rcega, que ya no existe.<\/li>\n<li>La Casa de les Punxes (1905), en avenida Diagonal.<\/li>\n<li>La Casa Serra (1907), en rambla Catalunya, sede de la Diputaci\u00f3n de Barcelona.<\/li>\n<li>La Casa dels Quatre Gats (1897), en calle Montsi\u00f3.<\/li>\n<li>La f\u00e1brica Casarramona (1913), en Montju\u00efc, sede del obra cultural La Caixa.<\/li>\n<\/ul>\n<p>En Montserrat, es autor del Cruz del quinto misterio del dolor del Rosario Monumental, con colaboraci\u00f3n del escultor Josep Llimona.<\/p>\n<p>Josep Puig i Cadafalch muri\u00f3 en Barcelona a los 89 a\u00f1os, el 22 diciembre 1956. Pidi\u00f3 ser enterrado en Matar\u00f3, en el nicho familiar del cementerio Capuchinos, por ma\u00f1ana Navidad.[\/vc_column_text][\/vc_column_inner][\/vc_row_inner][\/vc_column][\/vc_row]\n","protected":false},"excerpt":{"rendered":"<p>[vc_row][vc_column][vc_column_text]El 12 de mayo de 1897 Pere Comas, mataron\u00ed y alba\u00f1il de profesi\u00f3n, pidi\u00f3 permiso al Ayuntamiento de Matar\u00f3 para reformar las casas de los n\u00fameros 55 y 57 de la calle Argentona que hab\u00eda comprado un a\u00f1o antes. Tal&hellip;<\/p>\n","protected":false},"author":23,"featured_media":0,"parent":0,"menu_order":0,"comment_status":"closed","ping_status":"closed","template":"","meta":{"_acf_changed":false,"footnotes":""},"class_list":["post-1333","page","type-page","status-publish","hentry","entry","no-media"],"acf":[],"yoast_head":"<!-- This site is optimized with the Yoast SEO plugin v26.8 - https:\/\/yoast.com\/product\/yoast-seo-wordpress\/ -->\n<title>La casa - Casa Coll i Reg\u00e0s<\/title>\n<meta name=\"robots\" content=\"index, follow, max-snippet:-1, max-image-preview:large, max-video-preview:-1\" \/>\n<link rel=\"canonical\" href=\"https:\/\/casacolliregas.cat\/es\/la-casa\/\" \/>\n<meta property=\"og:locale\" content=\"es_ES\" \/>\n<meta property=\"og:type\" content=\"article\" \/>\n<meta property=\"og:title\" content=\"La casa - Casa Coll i Reg\u00e0s\" \/>\n<meta property=\"og:description\" content=\"[vc_row][vc_column][vc_column_text]El 12 de mayo de 1897 Pere Comas, mataron\u00ed y alba\u00f1il de profesi\u00f3n, pidi\u00f3 permiso al Ayuntamiento de Matar\u00f3 para reformar las casas de los n\u00fameros 55 y 57 de la calle Argentona que hab\u00eda comprado un a\u00f1o antes. Tal&hellip;\" \/>\n<meta property=\"og:url\" content=\"https:\/\/casacolliregas.cat\/es\/la-casa\/\" \/>\n<meta property=\"og:site_name\" content=\"Casa Coll i Reg\u00e0s\" \/>\n<meta property=\"article:publisher\" content=\"https:\/\/www.facebook.com\/casacolliregas\/\" \/>\n<meta property=\"article:modified_time\" content=\"2025-02-27T16:43:34+00:00\" \/>\n<meta name=\"twitter:card\" content=\"summary_large_image\" \/>\n<meta name=\"twitter:site\" content=\"@casacolliregas\" \/>\n<meta name=\"twitter:label1\" content=\"Tiempo de lectura\" \/>\n\t<meta name=\"twitter:data1\" content=\"6 minutos\" \/>\n<!-- \/ Yoast SEO plugin. -->","yoast_head_json":{"title":"La casa - Casa Coll i Reg\u00e0s","robots":{"index":"index","follow":"follow","max-snippet":"max-snippet:-1","max-image-preview":"max-image-preview:large","max-video-preview":"max-video-preview:-1"},"canonical":"https:\/\/casacolliregas.cat\/es\/la-casa\/","og_locale":"es_ES","og_type":"article","og_title":"La casa - Casa Coll i Reg\u00e0s","og_description":"[vc_row][vc_column][vc_column_text]El 12 de mayo de 1897 Pere Comas, mataron\u00ed y alba\u00f1il de profesi\u00f3n, pidi\u00f3 permiso al Ayuntamiento de Matar\u00f3 para reformar las casas de los n\u00fameros 55 y 57 de la calle Argentona que hab\u00eda comprado un a\u00f1o antes. Tal&hellip;","og_url":"https:\/\/casacolliregas.cat\/es\/la-casa\/","og_site_name":"Casa Coll i Reg\u00e0s","article_publisher":"https:\/\/www.facebook.com\/casacolliregas\/","article_modified_time":"2025-02-27T16:43:34+00:00","twitter_card":"summary_large_image","twitter_site":"@casacolliregas","twitter_misc":{"Tiempo de lectura":"6 minutos"},"schema":{"@context":"https:\/\/schema.org","@graph":[{"@type":"WebPage","@id":"https:\/\/casacolliregas.cat\/es\/la-casa\/","url":"https:\/\/casacolliregas.cat\/es\/la-casa\/","name":"La casa - Casa Coll i Reg\u00e0s","isPartOf":{"@id":"https:\/\/casacolliregas.cat\/#website"},"datePublished":"2017-08-31T09:57:49+00:00","dateModified":"2025-02-27T16:43:34+00:00","breadcrumb":{"@id":"https:\/\/casacolliregas.cat\/es\/la-casa\/#breadcrumb"},"inLanguage":"es","potentialAction":[{"@type":"ReadAction","target":["https:\/\/casacolliregas.cat\/es\/la-casa\/"]}]},{"@type":"BreadcrumbList","@id":"https:\/\/casacolliregas.cat\/es\/la-casa\/#breadcrumb","itemListElement":[{"@type":"ListItem","position":1,"name":"Inici","item":"https:\/\/casacolliregas.cat\/es\/"},{"@type":"ListItem","position":2,"name":"La casa"}]},{"@type":"WebSite","@id":"https:\/\/casacolliregas.cat\/#website","url":"https:\/\/casacolliregas.cat\/","name":"Casa Coll i Reg\u00e0s","description":"","publisher":{"@id":"https:\/\/casacolliregas.cat\/#organization"},"potentialAction":[{"@type":"SearchAction","target":{"@type":"EntryPoint","urlTemplate":"https:\/\/casacolliregas.cat\/?s={search_term_string}"},"query-input":{"@type":"PropertyValueSpecification","valueRequired":true,"valueName":"search_term_string"}}],"inLanguage":"es"},{"@type":"Organization","@id":"https:\/\/casacolliregas.cat\/#organization","name":"Casa Coll i Reg\u00e0s","url":"https:\/\/casacolliregas.cat\/","logo":{"@type":"ImageObject","inLanguage":"es","@id":"https:\/\/casacolliregas.cat\/#\/schema\/logo\/image\/","url":"https:\/\/casacolliregas.cat\/wp-content\/uploads\/2017\/09\/logo-casa-coll-i-regas.jpg","contentUrl":"https:\/\/casacolliregas.cat\/wp-content\/uploads\/2017\/09\/logo-casa-coll-i-regas.jpg","width":190,"height":125,"caption":"Casa Coll i Reg\u00e0s"},"image":{"@id":"https:\/\/casacolliregas.cat\/#\/schema\/logo\/image\/"},"sameAs":["https:\/\/www.facebook.com\/casacolliregas\/","https:\/\/x.com\/casacolliregas","https:\/\/instagram.com\/casacolliregas","https:\/\/ca.wikipedia.org\/wiki\/Casa_Coll_i_Reg\u00e0s"]}]}},"_links":{"self":[{"href":"https:\/\/casacolliregas.cat\/es\/wp-json\/wp\/v2\/pages\/1333","targetHints":{"allow":["GET"]}}],"collection":[{"href":"https:\/\/casacolliregas.cat\/es\/wp-json\/wp\/v2\/pages"}],"about":[{"href":"https:\/\/casacolliregas.cat\/es\/wp-json\/wp\/v2\/types\/page"}],"author":[{"embeddable":true,"href":"https:\/\/casacolliregas.cat\/es\/wp-json\/wp\/v2\/users\/23"}],"replies":[{"embeddable":true,"href":"https:\/\/casacolliregas.cat\/es\/wp-json\/wp\/v2\/comments?post=1333"}],"version-history":[{"count":2,"href":"https:\/\/casacolliregas.cat\/es\/wp-json\/wp\/v2\/pages\/1333\/revisions"}],"predecessor-version":[{"id":73256,"href":"https:\/\/casacolliregas.cat\/es\/wp-json\/wp\/v2\/pages\/1333\/revisions\/73256"}],"wp:attachment":[{"href":"https:\/\/casacolliregas.cat\/es\/wp-json\/wp\/v2\/media?parent=1333"}],"curies":[{"name":"wp","href":"https:\/\/api.w.org\/{rel}","templated":true}]}}