{"id":1325,"date":"2017-09-27T15:23:20","date_gmt":"2017-09-27T14:23:20","guid":{"rendered":"https:\/\/casacolliregas.cat\/escoles\/debats-de-lobrador\/"},"modified":"2026-01-02T08:13:36","modified_gmt":"2026-01-02T07:13:36","slug":"debates-desde-el-obrador","status":"publish","type":"page","link":"https:\/\/casacolliregas.cat\/es\/escoles\/debates-desde-el-obrador\/","title":{"rendered":"Debates desde el obrador"},"content":{"rendered":"[vc_row][vc_column width=&#8221;1\/2&#8243;][vc_single_image image=&#8221;4890&#8243;][\/vc_column][vc_column width=&#8221;1\/2&#8243;][vc_column_text]Destinatarios: Educaci\u00f3n secundaria y bachillerato<br \/>\nDuraci\u00f3n: 2 horas<br \/>\nPrecio: 145 euros grupo o clase<\/p>\n<p><strong>Objetivos<\/strong><\/p>\n<ul>\n<li>Aprender las caracter\u00edsticas b\u00e1sicas del modernismo.<\/li>\n<li>Conocer a los personajes m\u00e1s importantes de la Casa Coll i Reg\u00e0s.<\/li>\n<li>Comparar el periodo del modernismo con el presente a nivel de ocio, trabajo, vida en la ciudad o la educaci\u00f3n.<\/li>\n<li>Identificar algunos de los cambios y semejanzas entre los ideales del modernismo y los valores y realidades del siglo XXI (21).<\/li>\n<li>Mirar al pasado para buscar respuestas a retos actuales.<\/li>\n<li>Trabajar la expresi\u00f3n oral con el debate.<\/li>\n<\/ul>\n<p><strong>Metodolog\u00eda<\/strong><\/p>\n<p>Visita y taller por los espacios de la Casa Coll i Reg\u00e0s, para fijarnos en elementos de la \u00e9poca modernista.<\/p>\n<p>Despu\u00e9s de descubrir la casa, el alumnado debatir\u00e1 sobre retos de hoy en d\u00eda.<br \/>\nSe dividir\u00e1n en grupos para pensar propuestas de mejora y despu\u00e9s las defender\u00e1n ante el resto de compa\u00f1eros.[\/vc_column_text][\/vc_column][\/vc_row][vc_row][vc_column][vc_custom_heading text=&#8221;M\u00e1s informaci\u00f3n&#8221; font_container=&#8221;tag:h2|text_align:left|color:%23000000&#8243; use_theme_fonts=&#8221;yes&#8221;][vc_empty_space height=&#8221;20px&#8221;][vc_column_text el_id=&#8221;form_reserva&#8221;]\n<div class=\"wpcf7 no-js\" id=\"wpcf7-f1389-o1\" lang=\"ca\" dir=\"ltr\" data-wpcf7-id=\"1389\">\n<div class=\"screen-reader-response\"><p role=\"status\" aria-live=\"polite\" aria-atomic=\"true\"><\/p> <ul><\/ul><\/div>\n<form action=\"\/es\/wp-json\/wp\/v2\/pages\/1325#wpcf7-f1389-o1\" method=\"post\" class=\"wpcf7-form init\" aria-label=\"Formulari de contacte\" novalidate=\"novalidate\" data-status=\"init\">\n<fieldset class=\"hidden-fields-container\"><input type=\"hidden\" name=\"_wpcf7\" value=\"1389\" \/><input type=\"hidden\" name=\"_wpcf7_version\" value=\"6.1.5\" \/><input type=\"hidden\" name=\"_wpcf7_locale\" value=\"ca\" \/><input type=\"hidden\" name=\"_wpcf7_unit_tag\" value=\"wpcf7-f1389-o1\" \/><input type=\"hidden\" name=\"_wpcf7_container_post\" value=\"0\" \/><input type=\"hidden\" name=\"_wpcf7_posted_data_hash\" value=\"\" \/><input type=\"hidden\" name=\"_wpcf7_recaptcha_response\" value=\"\" \/>\n<\/fieldset>\n<p>Rellena este formulario para recibir m\u00e1s informaci\u00f3n sobre las actividades escolares.\n<\/p>\n<p><span class=\"wpcf7-form-control-wrap\" data-name=\"visita\"><select class=\"wpcf7-form-control wpcf7-select wpcf7-validates-as-required\" aria-required=\"true\" aria-invalid=\"false\" name=\"visita\"><option value=\"\">Selecciona visita<\/option><option value=\"Urbanitz&#039;art\">Urbanitz&#039;art<\/option><option value=\"Materialitz&#039;art\">Materialitz&#039;art<\/option><option value=\"Debates desde el obrador\">Debates desde el obrador<\/option><\/select><\/span>\n<\/p>\n<p><span class=\"wpcf7-form-control-wrap\" data-name=\"your-name\"><input size=\"40\" maxlength=\"400\" class=\"wpcf7-form-control wpcf7-text wpcf7-validates-as-required input50 left\" aria-required=\"true\" aria-invalid=\"false\" placeholder=\"Nombre y apellidos\" value=\"\" type=\"text\" name=\"your-name\" \/><\/span>\n<\/p>\n<p><span class=\"wpcf7-form-control-wrap\" data-name=\"your-company\"><input size=\"40\" maxlength=\"400\" class=\"wpcf7-form-control wpcf7-text wpcf7-validates-as-required input50 right\" aria-required=\"true\" aria-invalid=\"false\" placeholder=\"Centro educativo\" value=\"\" type=\"text\" name=\"your-company\" \/><\/span>\n<\/p>\n<p><span class=\"wpcf7-form-control-wrap\" data-name=\"your-email\"><input size=\"40\" maxlength=\"400\" class=\"wpcf7-form-control wpcf7-email wpcf7-validates-as-required wpcf7-text wpcf7-validates-as-email input50 left\" aria-required=\"true\" aria-invalid=\"false\" placeholder=\"Correo electr\u00f3nico\" value=\"\" type=\"email\" name=\"your-email\" \/><\/span>\n<\/p>\n<p><span class=\"wpcf7-form-control-wrap\" data-name=\"your-telephone\"><input size=\"40\" maxlength=\"400\" class=\"wpcf7-form-control wpcf7-text wpcf7-validates-as-required input50 right\" aria-required=\"true\" aria-invalid=\"false\" placeholder=\"Tel\u00e9fono\" value=\"\" type=\"text\" name=\"your-telephone\" \/><\/span>\n<\/p>\n<p><span class=\"wpcf7-form-control-wrap\" data-name=\"your-message\"><textarea cols=\"40\" rows=\"10\" maxlength=\"2000\" class=\"wpcf7-form-control wpcf7-textarea wpcf7-validates-as-required\" aria-required=\"true\" aria-invalid=\"false\" placeholder=\"Mensaje\" name=\"your-message\"><\/textarea><\/span>\n<\/p>\n<p><span class=\"wpcf7-form-control-wrap\" data-name=\"politica_de_privacitat\"><span class=\"wpcf7-form-control wpcf7-checkbox wpcf7-validates-as-required\"><span class=\"wpcf7-list-item first last\"><input type=\"checkbox\" name=\"politica_de_privacitat[]\" value=\"Acepto la pol\u00edtica de privacidad\" \/><span class=\"wpcf7-list-item-label\">Acepto la pol\u00edtica de privacidad<\/span><\/span><\/span><\/span>\n<\/p>\n<p>FUNDACI\u00d3 ILURO, FUNDACI\u00d3 PRIVADA ESPECIAL tratar\u00e1 tus datos para responder la consulta o petici\u00f3n.<br \/>\nEn nuestra Pol\u00edtica de Privacidad, puedes acceder, rectificar o eliminar tus datos y ejercer otros derechos relacionados con la protecci\u00f3n de datos. <a href=\"https:\/\/fundacioiluro.cat\/politica-de-privacitat\/\" target=\"_blank\">Pol\u00edtica de Privacidad<\/a>.\n<\/p>\n<p><input class=\"wpcf7-form-control wpcf7-submit has-spinner\" type=\"submit\" value=\"Enviar\" \/>\n<\/p><div class=\"wpcf7-response-output\" aria-hidden=\"true\"><\/div>\n<\/form>\n<\/div>\n[\/vc_column_text][\/vc_column][\/vc_row]\n","protected":false},"excerpt":{"rendered":"<p>[vc_row][vc_column width=&#8221;1\/2&#8243;][vc_single_image image=&#8221;4890&#8243;][\/vc_column][vc_column width=&#8221;1\/2&#8243;][vc_column_text]Destinatarios: Educaci\u00f3n secundaria y bachillerato Duraci\u00f3n: 2 horas Precio: 145 euros grupo o clase Objetivos Aprender las caracter\u00edsticas b\u00e1sicas del modernismo. Conocer a los personajes m\u00e1s importantes de la Casa Coll i Reg\u00e0s. Comparar el periodo del&hellip;<\/p>\n","protected":false},"author":31,"featured_media":7358,"parent":1321,"menu_order":0,"comment_status":"closed","ping_status":"closed","template":"","meta":{"_acf_changed":false,"footnotes":""},"class_list":["post-1325","page","type-page","status-publish","has-post-thumbnail","hentry","entry","has-media"],"acf":[],"yoast_head":"<!-- This site is optimized with the Yoast SEO plugin v26.8 - https:\/\/yoast.com\/product\/yoast-seo-wordpress\/ -->\n<title>Debates desde el obrador - Casa Coll i Reg\u00e0s<\/title>\n<meta name=\"description\" content=\"Mediante un di\u00e1logo entre docentes, alumnos y educador, se invitar\u00e1 a debatir sobre algunos de los aspectos que definen los j\u00f3venes del siglo XXI.\" \/>\n<meta name=\"robots\" content=\"index, follow, max-snippet:-1, max-image-preview:large, max-video-preview:-1\" \/>\n<link rel=\"canonical\" href=\"https:\/\/casacolliregas.cat\/es\/escoles\/debates-desde-el-obrador\/\" \/>\n<meta property=\"og:locale\" content=\"es_ES\" \/>\n<meta property=\"og:type\" content=\"article\" \/>\n<meta property=\"og:title\" content=\"Debates desde el obrador - Casa Coll i Reg\u00e0s\" \/>\n<meta property=\"og:description\" content=\"Mediante un di\u00e1logo entre docentes, alumnos y educador, se invitar\u00e1 a debatir sobre algunos de los aspectos que definen los j\u00f3venes del siglo XXI.\" \/>\n<meta property=\"og:url\" content=\"https:\/\/casacolliregas.cat\/es\/escoles\/debates-desde-el-obrador\/\" \/>\n<meta property=\"og:site_name\" content=\"Casa Coll i Reg\u00e0s\" \/>\n<meta property=\"article:publisher\" content=\"https:\/\/www.facebook.com\/casacolliregas\/\" \/>\n<meta property=\"article:modified_time\" content=\"2026-01-02T07:13:36+00:00\" \/>\n<meta property=\"og:image\" content=\"https:\/\/casacolliregas.cat\/wp-content\/uploads\/2019\/01\/DebatsObrador-v2.jpg\" \/>\n\t<meta property=\"og:image:width\" content=\"503\" \/>\n\t<meta property=\"og:image:height\" content=\"502\" \/>\n\t<meta property=\"og:image:type\" content=\"image\/jpeg\" \/>\n<meta name=\"twitter:card\" content=\"summary_large_image\" \/>\n<meta name=\"twitter:site\" content=\"@casacolliregas\" \/>\n<meta name=\"twitter:label1\" content=\"Tiempo de lectura\" \/>\n\t<meta name=\"twitter:data1\" content=\"2 minutos\" \/>\n<!-- \/ Yoast SEO plugin. -->","yoast_head_json":{"title":"Debates desde el obrador - Casa Coll i Reg\u00e0s","description":"Mediante un di\u00e1logo entre docentes, alumnos y educador, se invitar\u00e1 a debatir sobre algunos de los aspectos que definen los j\u00f3venes del siglo XXI.","robots":{"index":"index","follow":"follow","max-snippet":"max-snippet:-1","max-image-preview":"max-image-preview:large","max-video-preview":"max-video-preview:-1"},"canonical":"https:\/\/casacolliregas.cat\/es\/escoles\/debates-desde-el-obrador\/","og_locale":"es_ES","og_type":"article","og_title":"Debates desde el obrador - Casa Coll i Reg\u00e0s","og_description":"Mediante un di\u00e1logo entre docentes, alumnos y educador, se invitar\u00e1 a debatir sobre algunos de los aspectos que definen los j\u00f3venes del siglo XXI.","og_url":"https:\/\/casacolliregas.cat\/es\/escoles\/debates-desde-el-obrador\/","og_site_name":"Casa Coll i Reg\u00e0s","article_publisher":"https:\/\/www.facebook.com\/casacolliregas\/","article_modified_time":"2026-01-02T07:13:36+00:00","og_image":[{"width":503,"height":502,"url":"https:\/\/casacolliregas.cat\/wp-content\/uploads\/2019\/01\/DebatsObrador-v2.jpg","type":"image\/jpeg"}],"twitter_card":"summary_large_image","twitter_site":"@casacolliregas","twitter_misc":{"Tiempo de lectura":"2 minutos"},"schema":{"@context":"https:\/\/schema.org","@graph":[{"@type":"WebPage","@id":"https:\/\/casacolliregas.cat\/es\/escoles\/debates-desde-el-obrador\/","url":"https:\/\/casacolliregas.cat\/es\/escoles\/debates-desde-el-obrador\/","name":"Debates desde el obrador - Casa Coll i Reg\u00e0s","isPartOf":{"@id":"https:\/\/casacolliregas.cat\/#website"},"primaryImageOfPage":{"@id":"https:\/\/casacolliregas.cat\/es\/escoles\/debates-desde-el-obrador\/#primaryimage"},"image":{"@id":"https:\/\/casacolliregas.cat\/es\/escoles\/debates-desde-el-obrador\/#primaryimage"},"thumbnailUrl":"https:\/\/casacolliregas.cat\/wp-content\/uploads\/2019\/01\/DebatsObrador-v2.jpg","datePublished":"2017-09-27T14:23:20+00:00","dateModified":"2026-01-02T07:13:36+00:00","description":"Mediante un di\u00e1logo entre docentes, alumnos y educador, se invitar\u00e1 a debatir sobre algunos de los aspectos que definen los j\u00f3venes del siglo XXI.","breadcrumb":{"@id":"https:\/\/casacolliregas.cat\/es\/escoles\/debates-desde-el-obrador\/#breadcrumb"},"inLanguage":"es","potentialAction":[{"@type":"ReadAction","target":["https:\/\/casacolliregas.cat\/es\/escoles\/debates-desde-el-obrador\/"]}]},{"@type":"ImageObject","inLanguage":"es","@id":"https:\/\/casacolliregas.cat\/es\/escoles\/debates-desde-el-obrador\/#primaryimage","url":"https:\/\/casacolliregas.cat\/wp-content\/uploads\/2019\/01\/DebatsObrador-v2.jpg","contentUrl":"https:\/\/casacolliregas.cat\/wp-content\/uploads\/2019\/01\/DebatsObrador-v2.jpg","width":503,"height":502,"caption":"171016 Visita guiada escola Casa Coll i Reg\u00e0s Fundaci\u00f3 Iluro TV3"},{"@type":"BreadcrumbList","@id":"https:\/\/casacolliregas.cat\/es\/escoles\/debates-desde-el-obrador\/#breadcrumb","itemListElement":[{"@type":"ListItem","position":1,"name":"Inici","item":"https:\/\/casacolliregas.cat\/es\/"},{"@type":"ListItem","position":2,"name":"Escuelas","item":"https:\/\/casacolliregas.cat\/es\/escoles\/"},{"@type":"ListItem","position":3,"name":"Debates desde el obrador"}]},{"@type":"WebSite","@id":"https:\/\/casacolliregas.cat\/#website","url":"https:\/\/casacolliregas.cat\/","name":"Casa Coll i Reg\u00e0s","description":"","publisher":{"@id":"https:\/\/casacolliregas.cat\/#organization"},"potentialAction":[{"@type":"SearchAction","target":{"@type":"EntryPoint","urlTemplate":"https:\/\/casacolliregas.cat\/?s={search_term_string}"},"query-input":{"@type":"PropertyValueSpecification","valueRequired":true,"valueName":"search_term_string"}}],"inLanguage":"es"},{"@type":"Organization","@id":"https:\/\/casacolliregas.cat\/#organization","name":"Casa Coll i Reg\u00e0s","url":"https:\/\/casacolliregas.cat\/","logo":{"@type":"ImageObject","inLanguage":"es","@id":"https:\/\/casacolliregas.cat\/#\/schema\/logo\/image\/","url":"https:\/\/casacolliregas.cat\/wp-content\/uploads\/2017\/09\/logo-casa-coll-i-regas.jpg","contentUrl":"https:\/\/casacolliregas.cat\/wp-content\/uploads\/2017\/09\/logo-casa-coll-i-regas.jpg","width":190,"height":125,"caption":"Casa Coll i Reg\u00e0s"},"image":{"@id":"https:\/\/casacolliregas.cat\/#\/schema\/logo\/image\/"},"sameAs":["https:\/\/www.facebook.com\/casacolliregas\/","https:\/\/x.com\/casacolliregas","https:\/\/instagram.com\/casacolliregas","https:\/\/ca.wikipedia.org\/wiki\/Casa_Coll_i_Reg\u00e0s"]}]}},"_links":{"self":[{"href":"https:\/\/casacolliregas.cat\/es\/wp-json\/wp\/v2\/pages\/1325","targetHints":{"allow":["GET"]}}],"collection":[{"href":"https:\/\/casacolliregas.cat\/es\/wp-json\/wp\/v2\/pages"}],"about":[{"href":"https:\/\/casacolliregas.cat\/es\/wp-json\/wp\/v2\/types\/page"}],"author":[{"embeddable":true,"href":"https:\/\/casacolliregas.cat\/es\/wp-json\/wp\/v2\/users\/31"}],"replies":[{"embeddable":true,"href":"https:\/\/casacolliregas.cat\/es\/wp-json\/wp\/v2\/comments?post=1325"}],"version-history":[{"count":6,"href":"https:\/\/casacolliregas.cat\/es\/wp-json\/wp\/v2\/pages\/1325\/revisions"}],"predecessor-version":[{"id":77028,"href":"https:\/\/casacolliregas.cat\/es\/wp-json\/wp\/v2\/pages\/1325\/revisions\/77028"}],"up":[{"embeddable":true,"href":"https:\/\/casacolliregas.cat\/es\/wp-json\/wp\/v2\/pages\/1321"}],"wp:featuredmedia":[{"embeddable":true,"href":"https:\/\/casacolliregas.cat\/es\/wp-json\/wp\/v2\/media\/7358"}],"wp:attachment":[{"href":"https:\/\/casacolliregas.cat\/es\/wp-json\/wp\/v2\/media?parent=1325"}],"curies":[{"name":"wp","href":"https:\/\/api.w.org\/{rel}","templated":true}]}}