{"id":1321,"date":"2017-10-11T11:50:41","date_gmt":"2017-10-11T10:50:41","guid":{"rendered":"https:\/\/casacolliregas.cat\/escoles\/"},"modified":"2025-12-03T07:36:53","modified_gmt":"2025-12-03T06:36:53","slug":"escoles","status":"publish","type":"page","link":"https:\/\/casacolliregas.cat\/es\/escoles\/","title":{"rendered":"Escuelas"},"content":{"rendered":"[vc_row][vc_column][vc_column_text]\n<div class=\"traductor-textarea form-group\">\n<div class=\"textarea-desti col-xs-12 col-sm-6\">\n<div class=\"form-control second-textarea\">\n<p>Los centros educativos pueden realizar diferentes actividades sobre el modernismo en la Casa Coll i Reg\u00e0s.<br \/>\nEstas actividades se basan en 3 grandes ejes:<\/p>\n<ul>\n<li>Participaci\u00f3n<\/li>\n<li>Ecperimentaci\u00f3n<\/li>\n<li>Emoci\u00f3n<\/li>\n<\/ul>\n<p>Las actividades van dirigidas a alumnos de P3 hasta Bachillerato.<br \/>\nSe adaptan a los objetivos de aprendizaje y competencias b\u00e1sicas que el Departamento de Educaci\u00f3n de la Generalidad de Catalu\u00f1a establece para cada nivel.<\/p>\n<p>Fundaci\u00f3n Iluro, Fundaci\u00f3n privada especial es la entidad encargada de gestionar las actividades educativas.<\/p>\n<p>Nota: Las actividades incluyen la visita a la planta noble y al jard\u00edn.<br \/>\nLos talleres se realizan en el primer piso.<\/p>\n<\/div>\n<\/div>\n<\/div>\n[\/vc_column_text][\/vc_column][\/vc_row][vc_row el_id=&#8221;cont_visites&#8221;][vc_column][vc_row_inner][vc_column_inner width=&#8221;1\/4&#8243;][vc_single_image image=&#8221;39719&#8243; alignment=&#8221;center&#8221; onclick=&#8221;custom_link&#8221; link=&#8221;https:\/\/casacolliregas.cat\/es\/escoles\/una-casa-de-sorpreses\/&#8221;][vc_empty_space height=&#8221;10px&#8221;][vc_custom_heading text=&#8221;Una casa de sorpresas&#8221; font_container=&#8221;tag:h3|font_size:20px|text_align:center|color:%23000000&#8243; use_theme_fonts=&#8221;yes&#8221; link=&#8221;url:https%3A%2F%2Fcasacolliregas.cat%2Fes%2Fescoles%2Funa-casa-de-sorpreses%2F&#8221;][vc_custom_heading text=&#8221;Educaci\u00f3n infantil&#8221; font_container=&#8221;tag:div|font_size:20px|text_align:center|color:%235e5e5e&#8221; use_theme_fonts=&#8221;yes&#8221; link=&#8221;url:https%3A%2F%2Fcasacolliregas.cat%2Fes%2Fescoles%2Funa-casa-de-sorpreses%2F&#8221;][vc_column_text]\n<p style=\"text-align: center;\"><em>Actividad para explorar y descubrir el espacio arquitect\u00f3nico y a uno mismo.<\/em><\/p>\n[\/vc_column_text][vc_empty_space height=&#8221;20px&#8221;][vc_raw_html]JTNDZGl2JTIwY2xhc3MlM0QlMjJjYWJhdV9iMDIlMjBjZW50ZXItYmxvY2slMjIlM0UlM0NhJTIwaHJlZiUzRCUyMmh0dHBzJTNBJTJGJTJGY2FzYWNvbGxpcmVnYXMuY2F0JTJGZXMlMkZlc2NvbGVzJTJGdW5hLWNhc2EtZGUtc29ycHJlc2VzJTJGJTIyJTNFTSVDMyVBMXMlMjBpbmZvcm1hY2klQzMlQjNuJTNDJTJGYSUzRSUzQyUyRmRpdiUzRQ==[\/vc_raw_html][\/vc_column_inner][vc_column_inner width=&#8221;1\/4&#8243;][vc_single_image image=&#8221;45103&#8243; alignment=&#8221;center&#8221; onclick=&#8221;custom_link&#8221; link=&#8221;https:\/\/casacolliregas.cat\/es\/escoles\/urbanitzart\/&#8221;][vc_empty_space height=&#8221;10px&#8221;][vc_custom_heading text=&#8221;Urbanitz&#8217;Art &#8221; font_container=&#8221;tag:h3|font_size:20px|text_align:center|color:%23000000&#8243; use_theme_fonts=&#8221;yes&#8221; link=&#8221;url:https%3A%2F%2Fcasacolliregas.cat%2Fes%2Fescoles%2Furbanitzart%2F|||&#8221;][vc_custom_heading text=&#8221;Educaci\u00f3n primaria&#8221; font_container=&#8221;tag:div|font_size:20px|text_align:center|color:%235e5e5e&#8221; use_theme_fonts=&#8221;yes&#8221; link=&#8221;url:https%3A%2F%2Fcasacolliregas.cat%2Fes%2Fescoles%2Furbanitzart%2F|||&#8221;][vc_column_text]\n<p style=\"text-align: center;\"><em>Para aprender sobre la relaci\u00f3n entre el proceso constructivo y el urbanismo.<\/em><\/p>\n[\/vc_column_text][vc_empty_space height=&#8221;20px&#8221;][vc_raw_html]JTNDZGl2JTIwY2xhc3MlM0QlMjJjYWJhdV9iMDIlMjBjZW50ZXItYmxvY2slMjIlM0UlM0NhJTIwaHJlZiUzRCUyMmh0dHBzJTNBJTJGJTJGY2FzYWNvbGxpcmVnYXMuY2F0JTJGZXMlMkZlc2NvbGVzJTJGdXJiYW5pdHphcnQlMkYlMjIlM0VNJUMzJUExcyUyMGluZm9ybWFjaSVDMyVCM24lM0MlMkZhJTNFJTNDJTJGZGl2JTNF[\/vc_raw_html][\/vc_column_inner][vc_column_inner width=&#8221;1\/4&#8243;][vc_single_image image=&#8221;45108&#8243; alignment=&#8221;center&#8221; onclick=&#8221;custom_link&#8221; link=&#8221;https:\/\/casacolliregas.cat\/es\/escoles\/materialitzart\/&#8221;][vc_empty_space height=&#8221;10px&#8221;][vc_custom_heading text=&#8221;Materialitz&#8217;art &#8221; font_container=&#8221;tag:h3|font_size:20px|text_align:center|color:%23000000&#8243; use_theme_fonts=&#8221;yes&#8221; link=&#8221;url:https%3A%2F%2Fcasacolliregas.cat%2Fes%2Fescoles%2Fmaterialitzart%2F|||&#8221;][vc_custom_heading text=&#8221;Educaci\u00f3n primaria y secundaria&#8221; font_container=&#8221;tag:div|font_size:20px|text_align:center|color:%235e5e5e&#8221; use_theme_fonts=&#8221;yes&#8221; link=&#8221;url:https%3A%2F%2Fcasacolliregas.cat%2Fes%2Fescoles%2Fmaterialitzart%2F|||&#8221;][vc_column_text]\n<p style=\"text-align: center;\"><em>Taller con l\u00e1piz 3D para reinterpretar los dise\u00f1os modernistas de la Casa Coll y Reg\u00e0s.<\/em><\/p>\n[\/vc_column_text][vc_empty_space height=&#8221;20px&#8221;][vc_raw_html]JTNDZGl2JTIwY2xhc3MlM0QlMjJjYWJhdV9iMDIlMjBjZW50ZXItYmxvY2slMjIlM0UlM0NhJTIwaHJlZiUzRCUyMmh0dHBzJTNBJTJGJTJGY2FzYWNvbGxpcmVnYXMuY2F0JTJGZXMlMkZlc2NvbGVzJTJGbWF0ZXJpYWxpdHphcnQlMkYlMjIlM0VNJUMzJUExcyUyMGluZm9ybWFjaSVDMyVCM24lM0MlMkZhJTNFJTNDJTJGZGl2JTNF[\/vc_raw_html][\/vc_column_inner][vc_column_inner width=&#8221;1\/4&#8243;][vc_single_image image=&#8221;4890&#8243; alignment=&#8221;center&#8221; onclick=&#8221;custom_link&#8221; link=&#8221;https:\/\/casacolliregas.cat\/es\/escoles\/debates-desde-el-obrador\/&#8221;][vc_empty_space height=&#8221;10px&#8221;][vc_custom_heading text=&#8221;Debates desde el obrador&#8221; font_container=&#8221;tag:h3|font_size:20px|text_align:center|color:%23000000&#8243; use_theme_fonts=&#8221;yes&#8221; link=&#8221;url:https%3A%2F%2Fcasacolliregas.cat%2Fes%2Fescoles%2Fdebates-desde-el-obrador%2F&#8221;][vc_custom_heading text=&#8221;Educaci\u00f3n secundaria y bachillerato&#8221; font_container=&#8221;tag:div|font_size:20px|text_align:center|color:%235e5e5e&#8221; use_theme_fonts=&#8221;yes&#8221; link=&#8221;url:https%3A%2F%2Fcasacolliregas.cat%2Fes%2Fescoles%2Fdebates-desde-el-obrador%2F&#8221;][vc_column_text]\n<p style=\"text-align: center;\"><em>Emprendimiento y debates inspirados en las actitudes y reformas de Joaquim Coll i Reg\u00e0s.<\/em><\/p>\n[\/vc_column_text][vc_empty_space height=&#8221;20px&#8221;][vc_raw_html]JTNDZGl2JTIwY2xhc3MlM0QlMjJjYWJhdV9iMDIlMjBjZW50ZXItYmxvY2slMjIlM0UlM0NhJTIwaHJlZiUzRCUyMmh0dHBzJTNBJTJGJTJGY2FzYWNvbGxpcmVnYXMuY2F0JTJGZXMlMkZlc2NvbGVzJTJGZGViYXRlcy1kZXNkZS1lbC1vYnJhZG9yJTJGJTIyJTNFTSVDMyVBMXMlMjBpbmZvcm1hY2klQzMlQjNuJTNDJTJGYSUzRSUzQyUyRmRpdiUzRQ==[\/vc_raw_html][\/vc_column_inner][\/vc_row_inner][\/vc_column][\/vc_row][vc_row][vc_column][vc_column_text]\n<p style=\"text-align: center;\">Servicio exento de IVA en conformidad con el art\u00edculo 20.1.14 Ley del IVA<\/p>\n[\/vc_column_text][\/vc_column][\/vc_row][vc_row][vc_column][vc_video link=&#8221;https:\/\/youtu.be\/DF2VOabh3nw&#8221; el_width=&#8221;50&#8243; align=&#8221;center&#8221; title=&#8221;La Escola Balmes visita la Casa Coll i Reg\u00e0s&#8221;][\/vc_column][\/vc_row]\n","protected":false},"excerpt":{"rendered":"<p>[vc_row][vc_column][vc_column_text] Los centros educativos pueden realizar diferentes actividades sobre el modernismo en la Casa Coll i Reg\u00e0s. Estas actividades se basan en 3 grandes ejes: Participaci\u00f3n Ecperimentaci\u00f3n Emoci\u00f3n Las actividades van dirigidas a alumnos de P3 hasta Bachillerato. Se adaptan&hellip;<\/p>\n","protected":false},"author":31,"featured_media":1931,"parent":0,"menu_order":0,"comment_status":"closed","ping_status":"closed","template":"","meta":{"_acf_changed":false,"footnotes":""},"class_list":["post-1321","page","type-page","status-publish","has-post-thumbnail","hentry","entry","has-media"],"acf":[],"yoast_head":"<!-- This site is optimized with the Yoast SEO plugin v26.8 - https:\/\/yoast.com\/product\/yoast-seo-wordpress\/ -->\n<title>Escuelas - Casa Coll i Reg\u00e0s<\/title>\n<meta name=\"robots\" content=\"index, follow, max-snippet:-1, max-image-preview:large, max-video-preview:-1\" \/>\n<link rel=\"canonical\" href=\"https:\/\/casacolliregas.cat\/es\/escoles\/\" \/>\n<meta property=\"og:locale\" content=\"es_ES\" \/>\n<meta property=\"og:type\" content=\"article\" \/>\n<meta property=\"og:title\" content=\"Escuelas - Casa Coll i Reg\u00e0s\" \/>\n<meta property=\"og:description\" content=\"[vc_row][vc_column][vc_column_text] Los centros educativos pueden realizar diferentes actividades sobre el modernismo en la Casa Coll i Reg\u00e0s. Estas actividades se basan en 3 grandes ejes: Participaci\u00f3n Ecperimentaci\u00f3n Emoci\u00f3n Las actividades van dirigidas a alumnos de P3 hasta Bachillerato. Se adaptan&hellip;\" \/>\n<meta property=\"og:url\" content=\"https:\/\/casacolliregas.cat\/es\/escoles\/\" \/>\n<meta property=\"og:site_name\" content=\"Casa Coll i Reg\u00e0s\" \/>\n<meta property=\"article:publisher\" content=\"https:\/\/www.facebook.com\/casacolliregas\/\" \/>\n<meta property=\"article:modified_time\" content=\"2025-12-03T06:36:53+00:00\" \/>\n<meta property=\"og:image\" content=\"https:\/\/casacolliregas.cat\/wp-content\/uploads\/2017\/10\/DSCF1187.jpg\" \/>\n\t<meta property=\"og:image:width\" content=\"1045\" \/>\n\t<meta property=\"og:image:height\" content=\"1040\" \/>\n\t<meta property=\"og:image:type\" content=\"image\/jpeg\" \/>\n<meta name=\"twitter:card\" content=\"summary_large_image\" \/>\n<meta name=\"twitter:site\" content=\"@casacolliregas\" \/>\n<meta name=\"twitter:label1\" content=\"Tiempo de lectura\" \/>\n\t<meta name=\"twitter:data1\" content=\"3 minutos\" \/>\n<!-- \/ Yoast SEO plugin. -->","yoast_head_json":{"title":"Escuelas - Casa Coll i Reg\u00e0s","robots":{"index":"index","follow":"follow","max-snippet":"max-snippet:-1","max-image-preview":"max-image-preview:large","max-video-preview":"max-video-preview:-1"},"canonical":"https:\/\/casacolliregas.cat\/es\/escoles\/","og_locale":"es_ES","og_type":"article","og_title":"Escuelas - Casa Coll i Reg\u00e0s","og_description":"[vc_row][vc_column][vc_column_text] Los centros educativos pueden realizar diferentes actividades sobre el modernismo en la Casa Coll i Reg\u00e0s. Estas actividades se basan en 3 grandes ejes: Participaci\u00f3n Ecperimentaci\u00f3n Emoci\u00f3n Las actividades van dirigidas a alumnos de P3 hasta Bachillerato. Se adaptan&hellip;","og_url":"https:\/\/casacolliregas.cat\/es\/escoles\/","og_site_name":"Casa Coll i Reg\u00e0s","article_publisher":"https:\/\/www.facebook.com\/casacolliregas\/","article_modified_time":"2025-12-03T06:36:53+00:00","og_image":[{"width":1045,"height":1040,"url":"https:\/\/casacolliregas.cat\/wp-content\/uploads\/2017\/10\/DSCF1187.jpg","type":"image\/jpeg"}],"twitter_card":"summary_large_image","twitter_site":"@casacolliregas","twitter_misc":{"Tiempo de lectura":"3 minutos"},"schema":{"@context":"https:\/\/schema.org","@graph":[{"@type":"WebPage","@id":"https:\/\/casacolliregas.cat\/es\/escoles\/","url":"https:\/\/casacolliregas.cat\/es\/escoles\/","name":"Escuelas - Casa Coll i Reg\u00e0s","isPartOf":{"@id":"https:\/\/casacolliregas.cat\/#website"},"primaryImageOfPage":{"@id":"https:\/\/casacolliregas.cat\/es\/escoles\/#primaryimage"},"image":{"@id":"https:\/\/casacolliregas.cat\/es\/escoles\/#primaryimage"},"thumbnailUrl":"https:\/\/casacolliregas.cat\/wp-content\/uploads\/2017\/10\/DSCF1187.jpg","datePublished":"2017-10-11T10:50:41+00:00","dateModified":"2025-12-03T06:36:53+00:00","breadcrumb":{"@id":"https:\/\/casacolliregas.cat\/es\/escoles\/#breadcrumb"},"inLanguage":"es","potentialAction":[{"@type":"ReadAction","target":["https:\/\/casacolliregas.cat\/es\/escoles\/"]}]},{"@type":"ImageObject","inLanguage":"es","@id":"https:\/\/casacolliregas.cat\/es\/escoles\/#primaryimage","url":"https:\/\/casacolliregas.cat\/wp-content\/uploads\/2017\/10\/DSCF1187.jpg","contentUrl":"https:\/\/casacolliregas.cat\/wp-content\/uploads\/2017\/10\/DSCF1187.jpg","width":1045,"height":1040,"caption":"Materialitzart"},{"@type":"BreadcrumbList","@id":"https:\/\/casacolliregas.cat\/es\/escoles\/#breadcrumb","itemListElement":[{"@type":"ListItem","position":1,"name":"Inici","item":"https:\/\/casacolliregas.cat\/es\/"},{"@type":"ListItem","position":2,"name":"Escuelas"}]},{"@type":"WebSite","@id":"https:\/\/casacolliregas.cat\/#website","url":"https:\/\/casacolliregas.cat\/","name":"Casa Coll i Reg\u00e0s","description":"","publisher":{"@id":"https:\/\/casacolliregas.cat\/#organization"},"potentialAction":[{"@type":"SearchAction","target":{"@type":"EntryPoint","urlTemplate":"https:\/\/casacolliregas.cat\/?s={search_term_string}"},"query-input":{"@type":"PropertyValueSpecification","valueRequired":true,"valueName":"search_term_string"}}],"inLanguage":"es"},{"@type":"Organization","@id":"https:\/\/casacolliregas.cat\/#organization","name":"Casa Coll i Reg\u00e0s","url":"https:\/\/casacolliregas.cat\/","logo":{"@type":"ImageObject","inLanguage":"es","@id":"https:\/\/casacolliregas.cat\/#\/schema\/logo\/image\/","url":"https:\/\/casacolliregas.cat\/wp-content\/uploads\/2017\/09\/logo-casa-coll-i-regas.jpg","contentUrl":"https:\/\/casacolliregas.cat\/wp-content\/uploads\/2017\/09\/logo-casa-coll-i-regas.jpg","width":190,"height":125,"caption":"Casa Coll i Reg\u00e0s"},"image":{"@id":"https:\/\/casacolliregas.cat\/#\/schema\/logo\/image\/"},"sameAs":["https:\/\/www.facebook.com\/casacolliregas\/","https:\/\/x.com\/casacolliregas","https:\/\/instagram.com\/casacolliregas","https:\/\/ca.wikipedia.org\/wiki\/Casa_Coll_i_Reg\u00e0s"]}]}},"_links":{"self":[{"href":"https:\/\/casacolliregas.cat\/es\/wp-json\/wp\/v2\/pages\/1321","targetHints":{"allow":["GET"]}}],"collection":[{"href":"https:\/\/casacolliregas.cat\/es\/wp-json\/wp\/v2\/pages"}],"about":[{"href":"https:\/\/casacolliregas.cat\/es\/wp-json\/wp\/v2\/types\/page"}],"author":[{"embeddable":true,"href":"https:\/\/casacolliregas.cat\/es\/wp-json\/wp\/v2\/users\/31"}],"replies":[{"embeddable":true,"href":"https:\/\/casacolliregas.cat\/es\/wp-json\/wp\/v2\/comments?post=1321"}],"version-history":[{"count":2,"href":"https:\/\/casacolliregas.cat\/es\/wp-json\/wp\/v2\/pages\/1321\/revisions"}],"predecessor-version":[{"id":72983,"href":"https:\/\/casacolliregas.cat\/es\/wp-json\/wp\/v2\/pages\/1321\/revisions\/72983"}],"wp:featuredmedia":[{"embeddable":true,"href":"https:\/\/casacolliregas.cat\/es\/wp-json\/wp\/v2\/media\/1931"}],"wp:attachment":[{"href":"https:\/\/casacolliregas.cat\/es\/wp-json\/wp\/v2\/media?parent=1321"}],"curies":[{"name":"wp","href":"https:\/\/api.w.org\/{rel}","templated":true}]}}