{"id":1268,"date":"2017-09-21T17:06:55","date_gmt":"2017-09-21T16:06:55","guid":{"rendered":"https:\/\/casacolliregas.cat\/avis-legal\/"},"modified":"2017-12-19T16:11:12","modified_gmt":"2017-12-19T15:11:12","slug":"avis-legal","status":"publish","type":"page","link":"https:\/\/casacolliregas.cat\/es\/avis-legal\/","title":{"rendered":"Aviso Legal"},"content":{"rendered":"<p class=\"p2\"><b><i>AVISO LEGAL P\u00c1GINA WEB <\/i><\/b><\/p>\n<p class=\"p3\"><b>AVISO LEGAL <\/b><\/p>\n<p class=\"p3\">En virtud de la Ley 15\/1999 del 13 de diciembre sobre la Protecci\u00f3n de Datos de car\u00e1cter personal, lo informamos que sus datos reflejados en esta comunicaci\u00f3n, est\u00e1n incorporadas dentro de un fichero responsabilidad de <strong>FUNDACI\u00d3 ILURO, FUNDACI\u00d3N PRIVADA ESPECIAL.<\/strong> La finalidad de este fichero es gestionar el servicio solicitado.<\/p>\n<p class=\"p3\">El usuario garantiza la autenticidad de todos aquellos datos que comunique a trav\u00e9s de <strong>www.casacolliregas.cat<\/strong>\u00a0y mantendr\u00e1 actualizada la informaci\u00f3n que facilite a <strong>FUNDACI\u00d3 ILURO, FUNDACI\u00d3N PRIVADA ESPECIAL<\/strong>, de forma que responda en todo momento a su situaci\u00f3n real, siendo el \u00fanico responsable de las manifestaciones falsas o inexactas que realice, as\u00ed como de los perjuicios que cause por esta raz\u00f3n a <strong>FUNDACI\u00d3 ILURO, FUNDACI\u00d3N PRIVADA ESPECIAL<\/strong> o a terceros.<\/p>\n<p class=\"p3\"><strong>FUNDACI\u00d3 ILURO, FUNDACI\u00d3N PRIVADA ESPECIAL<\/strong> no puede asumir ninguna responsabilidad derivada del uso incorrecto,\u00a0inapropiado o il\u00edcito de la informaci\u00f3n aparecida en las p\u00e1ginas de Internet de <strong>FUNDACI\u00d3 ILURO, FUNDACI\u00d3N PRIVADA ESPECIAL<\/strong><\/p>\n<p class=\"p3\">Con los l\u00edmites establecidos a la ley, <strong>FUNDACI\u00d3 ILURO, FUNDACI\u00d3N PRIVADA ESPECIAL<\/strong> no asume ninguna responsabilidad derivada de la falta de veracidad, integridad, actualizaci\u00f3n y precisi\u00f3n de los datos o informaciones que contienen sus p\u00e1ginas de Internet. Los contenidos e informaci\u00f3n de las p\u00e1ginas de Internet de <strong>FUNDACI\u00d3 ILURO, FUNDACI\u00d3N PRIVADA ESPECIAL<\/strong> est\u00e1n elaboradas por profesionales debidamente calificados para el ejercicio de su profesi\u00f3n. No obstante, los contenidos y la informaci\u00f3n no la vinculan, ni constituyen opiniones, consejos o asesoramiento legal de ning\u00fan tipo, puesto que s\u00f3lo se trata de un servicio ofrecido con car\u00e1cter informativo y divulgativo.<\/p>\n<p class=\"p3\">Las p\u00e1ginas de Internet de <strong>FUNDACI\u00d3 ILURO, FUNDACI\u00d3N PRIVADA ESPECIAL<\/strong> pueden contener enlaces (links) a otras p\u00e1ginas de terceros. Por eso, <strong>FUNDACI\u00d3 ILURO, FUNDACI\u00d3N PRIVADA ESPECIAL<\/strong> no podr\u00e1 asumir responsabilidades por el contenido que pueda aparecer en p\u00e1ginas de terceros. Los textos, im\u00e1genes, sue\u00f1os, animaciones,\u00a0software\u00a0y el resto de contenidos incluidos en este web son propiedad exclusiva de <strong>FUNDACI\u00d3 ILURO, FUNDACI\u00d3N PRIVADA ESPECIAL<\/strong> o sus licenciantes. Cualquier acto de transmisi\u00f3n, distribuci\u00f3n, cesi\u00f3n, reproducci\u00f3n, almacenamiento o comunicaci\u00f3n p\u00fablica total o parcial, tiene que contar con el consentimiento expreso de <strong>FUNDACI\u00d3 ILURO, FUNDACI\u00d3N PRIVADA ESPECIAL<\/strong><\/p>\n<p class=\"p3\">As\u00ed mismo, para acceder a los servicios que <strong>FUNDACI\u00d3 ILURO, FUNDACI\u00d3N PRIVADA ESPECIAL<\/strong> ofrece a trav\u00e9s del web, tendr\u00e1 que proporcionar algunos datos de car\u00e1cter personal. En cumplimiento de aquello establecido a la\u00a0LOPD\u00a015\/1999, del 13 de diciembre, lo informamos que sus datos personales quedar\u00e1n incorporados y ser\u00e1n tratados en los ficheros de <strong>FUNDACI\u00d3 ILURO, FUNDACI\u00d3N PRIVADA ESPECIAL<\/strong>, con el fin de prestarle y ofrecerle nuestros servicios. As\u00ed mismo, lo informamos de la posibilidad de ejercer los derechos de acceso, rectificaci\u00f3n, cancelaci\u00f3n y oposici\u00f3n de sus datos de car\u00e1cter personal, a <strong>LA RIERA 96, 2N &#8211; 08301 MATAR\u00d3 (BARCELONA)<\/strong> o bien, enviando un correo electr\u00f3nico a <strong>fundacio@fundacioiluro.cat<\/strong><\/p>\n<p class=\"p3\">Aun as\u00ed, su aceptaci\u00f3n al presente Aviso Legal supone la prestaci\u00f3n de su consentimiento expreso para que <strong>FUNDACI\u00d3 ILURO, FUNDACI\u00d3N PRIVADA ESPECIAL<\/strong> pueda remitirle comunicaciones publicitarias o promocionales por correo electr\u00f3nico u otro medio de comunicaci\u00f3n equivalente, en los t\u00e9rminos establecidos por la Ley 34\/2002, de Servicios de la Sociedad de la Informaci\u00f3n y del Comercio Electr\u00f3nico. En caso de no estar interesado al recibir este tipo de comunicaciones puede dirigirse a <strong>FUNDACI\u00d3 ILURO, FUNDACI\u00d3N PRIVADA ESPECIAL<\/strong>, a la direcci\u00f3n mencionada anteriormente o al correo electr\u00f3nico <strong>fundacio@fundacioiluro.cat<\/strong>, manifestando su voluntad.<\/p>\n<p class=\"p3\"><b>PROPIEDAD INTELECTUAL <\/b><\/p>\n<p class=\"p3\">Los contenidos proporcionados por <strong>FUNDACI\u00d3 ILURO, FUNDACI\u00d3N PRIVADA ESPECIAL<\/strong> est\u00e1n sujetas a los derechos de propiedad intelectual e industrial y son titularidad exclusiva de <strong>FUNDACI\u00d3 ILURO, FUNDACI\u00d3N PRIVADA ESPECIAL<\/strong> o de las personas f\u00edsicas o jur\u00eddicas que se informe mediante la adquisici\u00f3n de un producto o servicio. <strong>FUNDACI\u00d3 ILURO, FUNDACI\u00d3N PRIVADA ESPECIAL<\/strong> no confiere al adquiriente ning\u00fan derecho de alteraci\u00f3n, explotaci\u00f3n, reproducci\u00f3n, distribuci\u00f3n o comunicaci\u00f3n p\u00fablica sobre el mismo, reserv\u00e1ndose <strong>FUNDACI\u00d3 ILURO, FUNDACI\u00d3N PRIVADA ESPECIAL<\/strong> todos estos derechos. La cesi\u00f3n de estos derechos precisar\u00e1 el consentimiento previo por escrito del titular de los mismos, de forma que el cliente no podr\u00e1 poner a disposici\u00f3n de terceras personas estos contenidos.<\/p>\n<p class=\"p3\">La propiedad intelectual se extiende, adem\u00e1s del contenido incluido a <strong>FUNDACI\u00d3 ILURO, FUNDACI\u00d3N PRIVADA ESPECIAL<\/strong>, a sus gr\u00e1ficos, logotipos, dise\u00f1os, im\u00e1genes y c\u00f3digos fuente utilizados para su programaci\u00f3n.<\/p>\n<p class=\"p3\"><strong>FUNDACI\u00d3 ILURO, FUNDACI\u00d3N PRIVADA ESPECIAL<\/strong> ha obtenido la Informaci\u00f3n y los materiales incluidos en el web de fuentes consideradas como fiables y, si bien se han tomado medidas razonables para asegurarse que la informaci\u00f3n contenida sea la correcta, <strong>FUNDACI\u00d3 ILURO, FUNDACI\u00d3N PRIVADA ESPECIAL<\/strong> no puede garantizar que en todo momento y circunstancia esta informaci\u00f3n sea exacta, completa, actualizada y, en consecuencia, no se tiene que confiar en ella\u00a0como\u00a0si lo fuera. <strong>FUNDACI\u00d3 ILURO, FUNDACI\u00d3N PRIVADA ESPECIAL<\/strong> declina expresamente cualquier responsabilidad por error u omisi\u00f3n en la Informaci\u00f3n contenida en las p\u00e1ginas de esta web.<\/p>\n<p class=\"p3\"><strong>FUNDACI\u00d3 ILURO, FUNDACI\u00d3N PRIVADA ESPECIAL<\/strong> se reserva la facultad de modificar, suspender, cancelar o restringir el contenido de la web, los v\u00ednculos o la informaci\u00f3n obtenida a trav\u00e9s de esta, sin necesidad de aviso previo. Esta, en ning\u00fan caso, asume ninguna responsabilidad como consecuencia de la utilizaci\u00f3n incorrecta del web que pueda hacer el usuario, tanto de la informaci\u00f3n como de los servicios incluidos.<\/p>\n<p class=\"p3\">En ning\u00fan caso <strong>FUNDACI\u00d3 ILURO, FUNDACI\u00d3N PRIVADA ESPECIAL<\/strong>, sus sucursales y\/o centros de trabajo, sus directores y\/o apoderados, trabajadores y, en general, el personal autorizado ser\u00e1 responsable de cualquier tipo de perjuicio, p\u00e9rdida, reclamaci\u00f3n o gasto, tanto si procede directa o indirectamente, del uso y\/o difusi\u00f3n del web o de la Informaci\u00f3n adquirida o accedida por o a trav\u00e9s de este o de sus virus inform\u00e1ticos, de errores operativos o de interrupciones en el servicios o transmisi\u00f3n o de errores en l\u00ednea en el uso de la web, tanto por conexi\u00f3n directa c\u00f3mo por v\u00ednculo u otro medio, constituyendo a todos los efectos legales un aviso a cualquier usuario de que estas posibilidades y actas puedan suceder.<\/p>\n<p class=\"p3\"><strong>FUNDACI\u00d3 ILURO, FUNDACI\u00d3N PRIVADA ESPECIAL<\/strong> no se hace responsable de los webs no propios a los cuales se pueda acceder mediante v\u00ednculos o enlaces (&#8220;links&#8221;) o de cualquier contenido puesto a disposici\u00f3n de terceros. Cualquier uso de un v\u00ednculo o acceso a una p\u00e1gina web no propia ser\u00e1 realizado por voluntad y a riesgo totalmente exclusivo del usuario. <strong>FUNDACI\u00d3 ILURO, FUNDACI\u00d3N PRIVADA ESPECIAL<\/strong> no recomienda ni garantiza cabeza de la\/se Informaci\u00f3n\/ones\u00a0obtenida\/s por o a trav\u00e9s de cualquier v\u00ednculo, ni se responsabiliza de ninguna p\u00e9rdida, reclamaci\u00f3n o perjuicio derivado del uso o mal uso de un v\u00ednculo, o de la Informaci\u00f3n obtenida a trav\u00e9s de este, incluidos otros enlaces o webs, de la interrupci\u00f3n en el servicio o en el acceso, o del intento de utilizar o de utilizar mal un v\u00ednculo, tanto al conectar a la p\u00e1gina web de <strong>FUNDACI\u00d3 ILURO, FUNDACI\u00d3N PRIVADA ESPECIAL<\/strong> como al acceder a la informaci\u00f3n otros webs desde la misma.<\/p>\n<p class=\"p3\"><b>PROPIEDAD INDUSTRIAL E INTELECTUAL <\/b><\/p>\n<p class=\"p3\">Este sitio web es propiedad de <strong>FUNDACI\u00d3 ILURO, FUNDACI\u00d3N PRIVADA ESPECIAL<\/strong>. Los derechos de Propiedad Intelectual y de explotaci\u00f3n y reproducci\u00f3n de este web, de sus p\u00e1ginas, pantallas, la Informaci\u00f3n que contienen, su apariencia y dise\u00f1o, as\u00ed como los v\u00ednculos (&#8220;hiperlinks&#8221;)\u00a0que se establezcan desde este a otras p\u00e1ginas web de cualquier sociedad filial y\/o dominio de <strong>FUNDACI\u00d3 ILURO, FUNDACI\u00d3N PRIVADA ESPECIAL<\/strong>, son propiedad exclusiva de esta, salvo que se especifique expresamente otra cosa. Cualquier denominaci\u00f3n, dise\u00f1o y\/o logotipo, as\u00ed como cualquier producto o servicio ofrecidos y aparecidos en esta p\u00e1gina web, son marcas debidamente grabadas por <strong>FUNDACI\u00d3 ILURO, FUNDACI\u00d3N PRIVADA ESPECIAL<\/strong>, por sus sociedades filiales y\/o dominadas por terceros. Cualquier uso indebido de las mismas por personas diferentes de su leg\u00edtimo titular y sin el consentimiento expreso e inequ\u00edvoco por parte de este, podr\u00e1 ser denunciado y perseguido a trav\u00e9s de todos los medios legales existentes al Ordenamiento Jur\u00eddico espa\u00f1ol y\/o comunitario.<\/p>\n<p class=\"p3\">Los derechos de propiedad intelectual y marcas de terceros est\u00e1n destacados convenientemente y tienen que ser respetados por todo aquel que acceda en esta p\u00e1gina, no siendo responsabilidad de <strong>FUNDACI\u00d3 ILURO, FUNDACI\u00d3N PRIVADA ESPECIAL<\/strong> el uso que el usuario pueda llevar a cabo al respeto, recayendo la responsabilidad exclusiva en su persona.<\/p>\n<p class=\"p3\">S\u00f3lo se permite descargar para uso personal y privado los contenidos, copiar o imprimir cualquier p\u00e1gina de este sitio web. Queda prohibido reproducir, transmitir, modificar o suprimir la informaci\u00f3n, contenido o advertencias de esta p\u00e1gina web sin la previa autorizaci\u00f3n por escrito de <strong>FUNDACI\u00d3 ILURO, FUNDACI\u00d3N PRIVADA ESPECIAL<\/strong>.<\/p>\n<p class=\"p3\"><b>LEY APLICABLE Y JURISDICCI\u00d3N<\/b><\/p>\n<p class=\"p3\">Las presentes condiciones generales se rigen por la Legislaci\u00f3n espa\u00f1ola, siendo competentes los Juzgados y Tribunales espa\u00f1oles para conocer cualquier cuesti\u00f3n que se suscite sobre la interpretaci\u00f3n, aplicaci\u00f3n y desempe\u00f1o de las mismas. El usuario, por virtud de su aceptaci\u00f3n a las condiciones generales recogidas en este aviso legal, renuncia expresamente a cualquier fuero que, por aplicaci\u00f3n de la Ley de Enjuiciamiento Civil vigente pudiera corresponderle.<\/p>\n","protected":false},"excerpt":{"rendered":"<p>AVISO LEGAL P\u00c1GINA WEB AVISO LEGAL En virtud de la Ley 15\/1999 del 13 de diciembre sobre la Protecci\u00f3n de Datos de car\u00e1cter personal, lo informamos que sus datos reflejados en esta comunicaci\u00f3n, est\u00e1n incorporadas dentro de un fichero responsabilidad&hellip;<\/p>\n","protected":false},"author":2,"featured_media":0,"parent":0,"menu_order":0,"comment_status":"closed","ping_status":"closed","template":"","meta":{"_acf_changed":false,"footnotes":""},"class_list":["post-1268","page","type-page","status-publish","hentry","entry","no-media"],"acf":[],"yoast_head":"<!-- This site is optimized with the Yoast SEO plugin v26.8 - https:\/\/yoast.com\/product\/yoast-seo-wordpress\/ -->\n<title>Aviso Legal - Casa Coll i Reg\u00e0s<\/title>\n<meta name=\"robots\" content=\"index, follow, max-snippet:-1, max-image-preview:large, max-video-preview:-1\" \/>\n<link rel=\"canonical\" href=\"https:\/\/casacolliregas.cat\/es\/avis-legal\/\" \/>\n<meta property=\"og:locale\" content=\"es_ES\" \/>\n<meta property=\"og:type\" content=\"article\" \/>\n<meta property=\"og:title\" content=\"Aviso Legal - Casa Coll i Reg\u00e0s\" \/>\n<meta property=\"og:description\" content=\"AVISO LEGAL P\u00c1GINA WEB AVISO LEGAL En virtud de la Ley 15\/1999 del 13 de diciembre sobre la Protecci\u00f3n de Datos de car\u00e1cter personal, lo informamos que sus datos reflejados en esta comunicaci\u00f3n, est\u00e1n incorporadas dentro de un fichero responsabilidad&hellip;\" \/>\n<meta property=\"og:url\" content=\"https:\/\/casacolliregas.cat\/es\/avis-legal\/\" \/>\n<meta property=\"og:site_name\" content=\"Casa Coll i Reg\u00e0s\" \/>\n<meta property=\"article:publisher\" content=\"https:\/\/www.facebook.com\/casacolliregas\/\" \/>\n<meta property=\"article:modified_time\" content=\"2017-12-19T15:11:12+00:00\" \/>\n<meta name=\"twitter:card\" content=\"summary_large_image\" \/>\n<meta name=\"twitter:site\" content=\"@casacolliregas\" \/>\n<meta name=\"twitter:label1\" content=\"Tiempo de lectura\" \/>\n\t<meta name=\"twitter:data1\" content=\"8 minutos\" \/>\n<!-- \/ Yoast SEO plugin. -->","yoast_head_json":{"title":"Aviso Legal - Casa Coll i Reg\u00e0s","robots":{"index":"index","follow":"follow","max-snippet":"max-snippet:-1","max-image-preview":"max-image-preview:large","max-video-preview":"max-video-preview:-1"},"canonical":"https:\/\/casacolliregas.cat\/es\/avis-legal\/","og_locale":"es_ES","og_type":"article","og_title":"Aviso Legal - Casa Coll i Reg\u00e0s","og_description":"AVISO LEGAL P\u00c1GINA WEB AVISO LEGAL En virtud de la Ley 15\/1999 del 13 de diciembre sobre la Protecci\u00f3n de Datos de car\u00e1cter personal, lo informamos que sus datos reflejados en esta comunicaci\u00f3n, est\u00e1n incorporadas dentro de un fichero responsabilidad&hellip;","og_url":"https:\/\/casacolliregas.cat\/es\/avis-legal\/","og_site_name":"Casa Coll i Reg\u00e0s","article_publisher":"https:\/\/www.facebook.com\/casacolliregas\/","article_modified_time":"2017-12-19T15:11:12+00:00","twitter_card":"summary_large_image","twitter_site":"@casacolliregas","twitter_misc":{"Tiempo de lectura":"8 minutos"},"schema":{"@context":"https:\/\/schema.org","@graph":[{"@type":"WebPage","@id":"https:\/\/casacolliregas.cat\/es\/avis-legal\/","url":"https:\/\/casacolliregas.cat\/es\/avis-legal\/","name":"Aviso Legal - Casa Coll i Reg\u00e0s","isPartOf":{"@id":"https:\/\/casacolliregas.cat\/#website"},"datePublished":"2017-09-21T16:06:55+00:00","dateModified":"2017-12-19T15:11:12+00:00","breadcrumb":{"@id":"https:\/\/casacolliregas.cat\/es\/avis-legal\/#breadcrumb"},"inLanguage":"es","potentialAction":[{"@type":"ReadAction","target":["https:\/\/casacolliregas.cat\/es\/avis-legal\/"]}]},{"@type":"BreadcrumbList","@id":"https:\/\/casacolliregas.cat\/es\/avis-legal\/#breadcrumb","itemListElement":[{"@type":"ListItem","position":1,"name":"Inici","item":"https:\/\/casacolliregas.cat\/es\/"},{"@type":"ListItem","position":2,"name":"Aviso Legal"}]},{"@type":"WebSite","@id":"https:\/\/casacolliregas.cat\/#website","url":"https:\/\/casacolliregas.cat\/","name":"Casa Coll i Reg\u00e0s","description":"","publisher":{"@id":"https:\/\/casacolliregas.cat\/#organization"},"potentialAction":[{"@type":"SearchAction","target":{"@type":"EntryPoint","urlTemplate":"https:\/\/casacolliregas.cat\/?s={search_term_string}"},"query-input":{"@type":"PropertyValueSpecification","valueRequired":true,"valueName":"search_term_string"}}],"inLanguage":"es"},{"@type":"Organization","@id":"https:\/\/casacolliregas.cat\/#organization","name":"Casa Coll i Reg\u00e0s","url":"https:\/\/casacolliregas.cat\/","logo":{"@type":"ImageObject","inLanguage":"es","@id":"https:\/\/casacolliregas.cat\/#\/schema\/logo\/image\/","url":"https:\/\/casacolliregas.cat\/wp-content\/uploads\/2017\/09\/logo-casa-coll-i-regas.jpg","contentUrl":"https:\/\/casacolliregas.cat\/wp-content\/uploads\/2017\/09\/logo-casa-coll-i-regas.jpg","width":190,"height":125,"caption":"Casa Coll i Reg\u00e0s"},"image":{"@id":"https:\/\/casacolliregas.cat\/#\/schema\/logo\/image\/"},"sameAs":["https:\/\/www.facebook.com\/casacolliregas\/","https:\/\/x.com\/casacolliregas","https:\/\/instagram.com\/casacolliregas","https:\/\/ca.wikipedia.org\/wiki\/Casa_Coll_i_Reg\u00e0s"]}]}},"_links":{"self":[{"href":"https:\/\/casacolliregas.cat\/es\/wp-json\/wp\/v2\/pages\/1268","targetHints":{"allow":["GET"]}}],"collection":[{"href":"https:\/\/casacolliregas.cat\/es\/wp-json\/wp\/v2\/pages"}],"about":[{"href":"https:\/\/casacolliregas.cat\/es\/wp-json\/wp\/v2\/types\/page"}],"author":[{"embeddable":true,"href":"https:\/\/casacolliregas.cat\/es\/wp-json\/wp\/v2\/users\/2"}],"replies":[{"embeddable":true,"href":"https:\/\/casacolliregas.cat\/es\/wp-json\/wp\/v2\/comments?post=1268"}],"version-history":[{"count":0,"href":"https:\/\/casacolliregas.cat\/es\/wp-json\/wp\/v2\/pages\/1268\/revisions"}],"wp:attachment":[{"href":"https:\/\/casacolliregas.cat\/es\/wp-json\/wp\/v2\/media?parent=1268"}],"curies":[{"name":"wp","href":"https:\/\/api.w.org\/{rel}","templated":true}]}}