{"id":11433,"date":"2019-04-26T16:10:24","date_gmt":"2019-04-26T15:10:24","guid":{"rendered":"https:\/\/casacolliregas.cat\/grups\/"},"modified":"2026-01-05T07:54:26","modified_gmt":"2026-01-05T06:54:26","slug":"grups","status":"publish","type":"page","link":"https:\/\/casacolliregas.cat\/es\/grups\/","title":{"rendered":"Grupos"},"content":{"rendered":"[vc_row][vc_column][vc_row_inner][vc_column_inner width=&#8221;5\/12&#8243;][vc_single_image image=&#8221;76949&#8243; img_size=&#8221;300&#215;200&#8243; alignment=&#8221;center&#8221;][vc_empty_space][vc_single_image image=&#8221;76904&#8243; img_size=&#8221;300&#215;200&#8243; alignment=&#8221;center&#8221;][vc_empty_space][vc_single_image image=&#8221;76907&#8243; img_size=&#8221;300&#215;200&#8243; alignment=&#8221;center&#8221;][vc_empty_space][vc_single_image image=&#8221;76737&#8243; img_size=&#8221;300&#215;200&#8243; alignment=&#8221;center&#8221;][vc_empty_space][vc_single_image image=&#8221;76740&#8243; img_size=&#8221;300&#215;200&#8243; alignment=&#8221;center&#8221;][vc_empty_space][vc_single_image image=&#8221;76743&#8243; img_size=&#8221;300&#215;200&#8243; alignment=&#8221;center&#8221;][vc_empty_space][vc_single_image image=&#8221;76746&#8243; img_size=&#8221;300&#215;200&#8243; alignment=&#8221;center&#8221;][\/vc_column_inner][vc_column_inner width=&#8221;7\/12&#8243;][vc_column_text]Sois un grupo? Quer\u00e9is compartir momentos especiales combinando arte, historia, cultura y gastronom\u00eda en un entorno inmejorable?<br \/>\nSi visit\u00e1is la Casa Coll y Reg\u00e0s con amigos, compa\u00f1eros de trabajo o con familia, os ofrecemos actividades exclusivas, a puerta cerrada para disfrutar de momentos especiales ambientados musicalmente y acompa\u00f1ados de nuestros equipos de profesionales (gu\u00edas, informadores y sumilleres). Haremos de vuestra visita una experiencia \u00fanica!<\/p>\n<p>Os proponemos las siguientes actividades:[\/vc_column_text][vc_column_text]\n<h3><strong>VISITAS GUIADAS<\/strong><\/h3>\n<p>Las visitas guiadas para grupos se desarrollan a la planta noble de la Casa y cuentan con acceso exclusivo en el primer piso en la zona terraza-sur con maravillosas vistas en el patio de isla, el m\u00e1s grande de todo Matar\u00f3 (primer piso no adaptado para personas con movilidad reducida).<\/p>\n<p>Servicios incluidos:<\/p>\n<p>1. Gu\u00eda oficial de la casa<br \/>\n2. Guardarropa y tienda con merchandaje exclusivo<br \/>\n3. Pr\u00e9stamo de silla de ruedas<br \/>\n4. Exposici\u00f3n \u201cArtes y oficios\u201d + espacio audiovisual<br \/>\n5. Actividad interactiva \u201cUna casa para enmarcar\u201d<\/p>\n<p><strong>Duraci\u00f3n:<\/strong> 60 minutos visita guiada y 60 minutos visita libre planta baja.<br \/>\n<strong>Precio:<\/strong> 135 \u20ac por grupo (dentro del horario de apertura de la Casa). Para otros horarios, consultar<br \/>\n<strong>Aforo:<\/strong> 25 personas<br \/>\n<strong>Recorrido:<\/strong> visita a planta noble, terraza, galer\u00eda, jard\u00edn y 1.\u00ba piso terraza-sur con vistas en el patio de isla.<\/p>\n<p><em><strong>Los gu\u00edas oficiales tienen entrada gratuita, ense\u00f1ando carn\u00e9 correspondiente.<\/strong><\/em>[\/vc_column_text][vc_column_text]\n<h3><strong>VISITAS GUIADAS CON VERMUT MODERNISTA<\/strong><\/h3>\n<p>Las visitas guiadas con vermut modernista para grupos constan de dos partes. Primera parte visita guiada planta noble con acceso exclusivo en el primer piso en la zona terraza-sur con maravillosas vistas en el patio de isla, el m\u00e1s grande de todo Matar\u00f3 . Segunda parte en la zona de la terraza donde \u201cvayamos a hacer el vermut\u201d tal como hac\u00eda la burgues\u00eda acomodada, a la terraza-jard\u00edn de la Casa (primer piso no adaptado para personas con movilidad reducida).<\/p>\n<p>Servicios incluidos:<\/p>\n<p>1. Gu\u00eda oficial de la casa<br \/>\n2. Guardarropa y tienda con productos promocionales<br \/>\n3. Pr\u00e9stamo de silla de ruedas<br \/>\n4. Exposici\u00f3n \u201cArtes y oficios\u201d + espacio audiovisual<br \/>\n5. Actividad interactiva \u201cUna casa para enmarcar\u201d<br \/>\n6. Espacio de lectura a la galer\u00eda<br \/>\n7. Aperitivo (vermut, olivas, berberechos y patatas chips de primeras marcas y proximidad)<br \/>\n9. Servicio de mesas<\/p>\n<p><strong>Duraci\u00f3n:<\/strong> 60 minutos visita guiada y 60 minutos aperitivo a la terraza-jard\u00edn.<br \/>\n<strong>Precio:<\/strong> 135 \u20ac por grupo + vermut modernista 21\u20ac \/ persona (dentro de horario de apertura de la Casa). Vermut reducido: 19,50\u20ac<br \/>\n<strong>Aforo:<\/strong> 18 personas.<br \/>\n<strong>Recorrido:<\/strong> visita a planta noble, terraza, galer\u00eda y jard\u00edn y 1.\u00ba piso terraza-sur con vistas en el patio de isla.<\/p>\n<p><em><strong>Los gu\u00edas oficiales tienen entrada gratuita, ense\u00f1ando carn\u00e9 correspondiente.<\/strong><\/em>[\/vc_column_text][vc_column_text]\n<h3><strong>CATAS MODERNISTAS<\/strong><\/h3>\n<p>Las catas modernistas son la experiencia \u00fanica que incluye historia, arte, gastronom\u00eda y vinos. Combinamos una visita guiada expr\u00e9s por la planta noble de la Casa que culmina con un maridaje de vinos y una propuesta gastron\u00f3mica a la terraza de la Casa. Una propuesta que despierta todos los sentidos!<\/p>\n<p>Servicios incluidos:<\/p>\n<p>1. Maridaje de vinos + propuesta gastron\u00f3mica con nuestro sumiller<br \/>\n2. Gu\u00eda oficial de la casa<br \/>\n3. Servicio de acogida e informaci\u00f3n tur\u00edstica<br \/>\n4. Guardarropa y tienda<br \/>\n5. Pr\u00e9stamo de silla de ruedas<br \/>\n6. Servicio de mesas<\/p>\n<p><strong>Duraci\u00f3n:<\/strong> 30 minutos visita guiada expr\u00e9s y 60 minutos cata de vinos.<br \/>\n<strong>Precio:<\/strong> 40 \u20ac por persona m\u00ednimo grupo 10 persones<br \/>\n<strong>Aforo:<\/strong> 18 personas<br \/>\n<strong>Recorrido:<\/strong> visita a planta noble, terraza, galer\u00eda y jard\u00edn.[\/vc_column_text][vc_column_text]\n<h3><strong>ESCAPE ROOM<\/strong><\/h3>\n<p>Consultar aqu\u00ed (enlace a <a href=\"https:\/\/casacolliregas.cat\/es\/producte\/escape-room-pack\/\">https:\/\/casacolliregas.cat\/es\/producte\/escape-room-pack\/<\/a>)[\/vc_column_text][vc_column_text]\n<h3><strong>M\u00e1s informaci\u00f3n<\/strong><\/h3>\n<p><strong>Fechas<\/strong><br \/>\nConsult\u00e1is los horarios de apertura.<br \/>\nPara otras fechas, contactadnos por correo electr\u00f3nico o tel\u00e9fono.<\/p>\n<p><strong>Grupos<\/strong><br \/>\nM\u00e1ximos establecidos seg\u00fan actividad.<br \/>\nPara grupos m\u00e1s grandes, contactadnos por correo electr\u00f3nico o tel\u00e9fono.<br \/>\nActividad para grupos <em><strong>Apropa Cultura<\/strong><\/em>. <a href=\"https:\/\/www.apropacultura.org\/es\/equipamiento\/casa-coll-regas\" target=\"_blank\" rel=\"noopener\">Consultar aqu\u00ed.<\/a><\/p>\n<p><strong>Restaurantes<\/strong><br \/>\nPara tener m\u00e1s informaci\u00f3n, contactadnos por correo electr\u00f3nico o tel\u00e9fono.<\/p>\n<p><strong>Contacto y reservas<\/strong><br \/>\nCorreo electr\u00f3nico: <a href=\"mailto:visites@casacolliregas.cat\" target=\"_blank\" rel=\"noopener\">visites@casacolliregas.cat<\/a><br \/>\nTel\u00e9fono: 682 15 67 65[\/vc_column_text][\/vc_column_inner][\/vc_row_inner][\/vc_column][\/vc_row]\n","protected":false},"excerpt":{"rendered":"<p>[vc_row][vc_column][vc_row_inner][vc_column_inner width=&#8221;5\/12&#8243;][vc_single_image image=&#8221;76949&#8243; img_size=&#8221;300&#215;200&#8243; alignment=&#8221;center&#8221;][vc_empty_space][vc_single_image image=&#8221;76904&#8243; img_size=&#8221;300&#215;200&#8243; alignment=&#8221;center&#8221;][vc_empty_space][vc_single_image image=&#8221;76907&#8243; img_size=&#8221;300&#215;200&#8243; alignment=&#8221;center&#8221;][vc_empty_space][vc_single_image image=&#8221;76737&#8243; img_size=&#8221;300&#215;200&#8243; alignment=&#8221;center&#8221;][vc_empty_space][vc_single_image image=&#8221;76740&#8243; img_size=&#8221;300&#215;200&#8243; alignment=&#8221;center&#8221;][vc_empty_space][vc_single_image image=&#8221;76743&#8243; img_size=&#8221;300&#215;200&#8243; alignment=&#8221;center&#8221;][vc_empty_space][vc_single_image image=&#8221;76746&#8243; img_size=&#8221;300&#215;200&#8243; alignment=&#8221;center&#8221;][\/vc_column_inner][vc_column_inner width=&#8221;7\/12&#8243;][vc_column_text]Sois un grupo? Quer\u00e9is compartir momentos especiales combinando arte, historia, cultura y gastronom\u00eda en un entorno inmejorable?&hellip;<\/p>\n","protected":false},"author":30,"featured_media":3535,"parent":0,"menu_order":0,"comment_status":"closed","ping_status":"closed","template":"","meta":{"_acf_changed":false,"footnotes":""},"class_list":["post-11433","page","type-page","status-publish","has-post-thumbnail","hentry","entry","has-media"],"acf":[],"yoast_head":"<!-- This site is optimized with the Yoast SEO plugin v26.8 - https:\/\/yoast.com\/product\/yoast-seo-wordpress\/ -->\n<title>Grupos - Casa Coll i Reg\u00e0s<\/title>\n<meta name=\"description\" content=\"Encuentra la oferta que mejor se adapta a tu grupo para descubrir Matar\u00f3, su patrimonio hist\u00f3rico y art\u00edstico. Os ofrecemos acceso exclusivo en la Casa Coll i Reg\u00e0s y siempre con el servicio de nuestros gu\u00edas oficiales.\" \/>\n<meta name=\"robots\" content=\"index, follow, max-snippet:-1, max-image-preview:large, max-video-preview:-1\" \/>\n<link rel=\"canonical\" href=\"https:\/\/casacolliregas.cat\/es\/grups\/\" \/>\n<meta property=\"og:locale\" content=\"es_ES\" \/>\n<meta property=\"og:type\" content=\"article\" \/>\n<meta property=\"og:title\" content=\"Grupos - Casa Coll i Reg\u00e0s\" \/>\n<meta property=\"og:description\" content=\"Encuentra la oferta que mejor se adapta a tu grupo para descubrir Matar\u00f3, su patrimonio hist\u00f3rico y art\u00edstico. Os ofrecemos acceso exclusivo en la Casa Coll i Reg\u00e0s y siempre con el servicio de nuestros gu\u00edas oficiales.\" \/>\n<meta property=\"og:url\" content=\"https:\/\/casacolliregas.cat\/es\/grups\/\" \/>\n<meta property=\"og:site_name\" content=\"Casa Coll i Reg\u00e0s\" \/>\n<meta property=\"article:publisher\" content=\"https:\/\/www.facebook.com\/casacolliregas\/\" \/>\n<meta property=\"article:modified_time\" content=\"2026-01-05T06:54:26+00:00\" \/>\n<meta property=\"og:image\" content=\"https:\/\/casacolliregas.cat\/wp-content\/uploads\/2018\/01\/Espais1.jpg\" \/>\n\t<meta property=\"og:image:width\" content=\"1504\" \/>\n\t<meta property=\"og:image:height\" content=\"1004\" \/>\n\t<meta property=\"og:image:type\" content=\"image\/jpeg\" \/>\n<meta name=\"twitter:card\" content=\"summary_large_image\" \/>\n<meta name=\"twitter:site\" content=\"@casacolliregas\" \/>\n<meta name=\"twitter:label1\" content=\"Tiempo de lectura\" \/>\n\t<meta name=\"twitter:data1\" content=\"6 minutos\" \/>\n<!-- \/ Yoast SEO plugin. -->","yoast_head_json":{"title":"Grupos - Casa Coll i Reg\u00e0s","description":"Encuentra la oferta que mejor se adapta a tu grupo para descubrir Matar\u00f3, su patrimonio hist\u00f3rico y art\u00edstico. Os ofrecemos acceso exclusivo en la Casa Coll i Reg\u00e0s y siempre con el servicio de nuestros gu\u00edas oficiales.","robots":{"index":"index","follow":"follow","max-snippet":"max-snippet:-1","max-image-preview":"max-image-preview:large","max-video-preview":"max-video-preview:-1"},"canonical":"https:\/\/casacolliregas.cat\/es\/grups\/","og_locale":"es_ES","og_type":"article","og_title":"Grupos - Casa Coll i Reg\u00e0s","og_description":"Encuentra la oferta que mejor se adapta a tu grupo para descubrir Matar\u00f3, su patrimonio hist\u00f3rico y art\u00edstico. Os ofrecemos acceso exclusivo en la Casa Coll i Reg\u00e0s y siempre con el servicio de nuestros gu\u00edas oficiales.","og_url":"https:\/\/casacolliregas.cat\/es\/grups\/","og_site_name":"Casa Coll i Reg\u00e0s","article_publisher":"https:\/\/www.facebook.com\/casacolliregas\/","article_modified_time":"2026-01-05T06:54:26+00:00","og_image":[{"width":1504,"height":1004,"url":"https:\/\/casacolliregas.cat\/wp-content\/uploads\/2018\/01\/Espais1.jpg","type":"image\/jpeg"}],"twitter_card":"summary_large_image","twitter_site":"@casacolliregas","twitter_misc":{"Tiempo de lectura":"6 minutos"},"schema":{"@context":"https:\/\/schema.org","@graph":[{"@type":"WebPage","@id":"https:\/\/casacolliregas.cat\/es\/grups\/","url":"https:\/\/casacolliregas.cat\/es\/grups\/","name":"Grupos - Casa Coll i Reg\u00e0s","isPartOf":{"@id":"https:\/\/casacolliregas.cat\/#website"},"primaryImageOfPage":{"@id":"https:\/\/casacolliregas.cat\/es\/grups\/#primaryimage"},"image":{"@id":"https:\/\/casacolliregas.cat\/es\/grups\/#primaryimage"},"thumbnailUrl":"https:\/\/casacolliregas.cat\/wp-content\/uploads\/2018\/01\/Espais1.jpg","datePublished":"2019-04-26T15:10:24+00:00","dateModified":"2026-01-05T06:54:26+00:00","description":"Encuentra la oferta que mejor se adapta a tu grupo para descubrir Matar\u00f3, su patrimonio hist\u00f3rico y art\u00edstico. Os ofrecemos acceso exclusivo en la Casa Coll i Reg\u00e0s y siempre con el servicio de nuestros gu\u00edas oficiales.","breadcrumb":{"@id":"https:\/\/casacolliregas.cat\/es\/grups\/#breadcrumb"},"inLanguage":"es","potentialAction":[{"@type":"ReadAction","target":["https:\/\/casacolliregas.cat\/es\/grups\/"]}]},{"@type":"ImageObject","inLanguage":"es","@id":"https:\/\/casacolliregas.cat\/es\/grups\/#primaryimage","url":"https:\/\/casacolliregas.cat\/wp-content\/uploads\/2018\/01\/Espais1.jpg","contentUrl":"https:\/\/casacolliregas.cat\/wp-content\/uploads\/2018\/01\/Espais1.jpg","width":1504,"height":1004},{"@type":"BreadcrumbList","@id":"https:\/\/casacolliregas.cat\/es\/grups\/#breadcrumb","itemListElement":[{"@type":"ListItem","position":1,"name":"Inici","item":"https:\/\/casacolliregas.cat\/es\/"},{"@type":"ListItem","position":2,"name":"Grupos"}]},{"@type":"WebSite","@id":"https:\/\/casacolliregas.cat\/#website","url":"https:\/\/casacolliregas.cat\/","name":"Casa Coll i Reg\u00e0s","description":"","publisher":{"@id":"https:\/\/casacolliregas.cat\/#organization"},"potentialAction":[{"@type":"SearchAction","target":{"@type":"EntryPoint","urlTemplate":"https:\/\/casacolliregas.cat\/?s={search_term_string}"},"query-input":{"@type":"PropertyValueSpecification","valueRequired":true,"valueName":"search_term_string"}}],"inLanguage":"es"},{"@type":"Organization","@id":"https:\/\/casacolliregas.cat\/#organization","name":"Casa Coll i Reg\u00e0s","url":"https:\/\/casacolliregas.cat\/","logo":{"@type":"ImageObject","inLanguage":"es","@id":"https:\/\/casacolliregas.cat\/#\/schema\/logo\/image\/","url":"https:\/\/casacolliregas.cat\/wp-content\/uploads\/2017\/09\/logo-casa-coll-i-regas.jpg","contentUrl":"https:\/\/casacolliregas.cat\/wp-content\/uploads\/2017\/09\/logo-casa-coll-i-regas.jpg","width":190,"height":125,"caption":"Casa Coll i Reg\u00e0s"},"image":{"@id":"https:\/\/casacolliregas.cat\/#\/schema\/logo\/image\/"},"sameAs":["https:\/\/www.facebook.com\/casacolliregas\/","https:\/\/x.com\/casacolliregas","https:\/\/instagram.com\/casacolliregas","https:\/\/ca.wikipedia.org\/wiki\/Casa_Coll_i_Reg\u00e0s"]}]}},"_links":{"self":[{"href":"https:\/\/casacolliregas.cat\/es\/wp-json\/wp\/v2\/pages\/11433","targetHints":{"allow":["GET"]}}],"collection":[{"href":"https:\/\/casacolliregas.cat\/es\/wp-json\/wp\/v2\/pages"}],"about":[{"href":"https:\/\/casacolliregas.cat\/es\/wp-json\/wp\/v2\/types\/page"}],"author":[{"embeddable":true,"href":"https:\/\/casacolliregas.cat\/es\/wp-json\/wp\/v2\/users\/30"}],"replies":[{"embeddable":true,"href":"https:\/\/casacolliregas.cat\/es\/wp-json\/wp\/v2\/comments?post=11433"}],"version-history":[{"count":11,"href":"https:\/\/casacolliregas.cat\/es\/wp-json\/wp\/v2\/pages\/11433\/revisions"}],"predecessor-version":[{"id":77079,"href":"https:\/\/casacolliregas.cat\/es\/wp-json\/wp\/v2\/pages\/11433\/revisions\/77079"}],"wp:featuredmedia":[{"embeddable":true,"href":"https:\/\/casacolliregas.cat\/es\/wp-json\/wp\/v2\/media\/3535"}],"wp:attachment":[{"href":"https:\/\/casacolliregas.cat\/es\/wp-json\/wp\/v2\/media?parent=11433"}],"curies":[{"name":"wp","href":"https:\/\/api.w.org\/{rel}","templated":true}]}}