{"id":77222,"date":"2017-01-22T13:29:59","date_gmt":"2026-01-16T16:11:12","guid":{"rendered":"https:\/\/casacolliregas.cat\/producte\/guided-tours-saturdays-and-sundays\/"},"modified":"2026-04-02T11:26:15","modified_gmt":"2026-04-02T09:26:15","slug":"guided-tours-saturdays-and-sundays","status":"publish","type":"product","link":"https:\/\/casacolliregas.cat\/en\/producte\/guided-tours-saturdays-and-sundays\/","title":{"rendered":"Guided tours (Saturdays and Sundays)"},"content":{"rendered":"<ol>\n<li><em><strong>With this visit you will discover the importance of Casa Coll i Reg\u00e0s. The house was commissioned by the textile industrialist Joaquim Coll i Reg\u00e0s to the architect from Matar\u00f3, Josep Puig i Cadafalch. <\/strong><\/em><\/li>\n<\/ol>\n<p><!--more--><\/p>\n<p>During the industrial revolution (1832-1935) cities were transformed. The richest and most affluent families, the bourgeoisie, promoted a new style of architecture, modernism.<\/p>\n<p>The Casa Coll i Reg\u00e0s is a good example of modernism and how cities were transformed.<\/p>\n<p>It is a work of art that combines innovation with more traditional techniques and arts.<br \/>\nIt is also a good example of hygienist architecture, a movement that applied different solutions to make buildings healthier.<\/p>\n<p>The guided tour includes the main floor and the garden terrace, where we will end the visit with a coffee.<\/p>\n<p><strong>Visits in Catalan<\/strong> on Saturdays and Sundays<br \/>\n<strong>Visits in Spanish<\/strong> on the first Saturday of the month<br \/>\n<strong>Dates not available<\/strong>: Sunday, April 12 and Sunday, May 10 because the <a href=\"https:\/\/casacolliregas.cat\/producte\/la-casa-coll-i-regas-amb-vermut-modernista-diumenges-alterns\/\">Visit with Modernist Vermouth<\/a> experience is scheduled.<\/p>\n","protected":false},"excerpt":{"rendered":"<p>With this visit you will discover the importance of Casa Coll i Reg\u00e0s. The house was commissioned by the textile industrialist Joaquim Coll i Reg\u00e0s to the architect from Matar\u00f3, Josep Puig i Cadafalch.<\/p>\n","protected":false},"featured_media":60887,"template":"","meta":{"_acf_changed":false},"product_brand":[],"product_cat":[24],"product_tag":[56,57,58,59,60,48,47,61,45,62,46,254],"class_list":{"0":"post-77222","1":"product","2":"type-product","3":"status-publish","4":"has-post-thumbnail","6":"product_cat-visita-en","7":"product_tag-arquitectura-en","8":"product_tag-art-en","9":"product_tag-artnouveau-en","10":"product_tag-barcelona-en","11":"product_tag-catalunya-en","12":"product_tag-cultura-en","13":"product_tag-mataro-en","14":"product_tag-modernism-en","15":"product_tag-modernisme-en","16":"product_tag-modernismo-en","17":"product_tag-puig-i-cadafalch-en","18":"product_tag-visita-en","19":"entry","20":"has-media","22":"first","23":"instock","24":"virtual","25":"sold-individually","26":"purchasable","27":"product-type-booking"},"booking_location":"","booking_location_type":"","booking_duration":1,"booking_duration_unit":"hour","booking_buffer":0,"booking_cost":0,"booking_resources":[],"acf":[],"yoast_head":"<!-- This site is optimized with the Yoast SEO plugin v26.8 - https:\/\/yoast.com\/product\/yoast-seo-wordpress\/ -->\n<title>Guided tours (Saturdays and Sundays) - Casa Coll i Reg\u00e0s<\/title>\n<meta name=\"description\" content=\"Come and discover the jewel of Modernism in Matar\u00f3, a project by the Matar\u00f3 architect Josep Puig i Cadafalch commissioned by the textile industrialist Joaquim Coll i Reg\u00e0s.\" \/>\n<meta name=\"robots\" content=\"index, follow, max-snippet:-1, max-image-preview:large, max-video-preview:-1\" \/>\n<link rel=\"canonical\" href=\"https:\/\/casacolliregas.cat\/en\/producte\/guided-tours-saturdays-and-sundays\/\" \/>\n<meta property=\"og:locale\" content=\"en_US\" \/>\n<meta property=\"og:type\" content=\"article\" \/>\n<meta property=\"og:title\" content=\"Guided tours (Saturdays and Sundays) - Casa Coll i Reg\u00e0s\" \/>\n<meta property=\"og:description\" content=\"Come and discover the jewel of Modernism in Matar\u00f3, a project by the Matar\u00f3 architect Josep Puig i Cadafalch commissioned by the textile industrialist Joaquim Coll i Reg\u00e0s.\" \/>\n<meta property=\"og:url\" content=\"https:\/\/casacolliregas.cat\/en\/producte\/guided-tours-saturdays-and-sundays\/\" \/>\n<meta property=\"og:site_name\" content=\"Casa Coll i Reg\u00e0s\" \/>\n<meta property=\"article:publisher\" content=\"https:\/\/www.facebook.com\/casacolliregas\/\" \/>\n<meta property=\"article:modified_time\" content=\"2026-04-02T09:26:15+00:00\" \/>\n<meta property=\"og:image\" content=\"https:\/\/casacolliregas.cat\/wp-content\/uploads\/2017\/01\/MG_9508-scaled.jpg\" \/>\n\t<meta property=\"og:image:width\" content=\"2560\" \/>\n\t<meta property=\"og:image:height\" content=\"1707\" \/>\n\t<meta property=\"og:image:type\" content=\"image\/jpeg\" \/>\n<meta name=\"twitter:card\" content=\"summary_large_image\" \/>\n<meta name=\"twitter:site\" content=\"@casacolliregas\" \/>\n<meta name=\"twitter:label1\" content=\"Est. reading time\" \/>\n\t<meta name=\"twitter:data1\" content=\"1 minute\" \/>\n<!-- \/ Yoast SEO plugin. -->","yoast_head_json":{"title":"Guided tours (Saturdays and Sundays) - Casa Coll i Reg\u00e0s","description":"Come and discover the jewel of Modernism in Matar\u00f3, a project by the Matar\u00f3 architect Josep Puig i Cadafalch commissioned by the textile industrialist Joaquim Coll i Reg\u00e0s.","robots":{"index":"index","follow":"follow","max-snippet":"max-snippet:-1","max-image-preview":"max-image-preview:large","max-video-preview":"max-video-preview:-1"},"canonical":"https:\/\/casacolliregas.cat\/en\/producte\/guided-tours-saturdays-and-sundays\/","og_locale":"en_US","og_type":"article","og_title":"Guided tours (Saturdays and Sundays) - Casa Coll i Reg\u00e0s","og_description":"Come and discover the jewel of Modernism in Matar\u00f3, a project by the Matar\u00f3 architect Josep Puig i Cadafalch commissioned by the textile industrialist Joaquim Coll i Reg\u00e0s.","og_url":"https:\/\/casacolliregas.cat\/en\/producte\/guided-tours-saturdays-and-sundays\/","og_site_name":"Casa Coll i Reg\u00e0s","article_publisher":"https:\/\/www.facebook.com\/casacolliregas\/","article_modified_time":"2026-04-02T09:26:15+00:00","og_image":[{"width":2560,"height":1707,"url":"https:\/\/casacolliregas.cat\/wp-content\/uploads\/2017\/01\/MG_9508-scaled.jpg","type":"image\/jpeg"}],"twitter_card":"summary_large_image","twitter_site":"@casacolliregas","twitter_misc":{"Est. reading time":"1 minute"},"schema":{"@context":"https:\/\/schema.org","@graph":[{"@type":"WebPage","@id":"https:\/\/casacolliregas.cat\/en\/producte\/guided-tours-saturdays-and-sundays\/","url":"https:\/\/casacolliregas.cat\/en\/producte\/guided-tours-saturdays-and-sundays\/","name":"Guided tours (Saturdays and Sundays) - Casa Coll i Reg\u00e0s","isPartOf":{"@id":"https:\/\/casacolliregas.cat\/#website"},"primaryImageOfPage":{"@id":"https:\/\/casacolliregas.cat\/en\/producte\/guided-tours-saturdays-and-sundays\/#primaryimage"},"image":{"@id":"https:\/\/casacolliregas.cat\/en\/producte\/guided-tours-saturdays-and-sundays\/#primaryimage"},"thumbnailUrl":"https:\/\/casacolliregas.cat\/wp-content\/uploads\/2017\/01\/MG_9508-scaled.jpg","datePublished":"2026-01-16T16:11:12+00:00","dateModified":"2026-04-02T09:26:15+00:00","description":"Come and discover the jewel of Modernism in Matar\u00f3, a project by the Matar\u00f3 architect Josep Puig i Cadafalch commissioned by the textile industrialist Joaquim Coll i Reg\u00e0s.","breadcrumb":{"@id":"https:\/\/casacolliregas.cat\/en\/producte\/guided-tours-saturdays-and-sundays\/#breadcrumb"},"inLanguage":"en-US","potentialAction":[{"@type":"ReadAction","target":["https:\/\/casacolliregas.cat\/en\/producte\/guided-tours-saturdays-and-sundays\/"]}]},{"@type":"ImageObject","inLanguage":"en-US","@id":"https:\/\/casacolliregas.cat\/en\/producte\/guided-tours-saturdays-and-sundays\/#primaryimage","url":"https:\/\/casacolliregas.cat\/wp-content\/uploads\/2017\/01\/MG_9508-scaled.jpg","contentUrl":"https:\/\/casacolliregas.cat\/wp-content\/uploads\/2017\/01\/MG_9508-scaled.jpg","width":2560,"height":1707},{"@type":"BreadcrumbList","@id":"https:\/\/casacolliregas.cat\/en\/producte\/guided-tours-saturdays-and-sundays\/#breadcrumb","itemListElement":[{"@type":"ListItem","position":1,"name":"Inici","item":"https:\/\/casacolliregas.cat\/en\/"},{"@type":"ListItem","position":2,"name":"GUIDED TOURS AND ACTIVITIES","item":"https:\/\/casacolliregas.cat\/en\/tickets\/"},{"@type":"ListItem","position":3,"name":"Guided tours (Saturdays and Sundays)"}]},{"@type":"WebSite","@id":"https:\/\/casacolliregas.cat\/#website","url":"https:\/\/casacolliregas.cat\/","name":"Casa Coll i Reg\u00e0s","description":"","publisher":{"@id":"https:\/\/casacolliregas.cat\/#organization"},"potentialAction":[{"@type":"SearchAction","target":{"@type":"EntryPoint","urlTemplate":"https:\/\/casacolliregas.cat\/?s={search_term_string}"},"query-input":{"@type":"PropertyValueSpecification","valueRequired":true,"valueName":"search_term_string"}}],"inLanguage":"en-US"},{"@type":"Organization","@id":"https:\/\/casacolliregas.cat\/#organization","name":"Casa Coll i Reg\u00e0s","url":"https:\/\/casacolliregas.cat\/","logo":{"@type":"ImageObject","inLanguage":"en-US","@id":"https:\/\/casacolliregas.cat\/#\/schema\/logo\/image\/","url":"https:\/\/casacolliregas.cat\/wp-content\/uploads\/2017\/09\/logo-casa-coll-i-regas.jpg","contentUrl":"https:\/\/casacolliregas.cat\/wp-content\/uploads\/2017\/09\/logo-casa-coll-i-regas.jpg","width":190,"height":125,"caption":"Casa Coll i Reg\u00e0s"},"image":{"@id":"https:\/\/casacolliregas.cat\/#\/schema\/logo\/image\/"},"sameAs":["https:\/\/www.facebook.com\/casacolliregas\/","https:\/\/x.com\/casacolliregas","https:\/\/instagram.com\/casacolliregas","https:\/\/ca.wikipedia.org\/wiki\/Casa_Coll_i_Reg\u00e0s"]}]}},"_links":{"self":[{"href":"https:\/\/casacolliregas.cat\/en\/wp-json\/wp\/v2\/product\/77222","targetHints":{"allow":["GET"]}}],"collection":[{"href":"https:\/\/casacolliregas.cat\/en\/wp-json\/wp\/v2\/product"}],"about":[{"href":"https:\/\/casacolliregas.cat\/en\/wp-json\/wp\/v2\/types\/product"}],"wp:featuredmedia":[{"embeddable":true,"href":"https:\/\/casacolliregas.cat\/en\/wp-json\/wp\/v2\/media\/60887"}],"wp:attachment":[{"href":"https:\/\/casacolliregas.cat\/en\/wp-json\/wp\/v2\/media?parent=77222"}],"wp:term":[{"taxonomy":"product_brand","embeddable":true,"href":"https:\/\/casacolliregas.cat\/en\/wp-json\/wp\/v2\/product_brand?post=77222"},{"taxonomy":"product_cat","embeddable":true,"href":"https:\/\/casacolliregas.cat\/en\/wp-json\/wp\/v2\/product_cat?post=77222"},{"taxonomy":"product_tag","embeddable":true,"href":"https:\/\/casacolliregas.cat\/en\/wp-json\/wp\/v2\/product_tag?post=77222"}],"curies":[{"name":"wp","href":"https:\/\/api.w.org\/{rel}","templated":true}]}}