{"id":69294,"date":"2024-07-03T13:11:04","date_gmt":"2024-07-03T11:11:05","guid":{"rendered":"https:\/\/casacolliregas.cat\/?post_type=product&#038;p=69294"},"modified":"2026-01-16T16:42:07","modified_gmt":"2026-01-16T15:42:07","slug":"la-casa-coll-i-regas-amb-vermut-modernista","status":"publish","type":"product","link":"https:\/\/casacolliregas.cat\/en\/producte\/la-casa-coll-i-regas-amb-vermut-modernista\/","title":{"rendered":"The Casa Coll i Reg\u00e0s with modernist vermouth"},"content":{"rendered":"<h2>The Casa Coll i Reg\u00e0s with modernist vermouth<\/h2>\n<p><strong><em>Discover the modernist house Casa Coll i Reg\u00e0s designed by Josep Puig i Cadafalch and end the visit with a modernist vermouth on the terrace.<\/em><\/strong><\/p>\n<p>The project for Casa Coll i Reg\u00e0s began in 1897. That same year, a new drink, vermouth, was created in Italy.<\/p>\n<p>In Catalonia at the beginning of the 20th century (20), \u201cmaking vermouth\u201d was an excuse to meet with friends and family to enjoy a light meal at noon, before lunch.<\/p>\n<p>Especially on Sundays after going to mass.<\/p>\n<p>For this reason, this activity proposes that you take the guided tour and then go \u201cmaking vermouth\u201d, as the wealthy bourgeoisie did, on the terrace-garden of Casa Coll i Reg\u00e0s.<\/p>\n<p>During the activity, you will visit the main floor and the exterior area of \u200b\u200bthe house. The activity may be cancelled if the minimum number of participants is not reached.<\/p>\n","protected":false},"excerpt":{"rendered":"<p>The Casa Coll i Reg\u00e0s with modernist vermouth Discover the modernist house Casa Coll i Reg\u00e0s designed by Josep Puig i Cadafalch and end the visit with a modernist vermouth on the terrace. The project for Casa Coll i Reg\u00e0s&hellip;<\/p>\n","protected":false},"featured_media":17917,"template":"","meta":{"_acf_changed":false},"product_brand":[],"product_cat":[24],"product_tag":[56,57,58,59,60,48,47,61,45,62,46,249],"class_list":{"0":"post-69294","1":"product","2":"type-product","3":"status-publish","4":"has-post-thumbnail","6":"product_cat-visita-en","7":"product_tag-arquitectura-en","8":"product_tag-art-en","9":"product_tag-artnouveau-en","10":"product_tag-barcelona-en","11":"product_tag-catalunya-en","12":"product_tag-cultura-en","13":"product_tag-mataro-en","14":"product_tag-modernism-en","15":"product_tag-modernisme-en","16":"product_tag-modernismo-en","17":"product_tag-puig-i-cadafalch-en","18":"product_tag-vermut-2-en","19":"entry","20":"has-media","22":"first","23":"instock","24":"virtual","25":"sold-individually","26":"purchasable","27":"product-type-booking"},"booking_location":"","booking_location_type":"","booking_duration":2,"booking_duration_unit":"hour","booking_buffer":0,"booking_cost":0,"booking_resources":[],"acf":[],"yoast_head":"<!-- This site is optimized with the Yoast SEO plugin v26.8 - https:\/\/yoast.com\/product\/yoast-seo-wordpress\/ -->\n<title>The Casa Coll i Reg\u00e0s with modernist vermouth - Casa Coll i Reg\u00e0s<\/title>\n<meta name=\"description\" content=\"Come and discover the jewel of Matar\u00f3&#039;s modernism, a project by the Matar\u00f3 architect Josep Puig i Cadafalch, and end the visit with a modernist vermouth on the terrace.\" \/>\n<meta name=\"robots\" content=\"index, follow, max-snippet:-1, max-image-preview:large, max-video-preview:-1\" \/>\n<link rel=\"canonical\" href=\"https:\/\/casacolliregas.cat\/en\/producte\/la-casa-coll-i-regas-amb-vermut-modernista\/\" \/>\n<meta property=\"og:locale\" content=\"en_US\" \/>\n<meta property=\"og:type\" content=\"article\" \/>\n<meta property=\"og:title\" content=\"The Casa Coll i Reg\u00e0s with modernist vermouth - Casa Coll i Reg\u00e0s\" \/>\n<meta property=\"og:description\" content=\"Come and discover the jewel of Matar\u00f3&#039;s modernism, a project by the Matar\u00f3 architect Josep Puig i Cadafalch, and end the visit with a modernist vermouth on the terrace.\" \/>\n<meta property=\"og:url\" content=\"https:\/\/casacolliregas.cat\/en\/producte\/la-casa-coll-i-regas-amb-vermut-modernista\/\" \/>\n<meta property=\"og:site_name\" content=\"Casa Coll i Reg\u00e0s\" \/>\n<meta property=\"article:publisher\" content=\"https:\/\/www.facebook.com\/casacolliregas\/\" \/>\n<meta property=\"article:modified_time\" content=\"2026-01-16T15:42:07+00:00\" \/>\n<meta property=\"og:image\" content=\"https:\/\/casacolliregas.cat\/wp-content\/uploads\/2020\/07\/vermut-1.jpg\" \/>\n\t<meta property=\"og:image:width\" content=\"1024\" \/>\n\t<meta property=\"og:image:height\" content=\"682\" \/>\n\t<meta property=\"og:image:type\" content=\"image\/jpeg\" \/>\n<meta name=\"twitter:card\" content=\"summary_large_image\" \/>\n<meta name=\"twitter:site\" content=\"@casacolliregas\" \/>\n<meta name=\"twitter:label1\" content=\"Est. reading time\" \/>\n\t<meta name=\"twitter:data1\" content=\"1 minute\" \/>\n<!-- \/ Yoast SEO plugin. -->","yoast_head_json":{"title":"The Casa Coll i Reg\u00e0s with modernist vermouth - Casa Coll i Reg\u00e0s","description":"Come and discover the jewel of Matar\u00f3's modernism, a project by the Matar\u00f3 architect Josep Puig i Cadafalch, and end the visit with a modernist vermouth on the terrace.","robots":{"index":"index","follow":"follow","max-snippet":"max-snippet:-1","max-image-preview":"max-image-preview:large","max-video-preview":"max-video-preview:-1"},"canonical":"https:\/\/casacolliregas.cat\/en\/producte\/la-casa-coll-i-regas-amb-vermut-modernista\/","og_locale":"en_US","og_type":"article","og_title":"The Casa Coll i Reg\u00e0s with modernist vermouth - Casa Coll i Reg\u00e0s","og_description":"Come and discover the jewel of Matar\u00f3's modernism, a project by the Matar\u00f3 architect Josep Puig i Cadafalch, and end the visit with a modernist vermouth on the terrace.","og_url":"https:\/\/casacolliregas.cat\/en\/producte\/la-casa-coll-i-regas-amb-vermut-modernista\/","og_site_name":"Casa Coll i Reg\u00e0s","article_publisher":"https:\/\/www.facebook.com\/casacolliregas\/","article_modified_time":"2026-01-16T15:42:07+00:00","og_image":[{"width":1024,"height":682,"url":"https:\/\/casacolliregas.cat\/wp-content\/uploads\/2020\/07\/vermut-1.jpg","type":"image\/jpeg"}],"twitter_card":"summary_large_image","twitter_site":"@casacolliregas","twitter_misc":{"Est. reading time":"1 minute"},"schema":{"@context":"https:\/\/schema.org","@graph":[{"@type":"WebPage","@id":"https:\/\/casacolliregas.cat\/en\/producte\/la-casa-coll-i-regas-amb-vermut-modernista\/","url":"https:\/\/casacolliregas.cat\/en\/producte\/la-casa-coll-i-regas-amb-vermut-modernista\/","name":"The Casa Coll i Reg\u00e0s with modernist vermouth - Casa Coll i Reg\u00e0s","isPartOf":{"@id":"https:\/\/casacolliregas.cat\/#website"},"primaryImageOfPage":{"@id":"https:\/\/casacolliregas.cat\/en\/producte\/la-casa-coll-i-regas-amb-vermut-modernista\/#primaryimage"},"image":{"@id":"https:\/\/casacolliregas.cat\/en\/producte\/la-casa-coll-i-regas-amb-vermut-modernista\/#primaryimage"},"thumbnailUrl":"https:\/\/casacolliregas.cat\/wp-content\/uploads\/2020\/07\/vermut-1.jpg","datePublished":"2024-07-03T11:11:05+00:00","dateModified":"2026-01-16T15:42:07+00:00","description":"Come and discover the jewel of Matar\u00f3's modernism, a project by the Matar\u00f3 architect Josep Puig i Cadafalch, and end the visit with a modernist vermouth on the terrace.","breadcrumb":{"@id":"https:\/\/casacolliregas.cat\/en\/producte\/la-casa-coll-i-regas-amb-vermut-modernista\/#breadcrumb"},"inLanguage":"en-US","potentialAction":[{"@type":"ReadAction","target":["https:\/\/casacolliregas.cat\/en\/producte\/la-casa-coll-i-regas-amb-vermut-modernista\/"]}]},{"@type":"ImageObject","inLanguage":"en-US","@id":"https:\/\/casacolliregas.cat\/en\/producte\/la-casa-coll-i-regas-amb-vermut-modernista\/#primaryimage","url":"https:\/\/casacolliregas.cat\/wp-content\/uploads\/2020\/07\/vermut-1.jpg","contentUrl":"https:\/\/casacolliregas.cat\/wp-content\/uploads\/2020\/07\/vermut-1.jpg","width":1024,"height":682,"caption":"La Casa Coll i Reg\u00e0s amb vermut modernista"},{"@type":"BreadcrumbList","@id":"https:\/\/casacolliregas.cat\/en\/producte\/la-casa-coll-i-regas-amb-vermut-modernista\/#breadcrumb","itemListElement":[{"@type":"ListItem","position":1,"name":"Inici","item":"https:\/\/casacolliregas.cat\/en\/"},{"@type":"ListItem","position":2,"name":"GUIDED TOURS AND ACTIVITIES","item":"https:\/\/casacolliregas.cat\/en\/tickets\/"},{"@type":"ListItem","position":3,"name":"The Casa Coll i Reg\u00e0s with modernist vermouth"}]},{"@type":"WebSite","@id":"https:\/\/casacolliregas.cat\/#website","url":"https:\/\/casacolliregas.cat\/","name":"Casa Coll i Reg\u00e0s","description":"","publisher":{"@id":"https:\/\/casacolliregas.cat\/#organization"},"potentialAction":[{"@type":"SearchAction","target":{"@type":"EntryPoint","urlTemplate":"https:\/\/casacolliregas.cat\/?s={search_term_string}"},"query-input":{"@type":"PropertyValueSpecification","valueRequired":true,"valueName":"search_term_string"}}],"inLanguage":"en-US"},{"@type":"Organization","@id":"https:\/\/casacolliregas.cat\/#organization","name":"Casa Coll i Reg\u00e0s","url":"https:\/\/casacolliregas.cat\/","logo":{"@type":"ImageObject","inLanguage":"en-US","@id":"https:\/\/casacolliregas.cat\/#\/schema\/logo\/image\/","url":"https:\/\/casacolliregas.cat\/wp-content\/uploads\/2017\/09\/logo-casa-coll-i-regas.jpg","contentUrl":"https:\/\/casacolliregas.cat\/wp-content\/uploads\/2017\/09\/logo-casa-coll-i-regas.jpg","width":190,"height":125,"caption":"Casa Coll i Reg\u00e0s"},"image":{"@id":"https:\/\/casacolliregas.cat\/#\/schema\/logo\/image\/"},"sameAs":["https:\/\/www.facebook.com\/casacolliregas\/","https:\/\/x.com\/casacolliregas","https:\/\/instagram.com\/casacolliregas","https:\/\/ca.wikipedia.org\/wiki\/Casa_Coll_i_Reg\u00e0s"]}]}},"_links":{"self":[{"href":"https:\/\/casacolliregas.cat\/en\/wp-json\/wp\/v2\/product\/69294","targetHints":{"allow":["GET"]}}],"collection":[{"href":"https:\/\/casacolliregas.cat\/en\/wp-json\/wp\/v2\/product"}],"about":[{"href":"https:\/\/casacolliregas.cat\/en\/wp-json\/wp\/v2\/types\/product"}],"wp:featuredmedia":[{"embeddable":true,"href":"https:\/\/casacolliregas.cat\/en\/wp-json\/wp\/v2\/media\/17917"}],"wp:attachment":[{"href":"https:\/\/casacolliregas.cat\/en\/wp-json\/wp\/v2\/media?parent=69294"}],"wp:term":[{"taxonomy":"product_brand","embeddable":true,"href":"https:\/\/casacolliregas.cat\/en\/wp-json\/wp\/v2\/product_brand?post=69294"},{"taxonomy":"product_cat","embeddable":true,"href":"https:\/\/casacolliregas.cat\/en\/wp-json\/wp\/v2\/product_cat?post=69294"},{"taxonomy":"product_tag","embeddable":true,"href":"https:\/\/casacolliregas.cat\/en\/wp-json\/wp\/v2\/product_tag?post=69294"}],"curies":[{"name":"wp","href":"https:\/\/api.w.org\/{rel}","templated":true}]}}