{"id":4367,"date":"2018-01-23T16:29:15","date_gmt":"2018-04-23T15:29:16","guid":{"rendered":"https:\/\/casacolliregas.cat\/?post_type=product&#038;p=4367"},"modified":"2026-04-10T07:50:25","modified_gmt":"2026-04-10T05:50:25","slug":"escape-room","status":"publish","type":"product","link":"https:\/\/casacolliregas.cat\/en\/producte\/escape-room\/","title":{"rendered":"Escape Room | The Mystery of the Casa Coll i Reg\u00e0s"},"content":{"rendered":"<h1><strong>Escape Room | The Mystery of the Casa Coll i Reg\u00e0s<\/strong><\/h1>\n<p><strong>Price per group (maximum 8 players): 140 \u20ac<\/strong><\/p>\n<p>Duration: 90 minuts<\/p>\n<p><strong>Make an original gift &#8230;.<\/strong> <a href=\"https:\/\/casacolliregas.cat\/en\/visites\/escape-room-pack\/\">GIVE THE ESCAPE ROOM<\/a>!<\/p>\n<p><strong>Available languages: Catalan and Spanish<\/strong><br \/>\n<em> NOTE: for the Spanish version, it is necessary to request it previously. <\/em><\/p>\n<p>What should be the enigmatic secret that houses Coll i Reg\u00e0s? The legend says that among its walls, one of the most well-guarded treasures of humanity is found. Who hid this treasure? Where is it ?, and &#8230; Why? Will you be able to solve the mystery in the least possible time?<\/p>\n<p><strong>Stay tuned &#8230; You&#8217;re not alone!<\/strong><\/p>\n<p>&#8220;The Mystery of the Casa Coll i Reg\u00e0s&#8221; is an activity where you will experience the fun of an Escape Room and the thrill of a Treasure Hunt. All this, with the peculiarity of being developed in a cultural and singular space such as the modernist Coll i Reg\u00e0s de Matar\u00f3 house, the work of the architect Josep Puig i Cadafalch.<\/p>\n<p>During the activity, the participants will go through several rooms of the house, while discovering riddles, and overcome challenges and tests with the sole objective: To decipher this mystery that is expected to be unveiled more than one hundred and twenty years ago, and that you can only do it by working as a team , tuning the senses and overcoming all the challenges that are presented to you.<\/p>\n<p>Information at <a href=\"mailto:escaperoom@casacolliregas.cat\">escaperoom@casacolliregas.cat<\/a> or at 682156765<\/p>\n","protected":false},"excerpt":{"rendered":"<p>Escape Room | The Mystery of the Casa Coll i Reg\u00e0s Price per group (maximum 8 players): 140 \u20ac Duration: 90 minuts Make an original gift &#8230;. GIVE THE ESCAPE ROOM! Available languages: Catalan and Spanish NOTE: for the Spanish&hellip;<\/p>\n","protected":false},"featured_media":14783,"template":"","meta":{"_acf_changed":false},"product_brand":[],"product_cat":[24],"product_tag":[44,45,46,136],"class_list":{"0":"post-4367","1":"product","2":"type-product","3":"status-publish","4":"has-post-thumbnail","6":"product_cat-visita-en","7":"product_tag-escape-room-en","8":"product_tag-modernisme-en","9":"product_tag-puig-i-cadafalch-en","10":"product_tag-scape-room-en","11":"entry","12":"has-media","14":"first","15":"instock","16":"virtual","17":"sold-individually","18":"purchasable","19":"product-type-booking"},"booking_location":"","booking_location_type":"","booking_duration":1,"booking_duration_unit":"hour","booking_buffer":0,"booking_cost":140,"booking_resources":[],"acf":[],"yoast_head":"<!-- This site is optimized with the Yoast SEO plugin v26.8 - https:\/\/yoast.com\/product\/yoast-seo-wordpress\/ -->\n<title>Escape Room | The Mystery of the Casa Coll i Reg\u00e0s - Casa Coll i Reg\u00e0s<\/title>\n<meta name=\"robots\" content=\"index, follow, max-snippet:-1, max-image-preview:large, max-video-preview:-1\" \/>\n<link rel=\"canonical\" href=\"https:\/\/casacolliregas.cat\/en\/producte\/escape-room\/\" \/>\n<meta property=\"og:locale\" content=\"en_US\" \/>\n<meta property=\"og:type\" content=\"article\" \/>\n<meta property=\"og:title\" content=\"Escape Room | The Mystery of the Casa Coll i Reg\u00e0s - Casa Coll i Reg\u00e0s\" \/>\n<meta property=\"og:description\" content=\"Escape Room | The Mystery of the Casa Coll i Reg\u00e0s Price per group (maximum 8 players): 140 \u20ac Duration: 90 minuts Make an original gift &#8230;. GIVE THE ESCAPE ROOM! Available languages: Catalan and Spanish NOTE: for the Spanish&hellip;\" \/>\n<meta property=\"og:url\" content=\"https:\/\/casacolliregas.cat\/en\/producte\/escape-room\/\" \/>\n<meta property=\"og:site_name\" content=\"Casa Coll i Reg\u00e0s\" \/>\n<meta property=\"article:publisher\" content=\"https:\/\/www.facebook.com\/casacolliregas\/\" \/>\n<meta property=\"article:modified_time\" content=\"2026-04-10T05:50:25+00:00\" \/>\n<meta property=\"og:image\" content=\"https:\/\/casacolliregas.cat\/wp-content\/uploads\/2018\/01\/escape-room-1.jpg\" \/>\n\t<meta property=\"og:image:width\" content=\"1024\" \/>\n\t<meta property=\"og:image:height\" content=\"682\" \/>\n\t<meta property=\"og:image:type\" content=\"image\/jpeg\" \/>\n<meta name=\"twitter:card\" content=\"summary_large_image\" \/>\n<meta name=\"twitter:site\" content=\"@casacolliregas\" \/>\n<meta name=\"twitter:label1\" content=\"Est. reading time\" \/>\n\t<meta name=\"twitter:data1\" content=\"2 minutes\" \/>\n<!-- \/ Yoast SEO plugin. -->","yoast_head_json":{"title":"Escape Room | The Mystery of the Casa Coll i Reg\u00e0s - Casa Coll i Reg\u00e0s","robots":{"index":"index","follow":"follow","max-snippet":"max-snippet:-1","max-image-preview":"max-image-preview:large","max-video-preview":"max-video-preview:-1"},"canonical":"https:\/\/casacolliregas.cat\/en\/producte\/escape-room\/","og_locale":"en_US","og_type":"article","og_title":"Escape Room | The Mystery of the Casa Coll i Reg\u00e0s - Casa Coll i Reg\u00e0s","og_description":"Escape Room | The Mystery of the Casa Coll i Reg\u00e0s Price per group (maximum 8 players): 140 \u20ac Duration: 90 minuts Make an original gift &#8230;. GIVE THE ESCAPE ROOM! Available languages: Catalan and Spanish NOTE: for the Spanish&hellip;","og_url":"https:\/\/casacolliregas.cat\/en\/producte\/escape-room\/","og_site_name":"Casa Coll i Reg\u00e0s","article_publisher":"https:\/\/www.facebook.com\/casacolliregas\/","article_modified_time":"2026-04-10T05:50:25+00:00","og_image":[{"width":1024,"height":682,"url":"https:\/\/casacolliregas.cat\/wp-content\/uploads\/2018\/01\/escape-room-1.jpg","type":"image\/jpeg"}],"twitter_card":"summary_large_image","twitter_site":"@casacolliregas","twitter_misc":{"Est. reading time":"2 minutes"},"schema":{"@context":"https:\/\/schema.org","@graph":[{"@type":"WebPage","@id":"https:\/\/casacolliregas.cat\/en\/producte\/escape-room\/","url":"https:\/\/casacolliregas.cat\/en\/producte\/escape-room\/","name":"Escape Room | The Mystery of the Casa Coll i Reg\u00e0s - Casa Coll i Reg\u00e0s","isPartOf":{"@id":"https:\/\/casacolliregas.cat\/#website"},"primaryImageOfPage":{"@id":"https:\/\/casacolliregas.cat\/en\/producte\/escape-room\/#primaryimage"},"image":{"@id":"https:\/\/casacolliregas.cat\/en\/producte\/escape-room\/#primaryimage"},"thumbnailUrl":"https:\/\/casacolliregas.cat\/wp-content\/uploads\/2018\/01\/escape-room-1.jpg","datePublished":"2018-04-23T15:29:16+00:00","dateModified":"2026-04-10T05:50:25+00:00","breadcrumb":{"@id":"https:\/\/casacolliregas.cat\/en\/producte\/escape-room\/#breadcrumb"},"inLanguage":"en-US","potentialAction":[{"@type":"ReadAction","target":["https:\/\/casacolliregas.cat\/en\/producte\/escape-room\/"]}]},{"@type":"ImageObject","inLanguage":"en-US","@id":"https:\/\/casacolliregas.cat\/en\/producte\/escape-room\/#primaryimage","url":"https:\/\/casacolliregas.cat\/wp-content\/uploads\/2018\/01\/escape-room-1.jpg","contentUrl":"https:\/\/casacolliregas.cat\/wp-content\/uploads\/2018\/01\/escape-room-1.jpg","width":1024,"height":682,"caption":"El Misteri de la Casa Coll i Reg\u00e0s"},{"@type":"BreadcrumbList","@id":"https:\/\/casacolliregas.cat\/en\/producte\/escape-room\/#breadcrumb","itemListElement":[{"@type":"ListItem","position":1,"name":"Inici","item":"https:\/\/casacolliregas.cat\/en\/"},{"@type":"ListItem","position":2,"name":"GUIDED TOURS AND ACTIVITIES","item":"https:\/\/casacolliregas.cat\/en\/tickets\/"},{"@type":"ListItem","position":3,"name":"Escape Room | The Mystery of the Casa Coll i Reg\u00e0s"}]},{"@type":"WebSite","@id":"https:\/\/casacolliregas.cat\/#website","url":"https:\/\/casacolliregas.cat\/","name":"Casa Coll i Reg\u00e0s","description":"","publisher":{"@id":"https:\/\/casacolliregas.cat\/#organization"},"potentialAction":[{"@type":"SearchAction","target":{"@type":"EntryPoint","urlTemplate":"https:\/\/casacolliregas.cat\/?s={search_term_string}"},"query-input":{"@type":"PropertyValueSpecification","valueRequired":true,"valueName":"search_term_string"}}],"inLanguage":"en-US"},{"@type":"Organization","@id":"https:\/\/casacolliregas.cat\/#organization","name":"Casa Coll i Reg\u00e0s","url":"https:\/\/casacolliregas.cat\/","logo":{"@type":"ImageObject","inLanguage":"en-US","@id":"https:\/\/casacolliregas.cat\/#\/schema\/logo\/image\/","url":"https:\/\/casacolliregas.cat\/wp-content\/uploads\/2017\/09\/logo-casa-coll-i-regas.jpg","contentUrl":"https:\/\/casacolliregas.cat\/wp-content\/uploads\/2017\/09\/logo-casa-coll-i-regas.jpg","width":190,"height":125,"caption":"Casa Coll i Reg\u00e0s"},"image":{"@id":"https:\/\/casacolliregas.cat\/#\/schema\/logo\/image\/"},"sameAs":["https:\/\/www.facebook.com\/casacolliregas\/","https:\/\/x.com\/casacolliregas","https:\/\/instagram.com\/casacolliregas","https:\/\/ca.wikipedia.org\/wiki\/Casa_Coll_i_Reg\u00e0s"]}]}},"_links":{"self":[{"href":"https:\/\/casacolliregas.cat\/en\/wp-json\/wp\/v2\/product\/4367","targetHints":{"allow":["GET"]}}],"collection":[{"href":"https:\/\/casacolliregas.cat\/en\/wp-json\/wp\/v2\/product"}],"about":[{"href":"https:\/\/casacolliregas.cat\/en\/wp-json\/wp\/v2\/types\/product"}],"wp:featuredmedia":[{"embeddable":true,"href":"https:\/\/casacolliregas.cat\/en\/wp-json\/wp\/v2\/media\/14783"}],"wp:attachment":[{"href":"https:\/\/casacolliregas.cat\/en\/wp-json\/wp\/v2\/media?parent=4367"}],"wp:term":[{"taxonomy":"product_brand","embeddable":true,"href":"https:\/\/casacolliregas.cat\/en\/wp-json\/wp\/v2\/product_brand?post=4367"},{"taxonomy":"product_cat","embeddable":true,"href":"https:\/\/casacolliregas.cat\/en\/wp-json\/wp\/v2\/product_cat?post=4367"},{"taxonomy":"product_tag","embeddable":true,"href":"https:\/\/casacolliregas.cat\/en\/wp-json\/wp\/v2\/product_tag?post=4367"}],"curies":[{"name":"wp","href":"https:\/\/api.w.org\/{rel}","templated":true}]}}