{"id":1377,"date":"2017-09-06T15:55:12","date_gmt":"2017-09-06T14:55:12","guid":{"rendered":"https:\/\/casacolliregas.cat\/termes-i-condicions\/"},"modified":"2017-09-06T15:55:12","modified_gmt":"2017-09-06T14:55:12","slug":"termes-i-condicions","status":"publish","type":"page","link":"https:\/\/casacolliregas.cat\/en\/termes-i-condicions\/","title":{"rendered":"Termes i condicions"},"content":{"rendered":"<p class=\"p3\"><b>AV\u00cdS LEGAL<\/b><\/p>\n<p class=\"p3\">En virtut de la Llei 15\/1999 del 13 de desembre sobre la Protecci\u00f3 de Dades de car\u00e0cter personal, l\u2019informem que les seves dades reflectides en aquesta comunicaci\u00f3, estan incorporades dins d\u2019un fitxer responsabilitat de\u00a0<b>FUNDACI\u00d3 ILURO, FUNDACI\u00d3 PRIVADA ESPECIAL<\/b>. La finalitat d\u2019aquest fitxer \u00e9s gestionar el servei sol\u00b7licitat.<\/p>\n<p class=\"p3\">L\u2019usuari garanteix l\u2019autenticitat de totes aquelles dades que comuniqui a trav\u00e9s de\u00a0<b>www.fundacioiluro.cat\u00a0<\/b>i mantindr\u00e0 actualitzada la informaci\u00f3 que faciliti a\u00a0<b>FUNDACI\u00d3 ILURO, FUNDACI\u00d3 PRIVADA ESPECIAL<\/b>, de manera que respongui en tot moment a la seva situaci\u00f3 real, essent l\u2019\u00fanic responsable de les manifestacions falses o inexactes que realitzi, aix\u00ed com dels perjudicis que causi per aquesta ra\u00f3 a\u00a0<b>FUNDACI\u00d3 ILURO, FUNDACI\u00d3 PRIVADA ESPECIAL\u00a0<\/b>o a tercers.<\/p>\n<p class=\"p3\"><b>FUNDACI\u00d3 ILURO, FUNDACI\u00d3 PRIVADA ESPECIAL\u00a0<\/b>no pot assumir cap responsabilitat derivada de l\u2019\u00fas incorrecte, inapropiat o il\u00b7l\u00edcit de la informaci\u00f3 apareguda en les p\u00e0gines d\u2019Internet de\u00a0<b>FUNDACI\u00d3 ILURO, FUNDACI\u00d3 PRIVADA ESPECIAL<\/b><\/p>\n<p class=\"p3\">Amb els l\u00edmits establerts a la llei,\u00a0<b>FUNDACI\u00d3 ILURO, FUNDACI\u00d3 PRIVADA ESPECIAL\u00a0<\/b>no assumeix cap responsabilitat derivada de la falta de veracitat, integritat, actualitzaci\u00f3 i precisi\u00f3 de les dades o informacions que contenen les seves p\u00e0gines d\u2019Internet. Els continguts i informaci\u00f3 de les p\u00e0gines d\u2019Internet de\u00a0<b>FUNDACI\u00d3 ILURO, FUNDACI\u00d3 PRIVADA ESPECIAL\u00a0<\/b>estan elaborades per professionals degudament qualificats per a l\u2019exercici de la seva professi\u00f3. No obstant, els continguts i la informaci\u00f3 no la vinculen, ni constitueixen opinions, consells o assessorament legal de cap tipus, ja que nom\u00e9s es tracta d\u2019un servei ofert amb car\u00e0cter informatiu i divulgatiu.<\/p>\n<p class=\"p3\">Les p\u00e0gines d\u2019Internet de\u00a0<b>FUNDACI\u00d3 ILURO, FUNDACI\u00d3 PRIVADA ESPECIAL\u00a0<\/b>poden contenir enlla\u00e7os (links) a altres p\u00e0gines de tercers. Per aix\u00f2,\u00a0<b>FUNDACI\u00d3 ILURO, FUNDACI\u00d3 PRIVADA ESPECIAL\u00a0<\/b>no podr\u00e0 assumir responsabilitats pel contingut que pugui apar\u00e8ixer en p\u00e0gines de tercers. Els textos, imatges, sons, animacions, software i la resta de continguts inclosos en aquest web s\u00f3n propietat exclusiva de\u00a0<b>FUNDACI\u00d3 ILURO, FUNDACI\u00d3 PRIVADA ESPECIAL\u00a0<\/b>o els seus llicenciadors. Qualsevol acte de transmissi\u00f3, distribuci\u00f3, cessi\u00f3, reproducci\u00f3, emmagatzematge o comunicaci\u00f3 p\u00fablica total o parcial, ha de comptar amb el consentiment expr\u00e9s de\u00a0<b>FUNDACI\u00d3 ILURO, FUNDACI\u00d3 PRIVADA ESPECIAL<\/b><\/p>\n<p class=\"p3\">Aix\u00ed mateix, per accedir als serveis que\u00a0<b>FUNDACI\u00d3 ILURO, FUNDACI\u00d3 PRIVADA ESPECIAL\u00a0<\/b>ofereix a trav\u00e9s del web, haur\u00e0 de proporcionar algunes dades de car\u00e0cter personal. En compliment d\u2019all\u00f2 establert a la LOPD 15\/1999, del 13 de desembre, l\u2019informem que les seves dades personals quedaran incorporades i seran tractades als fitxers de\u00a0<b>FUNDACI\u00d3 ILURO, FUNDACI\u00d3 PRIVADA ESPECIAL<\/b>, amb la finalitat de prestar-li i oferir-li els nostres serveis. Aix\u00ed mateix, l\u2019informem de la possibilitat d\u2019exercir els drets d\u2019acc\u00e9s, rectificaci\u00f3, cancel\u00b7laci\u00f3 i oposici\u00f3 de les seves dades de car\u00e0cter personal, a\u00a0<b>LA RIERA 96, 2N \u2013 08301 MATAR\u00d3 (BARCELONA)\u00a0<\/b>o b\u00e9, enviant un correu electr\u00f2nic a\u00a0<b>fundacio@fundacioiluro.cat<\/b><\/p>\n<p class=\"p3\">Tanmateix, la seva acceptaci\u00f3 al present Av\u00eds Legal suposa la prestaci\u00f3 del seu consentiment expr\u00e9s per a qu\u00e8\u00a0<b>FUNDACI\u00d3 ILURO, FUNDACI\u00d3 PRIVADA ESPECIAL\u00a0<\/b>pugui remetre-li comunicacions publicit\u00e0ries o promocionals per correu electr\u00f2nic o un altre mitj\u00e0 de comunicaci\u00f3 equivalent, en els termes establerts per la Llei 34\/2002, de Serveis de la Societat de la Informaci\u00f3 i del Comer\u00e7 Electr\u00f2nic. En cas de no estar interessat en rebre aquest tipus de comunicacions pot dirigir-se a\u00a0<b>FUNDACI\u00d3 ILURO, FUNDACI\u00d3 PRIVADA ESPECIAL,\u00a0<\/b>a l\u2019adre\u00e7a esmentada anteriorment o al correu electr\u00f2nic\u00a0<b>fundacio@fundacioiluro.cat,\u00a0<\/b>manifestant la seva voluntat.<\/p>\n<p class=\"p3\"><b>PROPIETAT INTEL\u00b7LECTUAL<\/b><\/p>\n<p class=\"p3\">Els continguts proporcionats per\u00a0<b>FUNDACI\u00d3 ILURO, FUNDACI\u00d3 PRIVADA ESPECIAL\u00a0<\/b>estan subjectes als drets de propietat intel\u00b7lectual i industrial i s\u00f3n titularitat exclusiva de\u00a0<b>FUNDACI\u00d3 ILURO, FUNDACI\u00d3 PRIVADA ESPECIAL\u00a0<\/b>o de les persones f\u00edsiques o jur\u00eddiques que s\u2019informi mitjan\u00e7ant l\u2019adquisici\u00f3 d\u2019un producte o servei.\u00a0<b>FUNDACI\u00d3 ILURO, FUNDACI\u00d3 PRIVADA ESPECIAL\u00a0<\/b>no confereix a l\u2019adquirent cap dret d\u2019alteraci\u00f3, explotaci\u00f3, reproducci\u00f3, distribuci\u00f3 o comunicaci\u00f3 p\u00fablica sobre el mateix, reservant-se\u00a0<b>FUNDACI\u00d3 ILURO, FUNDACI\u00d3 PRIVADA ESPECIAL\u00a0<\/b>tots aquests drets. La cessi\u00f3 d\u2019aquests drets precisar\u00e0 el consentiment previ per escrit del titular dels mateixos, de manera que el client no podr\u00e0 posar a disposici\u00f3 de terceres persones aquests continguts.<\/p>\n<p class=\"p3\">La propietat intel\u00b7lectual s\u2019est\u00e9n, a m\u00e9s a m\u00e9s del contingut incl\u00f2s a\u00a0<b>FUNDACI\u00d3 ILURO, FUNDACI\u00d3 PRIVADA ESPECIAL<\/b>, als seus gr\u00e0fics, logotips, dissenys, imatges i codis font utilitzats per a la seva programaci\u00f3.<\/p>\n<p class=\"p3\"><b>FUNDACI\u00d3 ILURO, FUNDACI\u00d3 PRIVADA ESPECIAL\u00a0<\/b>ha obtingut la Informaci\u00f3 i els materials inclosos al web de fonts considerades com fiables i, si b\u00e9 s\u2019han pres mesures raonables per assegurar-se que la informaci\u00f3 continguda sigui la correcta,\u00a0<b>FUNDACI\u00d3 ILURO, FUNDACI\u00d3 PRIVADA ESPECIAL\u00a0<\/b>no pot garantir que en tot moment i circumst\u00e0ncia aquesta informaci\u00f3 sigui exacta, completa, actualitzada i, en conseq\u00fc\u00e8ncia, no s\u2019ha de confiar en ella como si ho fos.\u00a0<b>FUNDACI\u00d3 ILURO, FUNDACI\u00d3 PRIVADA ESPECIAL\u00a0<\/b>declina expressament qualsevol responsabilitat per error o omissi\u00f3 en la Informaci\u00f3 continguda a les p\u00e0gines d\u2019aquesta web.<\/p>\n<p class=\"p3\"><b>FUNDACI\u00d3 ILURO, FUNDACI\u00d3 PRIVADA ESPECIAL\u00a0<\/b>es reserva la facultat de modificar, suspendre, cancel\u00b7lar o restringir el contingut de la web, els vincles o la informaci\u00f3 obtinguda a trav\u00e9s d\u2019aquesta, sense necessitat d\u2019av\u00eds previ. Aquesta, en cap cas, assumeix cap responsabilitat com a conseq\u00fc\u00e8ncia de la utilitzaci\u00f3 incorrecta del web que pugui fer l\u2019usuari, tant de la informaci\u00f3 com dels serveis inclosos.<\/p>\n<p class=\"p3\">En cap cas\u00a0<b>FUNDACI\u00d3 ILURO, FUNDACI\u00d3 PRIVADA ESPECIAL,\u00a0<\/b>les seves sucursals i\/o centres de treball, els seus directors i\/o apoderats, treballadors i, en general, el personal autoritzat ser\u00e0 responsable de qualsevol tipus de perjudici, p\u00e8rdua, reclamaci\u00f3 o despesa, tant si procedeix directa o indirectament, de l\u2019\u00fas i\/o difusi\u00f3 del web o de la Informaci\u00f3 adquirida o accedida per o a trav\u00e9s d\u2019aquest o dels seus virus inform\u00e0tics, d\u2019errades operatives o d\u2019interrupcions en el serveis o transmissi\u00f3 o d\u2019errades en la l\u00ednea en l\u2019\u00fas de la web, tant per connexi\u00f3 directa com per vincle o altre mitj\u00e0, constituint a tots els efectes legals un av\u00eds a qualsevol usuari de qu\u00e8 aquestes possibilitats i actes puguin succeir.<\/p>\n<p class=\"p3\"><b>FUNDACI\u00d3 ILURO, FUNDACI\u00d3 PRIVADA ESPECIAL\u00a0<\/b>no es fa responsable dels webs no propis als quals es pugui accedir mitjan\u00e7ant vincles o enlla\u00e7os (\u201clinks\u201d) o de qualsevol contingut posat a disposici\u00f3 de tercers. Qualsevol \u00fas d\u2019un vincle o acc\u00e9s a una p\u00e0gina web no pr\u00f2pia ser\u00e0 realitzat per voluntat i a risc totalment exclusiu de l\u2019usuari.\u00a0<b>FUNDACI\u00d3 ILURO, FUNDACI\u00d3 PRIVADA ESPECIAL\u00a0<\/b>no recomana ni garanteix cap de la\/es Informaci\u00f3\/ons obtinguda\/es per o a trav\u00e9s de qualsevol vincle, ni es responsabilitza de cap p\u00e8rdua, reclamaci\u00f3 o perjudici derivat de l\u2019\u00fas o mal \u00fas d\u2019un vincle, o de la Informaci\u00f3 obtinguda a trav\u00e9s d\u2019aquest, inclosos altres enlla\u00e7os o webs, de la interrupci\u00f3 en el servei o en l\u2019acc\u00e9s, o de l\u2019intent d\u2019utilitzar o d\u2019utilitzar malament un vincle, tant en connectar a la p\u00e0gina web de\u00a0<b>FUNDACI\u00d3 ILURO, FUNDACI\u00d3 PRIVADA ESPECIAL\u00a0<\/b>com en accedir a la informaci\u00f3 d\u2019altres webs des de la mateixa.<\/p>\n<p class=\"p3\"><b>PROPIETAT INDUSTRIAL I INTEL\u00b7LECTUAL<\/b><\/p>\n<p class=\"p3\">Aquest lloc web \u00e9s propietat de\u00a0<b>FUNDACI\u00d3 ILURO, FUNDACI\u00d3 PRIVADA ESPECIAL.\u00a0<\/b>Els drets de Propietat Intel\u00b7lectual i d\u2019explotaci\u00f3 i reproducci\u00f3 d\u2019aquest web, de les seves p\u00e0gines, pantalles, la Informaci\u00f3 que contenen, la seva aparen\u00e7a i disseny, aix\u00ed com els vincles (\u201chiperlinks\u201d) que s\u2019estableixin des d\u2019aquest a altres p\u00e0gines web de qualsevol societat filial i\/o dominada de\u00a0<b>FUNDACI\u00d3 ILURO, FUNDACI\u00d3 PRIVADA ESPECIAL<\/b>, s\u00f3n propietat exclusiva d\u2019aquesta, llevat que s\u2019especifiqui expressament una altra cosa. Qualsevol denominaci\u00f3, disseny i\/o logotip, aix\u00ed com qualsevol producte o servei oferts i apareguts en aquesta p\u00e0gina web, s\u00f3n marques degudament enregistrades per\u00a0<b>FUNDACI\u00d3 ILURO, FUNDACI\u00d3 PRIVADA ESPECIAL<\/b>, per les seves societats filials i\/o dominades per tercers. Qualsevol \u00fas indegut de les mateixes per persones diferents del seu leg\u00edtim titular i sense el consentiment expr\u00e9s i inequ\u00edvoc per part d\u2019aquest, podr\u00e0 ser denunciat i perseguit a trav\u00e9s de tots els mitjans legals existents a l\u2019Ordenament Jur\u00eddic espanyol i\/o comunitari.<\/p>\n<p class=\"p3\">Els drets de propietat intel\u00b7lectual i marques de tercers estan destacats convenientment i han de ser respectats per tot aquell que accedeixi a aquesta p\u00e0gina, no essent responsabilitat de\u00a0<b>FUNDACI\u00d3 ILURO, FUNDACI\u00d3 PRIVADA ESPECIAL\u00a0<\/b>l\u2019\u00fas que l\u2019usuari pugui portar a terme al respecte, recaient la responsabilitat exclusiva en la seva persona.<\/p>\n<p class=\"p3\">Nom\u00e9s es permet descarregar per a \u00fas personal i privat els continguts, copiar o imprimir qualsevol p\u00e0gina d\u2019aquest lloc web. Queda prohibit reproduir, transmetre, modificar o suprimir la informaci\u00f3, contingut o advert\u00e8ncies d\u2019aquesta p\u00e0gina web sense la pr\u00e8via autoritzaci\u00f3 per escrit de\u00a0<b>FUNDACI\u00d3 ILURO, FUNDACI\u00d3 PRIVADA ESPECIAL.<\/b><\/p>\n<p class=\"p3\"><b>LLEI APLICABLE I JURISDICCI\u00d3<\/b><\/p>\n<p class=\"p3\">Les presents condicions generals es regeixen per la Legislaci\u00f3 espanyola, essent competents els Jutjats i Tribunals espanyols per a con\u00e8ixer qualsevol q\u00fcesti\u00f3 que se susciti sobre la interpretaci\u00f3, aplicaci\u00f3 i acompliment de les mateixes. L\u2019usuari, per virtut de la seva acceptaci\u00f3 a les condicions generals recollides en aquest av\u00eds legal, renuncia expressament a qualsevol fur que, per aplicaci\u00f3 de la Llei de Enjudiciament Civil vigent pogu\u00e9s correspondre-li.<\/p>\n","protected":false},"excerpt":{"rendered":"<p>AV\u00cdS LEGAL En virtut de la Llei 15\/1999 del 13 de desembre sobre la Protecci\u00f3 de Dades de car\u00e0cter personal, l\u2019informem que les seves dades reflectides en aquesta comunicaci\u00f3, estan incorporades dins d\u2019un fitxer responsabilitat de\u00a0FUNDACI\u00d3 ILURO, FUNDACI\u00d3 PRIVADA ESPECIAL.&hellip;<\/p>\n","protected":false},"author":2,"featured_media":0,"parent":0,"menu_order":0,"comment_status":"closed","ping_status":"closed","template":"","meta":{"_acf_changed":false,"footnotes":""},"class_list":["post-1377","page","type-page","status-publish","hentry","entry","no-media"],"acf":[],"yoast_head":"<!-- This site is optimized with the Yoast SEO plugin v26.8 - https:\/\/yoast.com\/product\/yoast-seo-wordpress\/ -->\n<title>Termes i condicions - Casa Coll i Reg\u00e0s<\/title>\n<meta name=\"robots\" content=\"index, follow, max-snippet:-1, max-image-preview:large, max-video-preview:-1\" \/>\n<link rel=\"canonical\" href=\"https:\/\/casacolliregas.cat\/en\/termes-i-condicions\/\" \/>\n<meta property=\"og:locale\" content=\"en_US\" \/>\n<meta property=\"og:type\" content=\"article\" \/>\n<meta property=\"og:title\" content=\"Termes i condicions - Casa Coll i Reg\u00e0s\" \/>\n<meta property=\"og:description\" content=\"AV\u00cdS LEGAL En virtut de la Llei 15\/1999 del 13 de desembre sobre la Protecci\u00f3 de Dades de car\u00e0cter personal, l\u2019informem que les seves dades reflectides en aquesta comunicaci\u00f3, estan incorporades dins d\u2019un fitxer responsabilitat de\u00a0FUNDACI\u00d3 ILURO, FUNDACI\u00d3 PRIVADA ESPECIAL.&hellip;\" \/>\n<meta property=\"og:url\" content=\"https:\/\/casacolliregas.cat\/en\/termes-i-condicions\/\" \/>\n<meta property=\"og:site_name\" content=\"Casa Coll i Reg\u00e0s\" \/>\n<meta property=\"article:publisher\" content=\"https:\/\/www.facebook.com\/casacolliregas\/\" \/>\n<meta name=\"twitter:card\" content=\"summary_large_image\" \/>\n<meta name=\"twitter:site\" content=\"@casacolliregas\" \/>\n<meta name=\"twitter:label1\" content=\"Est. reading time\" \/>\n\t<meta name=\"twitter:data1\" content=\"8 minutes\" \/>\n<!-- \/ Yoast SEO plugin. -->","yoast_head_json":{"title":"Termes i condicions - Casa Coll i Reg\u00e0s","robots":{"index":"index","follow":"follow","max-snippet":"max-snippet:-1","max-image-preview":"max-image-preview:large","max-video-preview":"max-video-preview:-1"},"canonical":"https:\/\/casacolliregas.cat\/en\/termes-i-condicions\/","og_locale":"en_US","og_type":"article","og_title":"Termes i condicions - Casa Coll i Reg\u00e0s","og_description":"AV\u00cdS LEGAL En virtut de la Llei 15\/1999 del 13 de desembre sobre la Protecci\u00f3 de Dades de car\u00e0cter personal, l\u2019informem que les seves dades reflectides en aquesta comunicaci\u00f3, estan incorporades dins d\u2019un fitxer responsabilitat de\u00a0FUNDACI\u00d3 ILURO, FUNDACI\u00d3 PRIVADA ESPECIAL.&hellip;","og_url":"https:\/\/casacolliregas.cat\/en\/termes-i-condicions\/","og_site_name":"Casa Coll i Reg\u00e0s","article_publisher":"https:\/\/www.facebook.com\/casacolliregas\/","twitter_card":"summary_large_image","twitter_site":"@casacolliregas","twitter_misc":{"Est. reading time":"8 minutes"},"schema":{"@context":"https:\/\/schema.org","@graph":[{"@type":"WebPage","@id":"https:\/\/casacolliregas.cat\/en\/termes-i-condicions\/","url":"https:\/\/casacolliregas.cat\/en\/termes-i-condicions\/","name":"Termes i condicions - Casa Coll i Reg\u00e0s","isPartOf":{"@id":"https:\/\/casacolliregas.cat\/#website"},"datePublished":"2017-09-06T14:55:12+00:00","breadcrumb":{"@id":"https:\/\/casacolliregas.cat\/en\/termes-i-condicions\/#breadcrumb"},"inLanguage":"en-US","potentialAction":[{"@type":"ReadAction","target":["https:\/\/casacolliregas.cat\/en\/termes-i-condicions\/"]}]},{"@type":"BreadcrumbList","@id":"https:\/\/casacolliregas.cat\/en\/termes-i-condicions\/#breadcrumb","itemListElement":[{"@type":"ListItem","position":1,"name":"Inici","item":"https:\/\/casacolliregas.cat\/en\/"},{"@type":"ListItem","position":2,"name":"Termes i condicions"}]},{"@type":"WebSite","@id":"https:\/\/casacolliregas.cat\/#website","url":"https:\/\/casacolliregas.cat\/","name":"Casa Coll i Reg\u00e0s","description":"","publisher":{"@id":"https:\/\/casacolliregas.cat\/#organization"},"potentialAction":[{"@type":"SearchAction","target":{"@type":"EntryPoint","urlTemplate":"https:\/\/casacolliregas.cat\/?s={search_term_string}"},"query-input":{"@type":"PropertyValueSpecification","valueRequired":true,"valueName":"search_term_string"}}],"inLanguage":"en-US"},{"@type":"Organization","@id":"https:\/\/casacolliregas.cat\/#organization","name":"Casa Coll i Reg\u00e0s","url":"https:\/\/casacolliregas.cat\/","logo":{"@type":"ImageObject","inLanguage":"en-US","@id":"https:\/\/casacolliregas.cat\/#\/schema\/logo\/image\/","url":"https:\/\/casacolliregas.cat\/wp-content\/uploads\/2017\/09\/logo-casa-coll-i-regas.jpg","contentUrl":"https:\/\/casacolliregas.cat\/wp-content\/uploads\/2017\/09\/logo-casa-coll-i-regas.jpg","width":190,"height":125,"caption":"Casa Coll i Reg\u00e0s"},"image":{"@id":"https:\/\/casacolliregas.cat\/#\/schema\/logo\/image\/"},"sameAs":["https:\/\/www.facebook.com\/casacolliregas\/","https:\/\/x.com\/casacolliregas","https:\/\/instagram.com\/casacolliregas","https:\/\/ca.wikipedia.org\/wiki\/Casa_Coll_i_Reg\u00e0s"]}]}},"_links":{"self":[{"href":"https:\/\/casacolliregas.cat\/en\/wp-json\/wp\/v2\/pages\/1377","targetHints":{"allow":["GET"]}}],"collection":[{"href":"https:\/\/casacolliregas.cat\/en\/wp-json\/wp\/v2\/pages"}],"about":[{"href":"https:\/\/casacolliregas.cat\/en\/wp-json\/wp\/v2\/types\/page"}],"author":[{"embeddable":true,"href":"https:\/\/casacolliregas.cat\/en\/wp-json\/wp\/v2\/users\/2"}],"replies":[{"embeddable":true,"href":"https:\/\/casacolliregas.cat\/en\/wp-json\/wp\/v2\/comments?post=1377"}],"version-history":[{"count":0,"href":"https:\/\/casacolliregas.cat\/en\/wp-json\/wp\/v2\/pages\/1377\/revisions"}],"wp:attachment":[{"href":"https:\/\/casacolliregas.cat\/en\/wp-json\/wp\/v2\/media?parent=1377"}],"curies":[{"name":"wp","href":"https:\/\/api.w.org\/{rel}","templated":true}]}}