{"id":1375,"date":"2017-09-21T17:09:48","date_gmt":"2017-09-21T16:09:48","guid":{"rendered":"https:\/\/casacolliregas.cat\/politica-de-cookies\/"},"modified":"2025-02-24T12:55:13","modified_gmt":"2025-02-24T11:55:13","slug":"politica-de-cookies","status":"publish","type":"page","link":"https:\/\/casacolliregas.cat\/en\/politica-de-cookies\/","title":{"rendered":"Pol\u00edtica de cookies"},"content":{"rendered":"<p>\n Les <em>cookies<\/em> o galetes s\u00f3n uns petits arxius de text que s\u2019instal\u00b7len a l\u2019ordinador o dispositiu des del qual accedeixes al nostre web.<br\/>Poden guardar la teva identificaci\u00f3 i els llocs pels quals navegues.<br\/>Quan tornis a visitar el nostre web es llegeixen les <em>cookies<\/em> per identificar-te i restablir les teves prefer\u00e8ncies i configuraci\u00f3 de navegaci\u00f3.<br\/>Si no autoritzes l\u2019\u00fas de les <em>cookies<\/em>, pot ser que alguns serveis o funcionalitats del web no estiguin disponibles.\n[\/vc_column_text][\/vc_column][\/vc_row][vc_row][vc_column][vc_column_text]\n<p><strong>Tipus de <em>cookies<\/em><\/strong><\/p>\n<p>Podem dividir-les segons:<\/p>\n<p><strong>\u00a01. <\/strong><strong>L\u2019entitat que les gestiona<\/strong><\/p>\n<ul>\n<li><strong><em>Cookies<\/em><\/strong><strong> pr\u00f2pies<br\/><\/strong>S\u00f3n les que s\u2019envien al teu equip (ordinador, tauleta, m\u00f2bil&#8230;) des del nostre domini web.<\/li>\n<li><strong><em>Cookies<\/em><\/strong><strong> de tercers<br\/><\/strong>S\u00f3n les que s\u2019envien al teu equip (ordinador, tauleta, m\u00f2bil&#8230;) des d\u2019un domini que gestiona una altra entitat que tracta les dades que obtenen les <em>cookies<\/em>.<\/li>\n<li>Si les <em>cookies<\/em> les gestionem nosaltres per\u00f2 la informaci\u00f3 recollida la gestiona un tercer, tamb\u00e9 es consideren <em>cookies<\/em> de tercers.<\/li>\n<\/ul>\n<p><strong>2. La seva finalitat:<br\/><\/strong><\/p>\n<ul>\n<li><strong><em>Cookies<\/em><\/strong><strong> t\u00e8cniques <\/strong><br\/>Et permeten navegar per una p\u00e0gina web, plataforma o aplicaci\u00f3 i utilitzar les diferents opcions o serveis disponibles.<\/li>\n<\/ul>\n<p>\u00a0 \u00a0 \u00a0 \u00a0 \u00a0 \u00a0 \u00a0 \u00a0Aix\u00f2 inclou:<\/p>\n<ul>\n<li>Controlar el tr\u00e0nsit i la comunicaci\u00f3 de dades.<\/li>\n<li>Identificar la sessi\u00f3 de l\u2019usuari perqu\u00e8 <br\/>no hagi de tornar a introduir les dades.<\/li>\n<li>Recordar els elements d\u2019una comanda <br\/>i fer el proc\u00e9s de compra.<\/li>\n<li>Controlar possibles fraus.<\/li>\n<li>Fer la sol\u00b7licitud d\u2019inscripci\u00f3 o participaci\u00f3 <br\/>en un esdeveniment.<\/li>\n<li>Dades estad\u00edstiques del lloc web.<\/li>\n<\/ul>\n<p>\u00a0<\/p>\n<p>Tamb\u00e9 s\u00f3n <em>cookies<\/em> t\u00e8cniques aquelles que gestionen <br\/>la publicitat que apareix al lloc web.<\/p>\n<p>\u00a0<\/p>\n<ul>\n<li><strong><em>Cookies<\/em><\/strong><strong> de prefer\u00e8ncies o personalitzaci\u00f3<br\/><\/strong>S\u00f3n les que guarden informaci\u00f3 sobre les teves prefer\u00e8ncies, <br\/>com ara l\u2019idioma, el navegador que fas servir<br\/>o el nombre de resultats que es mostren <br\/>quan fas una cerca.<\/li>\n<li><strong><em>Cookies<\/em><\/strong><strong> d\u2019an\u00e0lisi<br\/><\/strong>Ens permeten seguir i analitzar el comportament dels usuaris. Inclou els impactes que generen els anuncis. <br\/>La informaci\u00f3 recollida s\u2019utilitza per mesurar <br\/>l\u2019activitat del lloc web, aplicaci\u00f3 o plataforma, <br\/>i introduir-hi millores.<\/li>\n<li><strong><em>Cookies<\/em><\/strong><strong> de publicitat comportamental<\/strong> <br\/>Permeten gestionar la publicitat del web. <br\/>Aquestes <em>cookies<\/em> emmagatzemen informaci\u00f3 <br\/>sobre com navegues per mostrar-te la publicitat<br\/>quan sigui m\u00e9s adient.<\/li>\n<li><strong><em>Cookies<\/em><\/strong><strong> de geolocalitzaci\u00f3<\/strong><br\/>S\u2019utilitzen per saber on et trobes <br\/>quan ens demanes un servei. <br\/>Aquesta <em>cookie<\/em> \u00e9s an\u00f2nima.<\/li>\n<\/ul>\n[\/vc_column_text][\/vc_column][\/vc_row]\n[vc_row][vc_column][vc_column_text]\n<p>\nAquesta pol\u00edtica de <em>cookies<\/em> vol informar, de manera clara i precisa, sobre les <em>cookies<\/em> que s\u2019utilitzen en aquest lloc web.<\/p>\n<p><strong>Qu\u00e8 s\u00f3n les <em>cookies<\/em>?<\/strong><\/p>\n\n<p> Les <em>cookies<\/em> o galetes s\u00f3n uns petits arxius de text que s\u2019instal\u00b7len a l\u2019ordinador o dispositiu des del qual accedeixes al nostre web.<br \/>Poden guardar la teva identificaci\u00f3 i els llocs pels quals navegues.<br \/>Quan tornis a visitar el nostre web es llegeixen les <em>cookies<\/em> per identificar-te i restablir les teves prefer\u00e8ncies i configuraci\u00f3 de navegaci\u00f3.<br \/>Si no autoritzes l\u2019\u00fas de les <em>cookies<\/em>, pot ser que alguns serveis o funcionalitats del web no estiguin disponibles.<\/p>\n[\/vc_column_text][\/vc_column][\/vc_row][vc_row][vc_column][vc_column_text]\n<p><strong>Tipus de <em>cookies<\/em><\/strong><\/p>\n<p>Podem dividir-les segons:<\/p>\n<p><strong>\u00a01. <\/strong><strong>L\u2019entitat que les gestiona<\/strong><\/p>\n<ul>\n<li><strong><em>Cookies<\/em><\/strong><strong> pr\u00f2pies<br \/><\/strong>S\u00f3n les que s\u2019envien al teu equip (ordinador, tauleta, m\u00f2bil&#8230;) des del nostre domini web.<\/li>\n<li><strong><em>Cookies<\/em><\/strong><strong> de tercers<br \/><\/strong>S\u00f3n les que s\u2019envien al teu equip (ordinador, tauleta, m\u00f2bil&#8230;) des d\u2019un domini que gestiona una altra entitat que tracta les dades que obtenen les <em>cookies<\/em>.<\/li>\n<li>Si les <em>cookies<\/em> les gestionem nosaltres per\u00f2 la informaci\u00f3 recollida la gestiona un tercer, tamb\u00e9 es consideren <em>cookies<\/em> de tercers.<\/li>\n<\/ul>\n<p><strong>2. La seva finalitat:<br \/><\/strong><\/p>\n<ul>\n<li><strong><em>Cookies<\/em><\/strong><strong> t\u00e8cniques <\/strong><br \/>Et permeten navegar per una p\u00e0gina web, plataforma o aplicaci\u00f3 i utilitzar les diferents opcions o serveis disponibles.<\/li>\n<\/ul>\n<p>\u00a0 \u00a0 \u00a0 \u00a0 \u00a0 \u00a0 \u00a0 \u00a0Aix\u00f2 inclou:<\/p>\n<ul>\n<li>Controlar el tr\u00e0nsit i la comunicaci\u00f3 de dades.<\/li>\n<li>Identificar la sessi\u00f3 de l\u2019usuari perqu\u00e8 <br \/>no hagi de tornar a introduir les dades.<\/li>\n<li>Recordar els elements d\u2019una comanda <br \/>i fer el proc\u00e9s de compra.<\/li>\n<li>Controlar possibles fraus.<\/li>\n<li>Fer la sol\u00b7licitud d\u2019inscripci\u00f3 o participaci\u00f3 <br \/>en un esdeveniment.<\/li>\n<li>Dades estad\u00edstiques del lloc web.<\/li>\n<\/ul>\n<p>&nbsp;<\/p>\n<p>Tamb\u00e9 s\u00f3n <em>cookies<\/em> t\u00e8cniques aquelles que gestionen <br \/>la publicitat que apareix al lloc web.<\/p>\n<p>&nbsp;<\/p>\n<ul>\n<li><strong><em>Cookies<\/em><\/strong><strong> de prefer\u00e8ncies o personalitzaci\u00f3<br \/><\/strong>S\u00f3n les que guarden informaci\u00f3 sobre les teves prefer\u00e8ncies, <br \/>com ara l\u2019idioma, el navegador que fas servir<br \/>o el nombre de resultats que es mostren <br \/>quan fas una cerca.<\/li>\n<li><strong><em>Cookies<\/em><\/strong><strong> d\u2019an\u00e0lisi<br \/><\/strong>Ens permeten seguir i analitzar el comportament dels usuaris. Inclou els impactes que generen els anuncis. <br \/>La informaci\u00f3 recollida s\u2019utilitza per mesurar <br \/>l\u2019activitat del lloc web, aplicaci\u00f3 o plataforma, <br \/>i introduir-hi millores.<\/li>\n<li><strong><em>Cookies<\/em><\/strong><strong> de publicitat comportamental<\/strong> <br \/>Permeten gestionar la publicitat del web. <br \/>Aquestes <em>cookies<\/em> emmagatzemen informaci\u00f3 <br \/>sobre com navegues per mostrar-te la publicitat<br \/>quan sigui m\u00e9s adient.<\/li>\n<li><strong><em>Cookies<\/em><\/strong><strong> de geolocalitzaci\u00f3<\/strong><br \/>S\u2019utilitzen per saber on et trobes <br \/>quan ens demanes un servei. <br \/>Aquesta <em>cookie<\/em> \u00e9s an\u00f2nima.<\/li>\n<\/ul>\n[\/vc_column_text][\/vc_column][\/vc_row]\n","protected":false},"excerpt":{"rendered":"<p>Les cookies o galetes s\u00f3n uns petits arxius de text que s\u2019instal\u00b7len a l\u2019ordinador o dispositiu des del qual accedeixes al nostre web.Poden guardar la teva identificaci\u00f3 i els llocs pels quals navegues.Quan tornis a visitar el nostre web es&hellip;<\/p>\n","protected":false},"author":2,"featured_media":0,"parent":0,"menu_order":0,"comment_status":"closed","ping_status":"closed","template":"","meta":{"_acf_changed":false,"footnotes":""},"class_list":["post-1375","page","type-page","status-publish","hentry","entry","no-media"],"acf":[],"yoast_head":"<!-- This site is optimized with the Yoast SEO plugin v26.8 - https:\/\/yoast.com\/product\/yoast-seo-wordpress\/ -->\n<title>Pol\u00edtica de cookies - Casa Coll i Reg\u00e0s<\/title>\n<meta name=\"robots\" content=\"index, follow, max-snippet:-1, max-image-preview:large, max-video-preview:-1\" \/>\n<link rel=\"canonical\" href=\"https:\/\/casacolliregas.cat\/en\/politica-de-cookies\/\" \/>\n<meta property=\"og:locale\" content=\"en_US\" \/>\n<meta property=\"og:type\" content=\"article\" \/>\n<meta property=\"og:title\" content=\"Pol\u00edtica de cookies - Casa Coll i Reg\u00e0s\" \/>\n<meta property=\"og:description\" content=\"Les cookies o galetes s\u00f3n uns petits arxius de text que s\u2019instal\u00b7len a l\u2019ordinador o dispositiu des del qual accedeixes al nostre web.Poden guardar la teva identificaci\u00f3 i els llocs pels quals navegues.Quan tornis a visitar el nostre web es&hellip;\" \/>\n<meta property=\"og:url\" content=\"https:\/\/casacolliregas.cat\/en\/politica-de-cookies\/\" \/>\n<meta property=\"og:site_name\" content=\"Casa Coll i Reg\u00e0s\" \/>\n<meta property=\"article:publisher\" content=\"https:\/\/www.facebook.com\/casacolliregas\/\" \/>\n<meta property=\"article:modified_time\" content=\"2025-02-24T11:55:13+00:00\" \/>\n<meta name=\"twitter:card\" content=\"summary_large_image\" \/>\n<meta name=\"twitter:site\" content=\"@casacolliregas\" \/>\n<meta name=\"twitter:label1\" content=\"Est. reading time\" \/>\n\t<meta name=\"twitter:data1\" content=\"4 minutes\" \/>\n<!-- \/ Yoast SEO plugin. -->","yoast_head_json":{"title":"Pol\u00edtica de cookies - Casa Coll i Reg\u00e0s","robots":{"index":"index","follow":"follow","max-snippet":"max-snippet:-1","max-image-preview":"max-image-preview:large","max-video-preview":"max-video-preview:-1"},"canonical":"https:\/\/casacolliregas.cat\/en\/politica-de-cookies\/","og_locale":"en_US","og_type":"article","og_title":"Pol\u00edtica de cookies - Casa Coll i Reg\u00e0s","og_description":"Les cookies o galetes s\u00f3n uns petits arxius de text que s\u2019instal\u00b7len a l\u2019ordinador o dispositiu des del qual accedeixes al nostre web.Poden guardar la teva identificaci\u00f3 i els llocs pels quals navegues.Quan tornis a visitar el nostre web es&hellip;","og_url":"https:\/\/casacolliregas.cat\/en\/politica-de-cookies\/","og_site_name":"Casa Coll i Reg\u00e0s","article_publisher":"https:\/\/www.facebook.com\/casacolliregas\/","article_modified_time":"2025-02-24T11:55:13+00:00","twitter_card":"summary_large_image","twitter_site":"@casacolliregas","twitter_misc":{"Est. reading time":"4 minutes"},"schema":{"@context":"https:\/\/schema.org","@graph":[{"@type":"WebPage","@id":"https:\/\/casacolliregas.cat\/en\/politica-de-cookies\/","url":"https:\/\/casacolliregas.cat\/en\/politica-de-cookies\/","name":"Pol\u00edtica de cookies - Casa Coll i Reg\u00e0s","isPartOf":{"@id":"https:\/\/casacolliregas.cat\/#website"},"datePublished":"2017-09-21T16:09:48+00:00","dateModified":"2025-02-24T11:55:13+00:00","breadcrumb":{"@id":"https:\/\/casacolliregas.cat\/en\/politica-de-cookies\/#breadcrumb"},"inLanguage":"en-US","potentialAction":[{"@type":"ReadAction","target":["https:\/\/casacolliregas.cat\/en\/politica-de-cookies\/"]}]},{"@type":"BreadcrumbList","@id":"https:\/\/casacolliregas.cat\/en\/politica-de-cookies\/#breadcrumb","itemListElement":[{"@type":"ListItem","position":1,"name":"Inici","item":"https:\/\/casacolliregas.cat\/en\/"},{"@type":"ListItem","position":2,"name":"Pol\u00edtica de cookies"}]},{"@type":"WebSite","@id":"https:\/\/casacolliregas.cat\/#website","url":"https:\/\/casacolliregas.cat\/","name":"Casa Coll i Reg\u00e0s","description":"","publisher":{"@id":"https:\/\/casacolliregas.cat\/#organization"},"potentialAction":[{"@type":"SearchAction","target":{"@type":"EntryPoint","urlTemplate":"https:\/\/casacolliregas.cat\/?s={search_term_string}"},"query-input":{"@type":"PropertyValueSpecification","valueRequired":true,"valueName":"search_term_string"}}],"inLanguage":"en-US"},{"@type":"Organization","@id":"https:\/\/casacolliregas.cat\/#organization","name":"Casa Coll i Reg\u00e0s","url":"https:\/\/casacolliregas.cat\/","logo":{"@type":"ImageObject","inLanguage":"en-US","@id":"https:\/\/casacolliregas.cat\/#\/schema\/logo\/image\/","url":"https:\/\/casacolliregas.cat\/wp-content\/uploads\/2017\/09\/logo-casa-coll-i-regas.jpg","contentUrl":"https:\/\/casacolliregas.cat\/wp-content\/uploads\/2017\/09\/logo-casa-coll-i-regas.jpg","width":190,"height":125,"caption":"Casa Coll i Reg\u00e0s"},"image":{"@id":"https:\/\/casacolliregas.cat\/#\/schema\/logo\/image\/"},"sameAs":["https:\/\/www.facebook.com\/casacolliregas\/","https:\/\/x.com\/casacolliregas","https:\/\/instagram.com\/casacolliregas","https:\/\/ca.wikipedia.org\/wiki\/Casa_Coll_i_Reg\u00e0s"]}]}},"_links":{"self":[{"href":"https:\/\/casacolliregas.cat\/en\/wp-json\/wp\/v2\/pages\/1375","targetHints":{"allow":["GET"]}}],"collection":[{"href":"https:\/\/casacolliregas.cat\/en\/wp-json\/wp\/v2\/pages"}],"about":[{"href":"https:\/\/casacolliregas.cat\/en\/wp-json\/wp\/v2\/types\/page"}],"author":[{"embeddable":true,"href":"https:\/\/casacolliregas.cat\/en\/wp-json\/wp\/v2\/users\/2"}],"replies":[{"embeddable":true,"href":"https:\/\/casacolliregas.cat\/en\/wp-json\/wp\/v2\/comments?post=1375"}],"version-history":[{"count":14,"href":"https:\/\/casacolliregas.cat\/en\/wp-json\/wp\/v2\/pages\/1375\/revisions"}],"predecessor-version":[{"id":73112,"href":"https:\/\/casacolliregas.cat\/en\/wp-json\/wp\/v2\/pages\/1375\/revisions\/73112"}],"wp:attachment":[{"href":"https:\/\/casacolliregas.cat\/en\/wp-json\/wp\/v2\/media?parent=1375"}],"curies":[{"name":"wp","href":"https:\/\/api.w.org\/{rel}","templated":true}]}}