{"id":1371,"date":"2017-08-31T10:51:36","date_gmt":"2017-08-31T09:51:36","guid":{"rendered":"https:\/\/casacolliregas.cat\/casa-coll-regas-josep-puig-cadafalch-mataro\/"},"modified":"2020-09-03T11:40:48","modified_gmt":"2020-09-03T09:40:48","slug":"coll-regas-house-by-josep-puig-cadafalch-in-mataro","status":"publish","type":"page","link":"https:\/\/casacolliregas.cat\/en\/","title":{"rendered":"Coll i Reg\u00e0s House by Josep Puig i Cadafalch in Matar\u00f3"},"content":{"rendered":"[vc_row][vc_column][rev_slider_vc alias=&#8221;BASE_slider&#8221;][\/vc_column][\/vc_row][vc_row][vc_column][vc_empty_space height=&#8221;50px&#8221;][vc_column_text font_family=&#8221;Bookman Old Style, serif&#8221; font_size=&#8221;16&#8243;]\n<h1 style=\"text-align: center;\">THE COLL I REG\u00c0S HOUSE<\/h1>\n<p style=\"text-align: center;\">Modernist building in Matar\u00f3, designed by the Catalan architect <strong>Josep Puig i Cadafalch<\/strong> in 1898, commissioned by the entrepreneur Joaquim Coll i Reg\u00e0s, a major textile manufacturer in Matar\u00f3.<\/p>\n<p style=\"text-align: center;\">As an exponent of the elements of the decorativism that characterized the Modernist movement, it was declared a <strong>Property of Cultural Interest<\/strong>\u00a0in the category of historical monument in 2000.<\/p>\n[\/vc_column_text][vc_empty_space height=&#8221;50px&#8221;][vc_row_inner][vc_column_inner][vc_separator color=&#8221;black&#8221; border_width=&#8221;2&#8243;][vc_empty_space height=&#8221;25px&#8221;][vc_raw_html]JTNDZGl2JTIwY2xhc3MlM0QlMjJjdGFfY2FiYXUlMjIlM0UlMEElM0NpbWclMjBzcmMlM0QlMjJodHRwcyUzQSUyRiUyRmNhc2Fjb2xsaXJlZ2FzLmNhdCUyRndwLWNvbnRlbnQlMkZ1cGxvYWRzJTJGMjAxNyUyRjA4JTJGZW50cmFkZXMucG5nJTIyJTIwJTJGJTNFJTBBJTNDc3BhbiUyMGNsYXNzJTNEJTIydGV4dDElMjIlMjBzdHlsZSUzRCUyMnRleHQtZGVjb3JhdGlvbiUzQXVuZGVybGluZSUzQiUyMGZvbnQtd2VpZ2h0JTNBYm9sZCUzQiUyMG1hcmdpbi10b3AlM0ExOHB4JTNCJTIyJTNFJTNDYSUyMGhyZWYlM0QlMjJodHRwcyUzQSUyRiUyRmNhc2Fjb2xsaXJlZ2FzLmNhdCUyRmVuJTJGdmlzaXRlcyUyRiUyMiUzRUJvb2tpbmdzJTNDJTJGYSUzRSUzQyUyRnNwYW4lM0UlMEElM0NkaXYlMjBjbGFzcyUzRCUyMmNsZWFyJTIyJTNFJTNDJTJGZGl2JTNFJTBBJTNDJTJGZGl2JTNF[\/vc_raw_html][vc_empty_space height=&#8221;25px&#8221;][vc_separator color=&#8221;custom&#8221; border_width=&#8221;2&#8243; accent_color=&#8221;#d09e56&#8243;][\/vc_column_inner][\/vc_row_inner][\/vc_column][\/vc_row][vc_row full_width=&#8221;stretch_row_content_no_spaces&#8221; parallax=&#8221;content-moving&#8221; parallax_image=&#8221;404&#8243; css=&#8221;.vc_custom_1505901480927{padding-top: 50px !important;padding-bottom: 50px !important;}&#8221;][vc_column visibility=&#8221;&#8221; css_animation_delay=&#8221;&#8221; css=&#8221;.vc_custom_1595594119050{margin-bottom: 0px !important;}&#8221;][vc_column_text responsive_text=&#8221;&#8221; italic=&#8221;&#8221; css=&#8221;.vc_custom_1595594134663{margin-top: 50px !important;margin-bottom: 50px !important;border-bottom-width: 20px !important;padding-top: 20px !important;}&#8221; font_family=&#8221;&#8221; font_size=&#8221;&#8221; line_height=&#8221;1em&#8221; font_weight=&#8221;&#8221; text_align=&#8221;&#8221; el_class=&#8221;home-slider&#8221;]\n<h2 style=\"text-align: center;\">\u201cLa casa en qs&#8217;h treballa<br \/>\nmay hi falta pa ni palla\u201d<\/h2>\n[\/vc_column_text][\/vc_column][\/vc_row][vc_row][vc_column][vc_empty_space height=&#8221;40px&#8221;][vc_custom_heading text=&#8221;NEWS&#8221; font_container=&#8221;tag:h2|font_size:24px|text_align:center&#8221; google_fonts=&#8221;font_family:Overlock%3Aregular%2Citalic%2C700%2C700italic%2C900%2C900italic|font_style:900%20bold%20regular%3A900%3Anormal&#8221;][vc_empty_space height=&#8221;40px&#8221;][vc_basic_grid post_type=&#8221;post&#8221; max_items=&#8221;2&#8243; element_width=&#8221;12&#8243; item=&#8221;83&#8243; grid_id=&#8221;vc_gid:1595594077850-a6814f0c19ece04704da6afe5a52f46c-6&#8243;][vc_raw_html]JTNDZGl2JTIwaWQlM0QlMjJjYWJhdV92ZXVyZW1lc25vdGljaWVzJTIyJTNFJTBBJTNDYSUyMGhyZWYlM0QlMjJodHRwcyUzQSUyRiUyRmNhc2Fjb2xsaXJlZ2FzLmNhdCUyRmVuJTJGYWN0dWFsaXRhdCUyRiUyMiUzRU1vcmUlMjBuZXdzJTNDJTJGYSUzRSUwQSUzQyUyRmRpdiUzRQ==[\/vc_raw_html][vc_empty_space height=&#8221;100px&#8221;][vc_row_inner][vc_column_inner width=&#8221;1\/2&#8243;][vc_separator color=&#8221;black&#8221; border_width=&#8221;2&#8243;][vc_empty_space height=&#8221;25px&#8221;][vc_raw_html]JTNDZGl2JTIwY2xhc3MlM0QlMjJjdGFfY2FiYXUlMjIlM0UlMEElM0NpbWclMjBzcmMlM0QlMjJodHRwcyUzQSUyRiUyRmNhc2Fjb2xsaXJlZ2FzLmNhdCUyRndwLWNvbnRlbnQlMkZ1cGxvYWRzJTJGMjAxNyUyRjA4JTJGY29ycmV1LnBuZyUyMiUyMCUyRiUzRSUwQSUzQ3NwYW4lMjBjbGFzcyUzRCUyMnRleHQxJTIyJTNFU2lnbiUyMHVwJTIwdG8lMjBvdXIlM0MlMkZzcGFuJTNFJTNDYnIlMjAlMkYlM0UlMEElM0NzcGFuJTIwY2xhc3MlM0QlMjJ0ZXh0MSUyMiUyMHN0eWxlJTNEJTIydGV4dC1kZWNvcmF0aW9uJTNBdW5kZXJsaW5lJTNCJTIwZm9udC13ZWlnaHQlM0Fib2xkJTNCJTIyJTNFJTNDYSUyMGhyZWYlM0QlMjJodHRwJTNBJTJGJTJGZmFjZWJvb2sudXM3Lmxpc3QtbWFuYWdlLmNvbSUyRnN1YnNjcmliZSUzRnUlM0Q3NWU4ODgwOWE0N2EwMDhkMzhlZmQxMGQyJTI2aWQlM0RkOTU2M2UwZTY3JTIyJTNFbmV3c2xldHRlciUzQyUyRmElM0UlM0MlMkZzcGFuJTNFJTBBJTNDZGl2JTIwY2xhc3MlM0QlMjJjbGVhciUyMiUzRSUzQyUyRmRpdiUzRSUwQSUzQyUyRmRpdiUzRQ==[\/vc_raw_html][vc_empty_space height=&#8221;25px&#8221;][vc_separator color=&#8221;custom&#8221; border_width=&#8221;2&#8243; accent_color=&#8221;#d09e56&#8243;][\/vc_column_inner][vc_column_inner width=&#8221;1\/2&#8243;][vc_separator color=&#8221;black&#8221; border_width=&#8221;2&#8243;][vc_empty_space height=&#8221;25px&#8221;][vc_raw_html]JTNDZGl2JTIwY2xhc3MlM0QlMjJjdGFfY2FiYXUlMjIlMjBzdHlsZSUzRCUyMm1hcmdpbiUzQTFweCUyMGF1dG8lM0IlMjIlM0UlMEElM0NpbWclMjBzcmMlM0QlMjJodHRwcyUzQSUyRiUyRmNhc2Fjb2xsaXJlZ2FzLmNhdCUyRndwLWNvbnRlbnQlMkZ1cGxvYWRzJTJGMjAxNyUyRjA4JTJGbGxvZ3Vlci5wbmclMjIlMjAlMkYlM0UlMEElM0NzcGFuJTIwY2xhc3MlM0QlMjJ0ZXh0MSUyMiUyMHN0eWxlJTNEJTIydGV4dC1kZWNvcmF0aW9uJTNBdW5kZXJsaW5lJTNCJTIwZm9udC13ZWlnaHQlM0Fib2xkJTNCJTIwbWFyZ2luLXRvcCUzQTEwcHglM0IlMjIlM0UlMjAlM0NhJTIwaHJlZiUzRCUyMmh0dHBzJTNBJTJGJTJGY2FzYWNvbGxpcmVnYXMuY2F0JTJGZW4lMkZsbG9ndWVyLWRlc3BhaXMlMkYlMjIlM0VTcGFjZSUyMFJlbnRhbCUzQyUyRmElM0UlM0MlMkZzcGFuJTNFJTBBJTNDZGl2JTIwY2xhc3MlM0QlMjJjbGVhciUyMiUzRSUzQyUyRmRpdiUzRSUwQSUzQyUyRmRpdiUzRQ==[\/vc_raw_html][vc_empty_space height=&#8221;25px&#8221;][vc_separator color=&#8221;custom&#8221; border_width=&#8221;2&#8243; accent_color=&#8221;#d09e56&#8243;][\/vc_column_inner][\/vc_row_inner][\/vc_column][\/vc_row]\n","protected":false},"excerpt":{"rendered":"<p>[vc_row][vc_column][rev_slider_vc alias=&#8221;BASE_slider&#8221;][\/vc_column][\/vc_row][vc_row][vc_column][vc_empty_space height=&#8221;50px&#8221;][vc_column_text font_family=&#8221;Bookman Old Style, serif&#8221; font_size=&#8221;16&#8243;] THE COLL I REG\u00c0S HOUSE Modernist building in Matar\u00f3, designed by the Catalan architect Josep Puig i Cadafalch in 1898, commissioned by the entrepreneur Joaquim Coll i Reg\u00e0s, a major textile manufacturer&hellip;<\/p>\n","protected":false},"author":2,"featured_media":12266,"parent":0,"menu_order":0,"comment_status":"closed","ping_status":"closed","template":"","meta":{"_acf_changed":false,"footnotes":""},"class_list":["post-1371","page","type-page","status-publish","has-post-thumbnail","hentry","entry","has-media"],"acf":[],"yoast_head":"<!-- This site is optimized with the Yoast SEO plugin v26.8 - https:\/\/yoast.com\/product\/yoast-seo-wordpress\/ -->\n<title>Coll i Reg\u00e0s House by Josep Puig i Cadafalch in Matar\u00f3<\/title>\n<meta name=\"description\" content=\"Modernist house, the work of the architect Josep Puig i Cadafalch, declared a Cultural Heritage of National Interest in 2000 by the Generalitat de Catalunya.\" \/>\n<meta name=\"robots\" content=\"index, follow, max-snippet:-1, max-image-preview:large, max-video-preview:-1\" \/>\n<link rel=\"canonical\" href=\"https:\/\/casacolliregas.cat\/en\/\" \/>\n<meta property=\"og:locale\" content=\"en_US\" \/>\n<meta property=\"og:type\" content=\"article\" \/>\n<meta property=\"og:title\" content=\"Coll i Reg\u00e0s House by Josep Puig i Cadafalch in Matar\u00f3\" \/>\n<meta property=\"og:description\" content=\"Modernist house, the work of the architect Josep Puig i Cadafalch, declared a Cultural Heritage of National Interest in 2000 by the Generalitat de Catalunya.\" \/>\n<meta property=\"og:url\" content=\"https:\/\/casacolliregas.cat\/en\/\" \/>\n<meta property=\"og:site_name\" content=\"Casa Coll i Reg\u00e0s\" \/>\n<meta property=\"article:publisher\" content=\"https:\/\/www.facebook.com\/casacolliregas\/\" \/>\n<meta property=\"article:modified_time\" content=\"2020-09-03T09:40:48+00:00\" \/>\n<meta property=\"og:image\" content=\"https:\/\/casacolliregas.cat\/wp-content\/uploads\/2019\/11\/ilu_161209_BR_placa-scaled.jpg\" \/>\n\t<meta property=\"og:image:width\" content=\"2169\" \/>\n\t<meta property=\"og:image:height\" content=\"2560\" \/>\n\t<meta property=\"og:image:type\" content=\"image\/jpeg\" \/>\n<meta name=\"twitter:card\" content=\"summary_large_image\" \/>\n<meta name=\"twitter:site\" content=\"@casacolliregas\" \/>\n<meta name=\"twitter:label1\" content=\"Est. reading time\" \/>\n\t<meta name=\"twitter:data1\" content=\"3 minutes\" \/>\n<!-- \/ Yoast SEO plugin. -->","yoast_head_json":{"title":"Coll i Reg\u00e0s House by Josep Puig i Cadafalch in Matar\u00f3","description":"Modernist house, the work of the architect Josep Puig i Cadafalch, declared a Cultural Heritage of National Interest in 2000 by the Generalitat de Catalunya.","robots":{"index":"index","follow":"follow","max-snippet":"max-snippet:-1","max-image-preview":"max-image-preview:large","max-video-preview":"max-video-preview:-1"},"canonical":"https:\/\/casacolliregas.cat\/en\/","og_locale":"en_US","og_type":"article","og_title":"Coll i Reg\u00e0s House by Josep Puig i Cadafalch in Matar\u00f3","og_description":"Modernist house, the work of the architect Josep Puig i Cadafalch, declared a Cultural Heritage of National Interest in 2000 by the Generalitat de Catalunya.","og_url":"https:\/\/casacolliregas.cat\/en\/","og_site_name":"Casa Coll i Reg\u00e0s","article_publisher":"https:\/\/www.facebook.com\/casacolliregas\/","article_modified_time":"2020-09-03T09:40:48+00:00","og_image":[{"width":2169,"height":2560,"url":"https:\/\/casacolliregas.cat\/wp-content\/uploads\/2019\/11\/ilu_161209_BR_placa-scaled.jpg","type":"image\/jpeg"}],"twitter_card":"summary_large_image","twitter_site":"@casacolliregas","twitter_misc":{"Est. reading time":"3 minutes"},"schema":{"@context":"https:\/\/schema.org","@graph":[{"@type":"WebPage","@id":"https:\/\/casacolliregas.cat\/en\/","url":"https:\/\/casacolliregas.cat\/en\/","name":"Coll i Reg\u00e0s House by Josep Puig i Cadafalch in Matar\u00f3","isPartOf":{"@id":"https:\/\/casacolliregas.cat\/#website"},"primaryImageOfPage":{"@id":"https:\/\/casacolliregas.cat\/en\/#primaryimage"},"image":{"@id":"https:\/\/casacolliregas.cat\/en\/#primaryimage"},"thumbnailUrl":"https:\/\/casacolliregas.cat\/wp-content\/uploads\/2019\/11\/ilu_161209_BR_placa-scaled.jpg","datePublished":"2017-08-31T09:51:36+00:00","dateModified":"2020-09-03T09:40:48+00:00","description":"Modernist house, the work of the architect Josep Puig i Cadafalch, declared a Cultural Heritage of National Interest in 2000 by the Generalitat de Catalunya.","breadcrumb":{"@id":"https:\/\/casacolliregas.cat\/en\/#breadcrumb"},"inLanguage":"en-US","potentialAction":[{"@type":"ReadAction","target":["https:\/\/casacolliregas.cat\/en\/"]}]},{"@type":"ImageObject","inLanguage":"en-US","@id":"https:\/\/casacolliregas.cat\/en\/#primaryimage","url":"https:\/\/casacolliregas.cat\/wp-content\/uploads\/2019\/11\/ilu_161209_BR_placa-scaled.jpg","contentUrl":"https:\/\/casacolliregas.cat\/wp-content\/uploads\/2019\/11\/ilu_161209_BR_placa-scaled.jpg","width":2169,"height":2560},{"@type":"BreadcrumbList","@id":"https:\/\/casacolliregas.cat\/en\/#breadcrumb","itemListElement":[{"@type":"ListItem","position":1,"name":"Inici","item":"https:\/\/casacolliregas.cat\/en\/"},{"@type":"ListItem","position":2,"name":"Coll i Reg\u00e0s House by Josep Puig i Cadafalch in Matar\u00f3"}]},{"@type":"WebSite","@id":"https:\/\/casacolliregas.cat\/#website","url":"https:\/\/casacolliregas.cat\/","name":"Casa Coll i Reg\u00e0s","description":"","publisher":{"@id":"https:\/\/casacolliregas.cat\/#organization"},"potentialAction":[{"@type":"SearchAction","target":{"@type":"EntryPoint","urlTemplate":"https:\/\/casacolliregas.cat\/?s={search_term_string}"},"query-input":{"@type":"PropertyValueSpecification","valueRequired":true,"valueName":"search_term_string"}}],"inLanguage":"en-US"},{"@type":"Organization","@id":"https:\/\/casacolliregas.cat\/#organization","name":"Casa Coll i Reg\u00e0s","url":"https:\/\/casacolliregas.cat\/","logo":{"@type":"ImageObject","inLanguage":"en-US","@id":"https:\/\/casacolliregas.cat\/#\/schema\/logo\/image\/","url":"https:\/\/casacolliregas.cat\/wp-content\/uploads\/2017\/09\/logo-casa-coll-i-regas.jpg","contentUrl":"https:\/\/casacolliregas.cat\/wp-content\/uploads\/2017\/09\/logo-casa-coll-i-regas.jpg","width":190,"height":125,"caption":"Casa Coll i Reg\u00e0s"},"image":{"@id":"https:\/\/casacolliregas.cat\/#\/schema\/logo\/image\/"},"sameAs":["https:\/\/www.facebook.com\/casacolliregas\/","https:\/\/x.com\/casacolliregas","https:\/\/instagram.com\/casacolliregas","https:\/\/ca.wikipedia.org\/wiki\/Casa_Coll_i_Reg\u00e0s"]}]}},"_links":{"self":[{"href":"https:\/\/casacolliregas.cat\/en\/wp-json\/wp\/v2\/pages\/1371","targetHints":{"allow":["GET"]}}],"collection":[{"href":"https:\/\/casacolliregas.cat\/en\/wp-json\/wp\/v2\/pages"}],"about":[{"href":"https:\/\/casacolliregas.cat\/en\/wp-json\/wp\/v2\/types\/page"}],"author":[{"embeddable":true,"href":"https:\/\/casacolliregas.cat\/en\/wp-json\/wp\/v2\/users\/2"}],"replies":[{"embeddable":true,"href":"https:\/\/casacolliregas.cat\/en\/wp-json\/wp\/v2\/comments?post=1371"}],"version-history":[{"count":0,"href":"https:\/\/casacolliregas.cat\/en\/wp-json\/wp\/v2\/pages\/1371\/revisions"}],"wp:featuredmedia":[{"embeddable":true,"href":"https:\/\/casacolliregas.cat\/en\/wp-json\/wp\/v2\/media\/12266"}],"wp:attachment":[{"href":"https:\/\/casacolliregas.cat\/en\/wp-json\/wp\/v2\/media?parent=1371"}],"curies":[{"name":"wp","href":"https:\/\/api.w.org\/{rel}","templated":true}]}}